{"id":47037,"date":"2025-10-02T17:45:30","date_gmt":"2025-10-02T15:45:30","guid":{"rendered":"https:\/\/carfleet.dev1.overscan.io\/le-tue-esigenze-le-nostre-soluzioni\/inventario\/"},"modified":"2025-12-04T14:39:51","modified_gmt":"2025-12-04T13:39:51","slug":"inventario","status":"publish","type":"page","link":"https:\/\/carfleet.dev1.overscan.io\/it\/le-tue-esigenze-le-nostre-soluzioni\/inventario\/","title":{"rendered":"Inventario"},"content":{"rendered":"\n<div class=\"wp-block-group alignwide testimonies-pattern has-global-padding is-layout-constrained wp-container-core-group-is-layout-50fb9849 wp-block-group-is-layout-constrained\" style=\"margin-top:var(--wp--preset--spacing--lv-3);padding-top:var(--wp--preset--spacing--lv-4);padding-bottom:0\">\n<div class=\"wp-block-group has-global-padding is-layout-constrained wp-container-core-group-is-layout-5d6c44ee wp-block-group-is-layout-constrained\" style=\"padding-right:var(--wp--preset--spacing--lv-2);padding-left:var(--wp--preset--spacing--lv-2)\">\n<p class=\"has-text-align-center testimonie-text has-secondary-color has-text-color has-link-color wp-elements-c39f7b1cad52cd0fc38a0ab8406a842c\">La nostra flotta \u00e8 distribuita in pi\u00f9 siti. Prima bisognava destreggiarsi tra un&#8217;infinit\u00e0 di e-mail e file diversi. Oggi, <strong>in 2 clic<\/strong>, <strong>so esattamente dove<\/strong> si trovano i <strong>veicoli<\/strong>, in che stato sono e la loro <strong>cronologia di utilizzo<\/strong>.<\/p>\n<\/div>\n\n\n\n<div class=\"wp-block-group testimonie-author is-content-justification-center is-nowrap is-layout-flex wp-container-core-group-is-layout-23441af8 wp-block-group-is-layout-flex\">\n<figure class=\"wp-block-image size-full is-resized\"><img loading=\"lazy\" decoding=\"async\" width=\"422\" height=\"198\" src=\"https:\/\/gac.dev1.overscan.io\/app\/uploads\/sites\/2\/2025\/10\/eloy-logo.png\" alt=\"\" class=\"wp-image-27\" style=\"width:141px\" srcset=\"https:\/\/gac.dev1.overscan.io\/app\/uploads\/sites\/2\/2025\/10\/eloy-logo.png 422w, https:\/\/gac.dev1.overscan.io\/app\/uploads\/sites\/2\/2025\/10\/eloy-logo-300x141.png 300w\" sizes=\"auto, (max-width: 422px) 100vw, 422px\" \/><\/figure>\n\n\n\n<div class=\"wp-block-group is-vertical is-layout-flex wp-container-core-group-is-layout-5f9f5280 wp-block-group-is-layout-flex\">\n<p class=\"has-primary-color has-text-color has-link-color wp-elements-c030098ad847764fa7dcf4bcedd98cce\" style=\"font-size:1.13rem\"><strong>Geoffrey D.<\/strong><\/p>\n\n\n\n<p class=\"has-primary-color has-text-color has-link-color wp-elements-2ceea5c1374ec8c43f6b970de0cb59c1\">Responsabile Acquisti<\/p>\n<\/div>\n<\/div>\n\n\n\n<div class=\"wp-block-buttons is-content-justification-center is-layout-flex wp-container-core-buttons-is-layout-29fdd1d1 wp-block-buttons-is-layout-flex\" style=\"margin-top:var(--wp--preset--spacing--lv-3)\">\n<div class=\"wp-block-button is-style-secondary is-style-secondary--1\"><a class=\"wp-block-button__link wp-element-button\" href=\"https:\/\/carfleet.dev1.overscan.io\/it\/come-eloy-ha-ottimizzato-la-gestione-della-flotta-grazie-a-gac-car-fleet\/\">Leggi il resoconto dell\u2019esperienza<\/a><\/div>\n<\/div>\n<\/div>\n\n\n\n<div class=\"wp-block-group alignfull has-background-background-color has-background has-global-padding is-layout-constrained wp-block-group-is-layout-constrained\" style=\"margin-top:var(--wp--preset--spacing--lv-2);margin-bottom:0;padding-top:var(--wp--preset--spacing--lv-3);padding-bottom:var(--wp--preset--spacing--lv-3)\">\n<div class=\"wp-block-columns is-layout-flex wp-container-core-columns-is-layout-9d731962 wp-block-columns-is-layout-flex\" style=\"padding-top:var(--wp--preset--spacing--lv-1)\">\n<div class=\"wp-block-column is-vertically-aligned-top center-content-into-column is-layout-flow wp-container-core-column-is-layout-47e5a185 wp-block-column-is-layout-flow\">\n<h3 class=\"wp-block-heading\" style=\"margin-bottom:9px\">Problematica  <\/h3>\n\n\n\n<p class=\"has-text-align-left\">Necessit\u00e0 di una panoramica affidabile e aggiornata della flotta: stato dei veicoli, assegnazioni, chilometraggio, ecc. Con l&#8217;evoluzione della flotta, aumenta il rischio di errori.  <\/p>\n<\/div>\n\n\n\n<div class=\"wp-block-column is-vertically-aligned-top center-content-into-column is-layout-flow wp-container-core-column-is-layout-47e5a185 wp-block-column-is-layout-flow\">\n<h3 class=\"wp-block-heading\" style=\"margin-bottom:9px\">Soluzione<\/h3>\n\n\n\n<p class=\"has-text-align-left\">Un sistema di inventario intelligente che centralizza tutte le informazioni sulla flotta in tempo reale, con filtri, cronologia e avvisi.  <\/p>\n<\/div>\n\n\n\n<div class=\"wp-block-column is-vertically-aligned-top center-content-into-column is-layout-flow wp-container-core-column-is-layout-47e5a185 wp-block-column-is-layout-flow\">\n<h3 class=\"wp-block-heading\" style=\"margin-bottom:9px\">Vantaggi<\/h3>\n\n\n\n<ul class=\"wp-block-list is-style-classic\">\n<li>Panoramica chiara e immediata della flotta  <\/li>\n\n\n\n<li>Assegnazioni ottimizzate, nessun doppione  <\/li>\n\n\n\n<li>Miglioramento della reattivit\u00e0 operativa  <\/li>\n<\/ul>\n<\/div>\n<\/div>\n\n\n\n<div class=\"wp-block-buttons is-content-justification-center is-layout-flex wp-container-core-buttons-is-layout-a89b3969 wp-block-buttons-is-layout-flex\">\n<div class=\"wp-block-button is-style-secondary is-style-secondary--2\"><a class=\"wp-block-button__link wp-element-button\" href=\"https:\/\/carfleet.dev1.overscan.io\/it\/gac-car-fleet\/\">Scopri il software GAC Car Fleet<\/a><\/div>\n<\/div>\n<\/div>\n\n\n\n<div class=\"wp-block-columns alignfull text-img-block inverse-column is-layout-flex wp-container-core-columns-is-layout-0fe83b75 wp-block-columns-is-layout-flex\" style=\"margin-top:0px;margin-bottom:0px;padding-top:0px;padding-right:0;padding-bottom:0px;padding-left:0\">\n<div class=\"wp-block-column is-vertically-aligned-center text-column is-layout-flow wp-block-column-is-layout-flow\" style=\"padding-top:0;padding-right:0;padding-bottom:0;padding-left:0\">\n<div class=\"wp-block-group has-global-padding is-layout-constrained wp-container-core-group-is-layout-d8f43e5b wp-block-group-is-layout-constrained\" style=\"padding-top:var(--wp--preset--spacing--lv-2);padding-right:var(--wp--preset--spacing--lv-2);padding-bottom:var(--wp--preset--spacing--lv-2);padding-left:var(--wp--preset--spacing--lv-3)\">\n<h2 class=\"wp-block-heading\">Alcune funzionalit\u00e0 chiave per gestire il parco auto  <\/h2>\n\n\n\n<ul class=\"wp-block-list is-style-classic\">\n<li>Schede veicolo migliorate: stato, tipo di contratto, date chiave, targa, cronologia assegnazione, ecc.  <\/li>\n\n\n\n<li>Sincronizzazione automatica del chilometraggio (attraverso l&#8217;Hub GAC e l&#8217;app MyCarFleet)  <\/li>\n\n\n\n<li>Filtri avanzati: segmento, ditta, tipo di utilizzo, disponibilit\u00e0, veicoli a fine contratto  <\/li>\n\n\n\n<li>Avvisi personalizzabili: manutenzioni future, fine contratto, superamento del chilometraggio.  <\/li>\n\n\n\n<li>Cronologia di tutti i trasferimenti di veicoli tra siti, ditte o dipendenti  <\/li>\n\n\n\n<li>Visualizzazione stato flotta (attivo, da rinnovare, fuori servizio, ecc.).  <\/li>\n<\/ul>\n\n\n\n<div class=\"wp-block-buttons is-layout-flex wp-block-buttons-is-layout-flex\">\n<div class=\"wp-block-button is-style-secondary is-style-secondary--3\"><a class=\"wp-block-button__link wp-element-button\" href=\"https:\/\/carfleet.dev1.overscan.io\/it\/gac-car-fleet\/\">Scopri il software GAC Car Fleet  <\/a><\/div>\n<\/div>\n<\/div>\n<\/div>\n\n\n\n<div class=\"wp-block-column is-vertically-aligned-stretch is-layout-flow wp-block-column-is-layout-flow\">\n<figure class=\"wp-block-image size-full aspect-ratio-square full-parent-height\"><img loading=\"lazy\" decoding=\"async\" width=\"2560\" height=\"2560\" src=\"https:\/\/gac.dev1.overscan.io\/app\/uploads\/sites\/2\/2025\/12\/inventaire-2-EN-ok-6-scaled.png\" alt=\"\" class=\"wp-image-49135\" srcset=\"https:\/\/gac.dev1.overscan.io\/app\/uploads\/sites\/2\/2025\/12\/inventaire-2-EN-ok-6-scaled.png 2560w, https:\/\/gac.dev1.overscan.io\/app\/uploads\/sites\/2\/2025\/12\/inventaire-2-EN-ok-6-300x300.png 300w, https:\/\/gac.dev1.overscan.io\/app\/uploads\/sites\/2\/2025\/12\/inventaire-2-EN-ok-6-1024x1024.png 1024w, https:\/\/gac.dev1.overscan.io\/app\/uploads\/sites\/2\/2025\/12\/inventaire-2-EN-ok-6-150x150.png 150w, https:\/\/gac.dev1.overscan.io\/app\/uploads\/sites\/2\/2025\/12\/inventaire-2-EN-ok-6-768x768.png 768w, https:\/\/gac.dev1.overscan.io\/app\/uploads\/sites\/2\/2025\/12\/inventaire-2-EN-ok-6-1536x1536.png 1536w, https:\/\/gac.dev1.overscan.io\/app\/uploads\/sites\/2\/2025\/12\/inventaire-2-EN-ok-6-2048x2048.png 2048w\" sizes=\"auto, (max-width: 2560px) 100vw, 2560px\" \/><\/figure>\n<\/div>\n<\/div>\n\n\n\n<div class=\"wp-block-columns alignfull is-layout-flex wp-container-core-columns-is-layout-3e698212 wp-block-columns-is-layout-flex\" style=\"margin-top:var(--wp--preset--spacing--lv-4);padding-right:0;padding-left:0\">\n<div class=\"wp-block-column hide-on-mobile is-layout-flow wp-block-column-is-layout-flow\" style=\"flex-basis:35%\">\n<figure class=\"wp-block-image alignleft size-full\"><img decoding=\"async\" src=\"https:\/\/gac.dev1.overscan.io\/app\/uploads\/sites\/2\/2025\/10\/Ellipse-6.svg\" alt=\"\" class=\"wp-image-168\" \/><\/figure>\n<\/div>\n\n\n\n<div class=\"wp-block-column is-vertically-aligned-center column-full-width-tablet is-layout-flow wp-container-core-column-is-layout-c6626a78 wp-block-column-is-layout-flow\" style=\"flex-basis:35%\">\n<div class=\"wp-block-group has-global-padding is-layout-constrained wp-container-core-group-is-layout-21a09440 wp-block-group-is-layout-constrained\" style=\"padding-right:25px;padding-left:25px\">\n<h2 class=\"wp-block-heading has-secondary-color has-text-color has-link-color wp-elements-17301843ed902476aa3827ba02d56245\">Vantaggi concreti per la tua flotta di veicoli  <\/h2>\n\n\n\n<ul class=\"wp-block-list is-style-classic\">\n<li>Una visione centralizzata della flotta, accessibile in qualsiasi momento  <\/li>\n\n\n\n<li>Niente pi\u00f9 assegnazioni errate o veicoli dimenticati  <\/li>\n\n\n\n<li>Migliore reattivit\u00e0 per la sostituzione o la messa a disposizione dei veicoli  <\/li>\n\n\n\n<li>Minore dipendenza dai file Excel, maggiore affidabilit\u00e0 operativa  <\/li>\n<\/ul>\n\n\n\n<div class=\"wp-block-buttons is-content-justification-center is-layout-flex wp-container-core-buttons-is-layout-baaa27e7 wp-block-buttons-is-layout-flex\" style=\"margin-top:var(--wp--preset--spacing--lv-2)\">\n<div class=\"wp-block-button is-style-secondary is-style-secondary--4\"><a class=\"wp-block-button__link wp-element-button\" href=\"https:\/\/carfleet.dev1.overscan.io\/it\/gac-car-fleet\/\">Scopri il software GAC Car Fleet<\/a><\/div>\n<\/div>\n<\/div>\n<\/div>\n\n\n\n<div class=\"wp-block-column hide-on-mobile is-layout-flow wp-block-column-is-layout-flow\" style=\"flex-basis:20%\"><\/div>\n<\/div>\n\n\n\n<div class=\"wp-block-columns are-vertically-aligned-center is-layout-flex wp-container-core-columns-is-layout-fb105ba7 wp-block-columns-is-layout-flex\" style=\"margin-top:var(--wp--preset--spacing--lv-3);margin-bottom:0\">\n<div class=\"wp-block-column is-vertically-aligned-center is-layout-flow wp-block-column-is-layout-flow\" style=\"flex-basis:50%\">\n<h2 class=\"wp-block-heading\">In pi\u00f9, con MyCarFleet:  <\/h2>\n\n\n\n<p>I conducenti possono segnalare una variazione del chilometraggio direttamente tramite smartphone. I dati vengono inseriti automaticamente nell&#8217;inventario.  <\/p>\n\n\n\n<div class=\"wp-block-buttons is-layout-flex wp-block-buttons-is-layout-flex\">\n<div class=\"wp-block-button is-style-secondary is-style-secondary--5\"><a class=\"wp-block-button__link wp-element-button\" href=\"https:\/\/carfleet.dev1.overscan.io\/it\/megamenu\/le-nostre-soluzioni-flotta\/mycarfleet\/\">Scopri MyCarFleet<\/a><\/div>\n<\/div>\n<\/div>\n\n\n\n<div class=\"wp-block-column is-vertically-aligned-center is-layout-flow wp-block-column-is-layout-flow\" style=\"flex-basis:50%\">\n<figure class=\"wp-block-image size-full has-custom-border\"><img loading=\"lazy\" decoding=\"async\" width=\"867\" height=\"374\" src=\"https:\/\/gac.dev1.overscan.io\/app\/uploads\/sites\/2\/2025\/10\/mycarfleet-phone-e1761751058635.jpg\" alt=\"\" class=\"wp-image-133\" style=\"border-radius:24px;aspect-ratio:11\/5;object-fit:cover\" srcset=\"https:\/\/gac.dev1.overscan.io\/app\/uploads\/sites\/2\/2025\/10\/mycarfleet-phone-e1761751058635.jpg 867w, https:\/\/gac.dev1.overscan.io\/app\/uploads\/sites\/2\/2025\/10\/mycarfleet-phone-e1761751058635-300x129.jpg 300w, https:\/\/gac.dev1.overscan.io\/app\/uploads\/sites\/2\/2025\/10\/mycarfleet-phone-e1761751058635-768x331.jpg 768w\" sizes=\"auto, (max-width: 867px) 100vw, 867px\" \/><\/figure>\n<\/div>\n<\/div>\n\n\n\n<div class=\"wp-block-group engagment-slider engagment-slider--alt has-global-padding is-layout-constrained wp-container-core-group-is-layout-538b7711 wp-block-group-is-layout-constrained\" style=\"margin-top:var(--wp--preset--spacing--lv-2);margin-bottom:0;padding-top:var(--wp--preset--spacing--lv-4);padding-right:0;padding-bottom:var(--wp--preset--spacing--lv-4);padding-left:0\">\n<div class=\"wp-block-columns are-vertically-aligned-center engagment-slider-col has-yellow-light-background-color has-background is-layout-flex wp-container-core-columns-is-layout-265f4220 wp-block-columns-is-layout-flex\" style=\"border-radius:24px;padding-top:35px;padding-right:35px;padding-bottom:35px;padding-left:35px\">\n<div class=\"wp-block-column is-vertically-aligned-center is-layout-flow wp-block-column-is-layout-flow\" style=\"flex-basis:72.4%\">\n<h3 class=\"wp-block-heading has-secondary-color has-text-color has-link-color wp-elements-b570757faf051d0973731211ae3de2a3\">GAC Car Fleet &#8211; software di gestione per flotta veicoli  <\/h3>\n\n\n\n<p>Gestisci il parco auto in modo efficiente, dall&#8217;ordine alla restituzione.  <\/p>\n<\/div>\n\n\n\n<div class=\"wp-block-column is-vertically-aligned-center is-layout-flow wp-block-column-is-layout-flow\">\n<figure class=\"wp-block-image size-full is-resized round-image\"><img loading=\"lazy\" decoding=\"async\" width=\"1920\" height=\"1280\" src=\"https:\/\/gac.dev1.overscan.io\/app\/uploads\/sites\/2\/2025\/10\/gac-rse-service.jpg\" alt=\"\" class=\"wp-image-248\" style=\"aspect-ratio:1;object-fit:cover;width:321px\" srcset=\"https:\/\/gac.dev1.overscan.io\/app\/uploads\/sites\/2\/2025\/10\/gac-rse-service.jpg 1920w, https:\/\/gac.dev1.overscan.io\/app\/uploads\/sites\/2\/2025\/10\/gac-rse-service-300x200.jpg 300w, https:\/\/gac.dev1.overscan.io\/app\/uploads\/sites\/2\/2025\/10\/gac-rse-service-1024x683.jpg 1024w, https:\/\/gac.dev1.overscan.io\/app\/uploads\/sites\/2\/2025\/10\/gac-rse-service-768x512.jpg 768w, https:\/\/gac.dev1.overscan.io\/app\/uploads\/sites\/2\/2025\/10\/gac-rse-service-1536x1024.jpg 1536w\" sizes=\"auto, (max-width: 1920px) 100vw, 1920px\" \/><\/figure>\n<\/div>\n<\/div>\n\n\n\n<div class=\"wp-block-buttons is-layout-flex wp-block-buttons-is-layout-flex\">\n<div class=\"wp-block-button is-style-yellow-fleet is-style-yellow-fleet--6\"><a class=\"wp-block-button__link wp-element-button\" href=\"https:\/\/carfleet.dev1.overscan.io\/it\/richiedi-una-demo\/\">Richiedi una demo  <\/a><\/div>\n<\/div>\n<\/div>\n","protected":false},"excerpt":{"rendered":"<p>La nostra flotta \u00e8 distribuita in pi\u00f9 siti. Prima bisognava destreggiarsi tra un&#8217;infinit\u00e0 di e-mail e file diversi. Oggi, in 2 clic, so esattamente dove si trovano i veicoli, in che stato sono e la loro cronologia di utilizzo. Geoffrey D. Responsabile Acquisti Problematica Necessit\u00e0 di una panoramica affidabile e aggiornata della flotta: stato dei [&hellip;]<\/p>\n","protected":false},"author":1,"featured_media":48468,"parent":46672,"menu_order":0,"comment_status":"closed","ping_status":"closed","template":"","meta":{"ovs_hero_subtitle":"Controlla la flotta in tempo reale","ovs_hero_text_content":"Il mercato delle flotte di veicoli \u00e8 in continua evoluzione, per questo avere una visione chiara del proprio parco auto \u00e8 essenziale. Le funzionalit\u00e0 di inventario del software di gestione per flotta veicoli GAC Car Fleet consentono di centralizzare tutte le informazioni chiave in una tabella interattiva, aggiornata in tempo reale.  ","ovs_hero_button_text":"Scarica l'opuscolo","ovs_hero_button_url":"https:\/\/carfleet.dev1.overscan.io\/telecharger-la-brochure\/","ovs_hero_button_two_text":"","ovs_hero_button_two_url":"","ovs_hero_is_elispe":"no","footnotes":""},"class_list":["post-47037","page","type-page","status-publish","has-post-thumbnail","hentry"],"yoast_head":"<!-- This site is optimized with the Yoast SEO plugin v27.1.1 - https:\/\/yoast.com\/product\/yoast-seo-wordpress\/ -->\n<title>Inventario dei veicoli con GAC Car Fleet<\/title>\n<meta name=\"description\" content=\"Controlla il parco auto in tempo reale con GAC Car Fleet. Centralizza i dati dei veicoli, monitora lo stato e il chilometraggio e migliora la reattivit\u00e0.\" \/>\n<meta name=\"robots\" content=\"noindex, follow, max-snippet:-1, max-image-preview:large, max-video-preview:-1\" \/>\n<meta property=\"og:locale\" content=\"it_IT\" \/>\n<meta property=\"og:type\" content=\"article\" \/>\n<meta property=\"og:title\" content=\"Inventario dei veicoli con GAC Car Fleet\" \/>\n<meta property=\"og:description\" content=\"Controlla il parco auto in tempo reale con GAC Car Fleet. Centralizza i dati dei veicoli, monitora lo stato e il chilometraggio e migliora la reattivit\u00e0.\" \/>\n<meta property=\"og:url\" content=\"https:\/\/carfleet.dev1.overscan.io\/it\/le-tue-esigenze-le-nostre-soluzioni\/inventario\/\" \/>\n<meta property=\"og:site_name\" content=\"GAC Car Fleet\" \/>\n<meta property=\"article:modified_time\" content=\"2025-12-04T13:39:51+00:00\" \/>\n<meta property=\"og:image\" content=\"https:\/\/gac.dev1.overscan.io\/app\/uploads\/sites\/2\/2025\/12\/inventaire-1-EN-ok-1.png\" \/>\n\t<meta property=\"og:image:width\" content=\"800\" \/>\n\t<meta property=\"og:image:height\" content=\"600\" \/>\n\t<meta property=\"og:image:type\" content=\"image\/png\" \/>\n<meta name=\"twitter:card\" content=\"summary_large_image\" \/>\n<meta name=\"twitter:label1\" content=\"Est. reading time\" \/>\n\t<meta name=\"twitter:data1\" content=\"3 minutes\" \/>\n<script type=\"application\/ld+json\" class=\"yoast-schema-graph\">{\"@context\":\"https:\/\/schema.org\",\"@graph\":[{\"@type\":\"WebPage\",\"@id\":\"https:\/\/carfleet.dev1.overscan.io\/it\/le-tue-esigenze-le-nostre-soluzioni\/inventario\/\",\"url\":\"https:\/\/carfleet.dev1.overscan.io\/it\/le-tue-esigenze-le-nostre-soluzioni\/inventario\/\",\"name\":\"Inventario dei veicoli con GAC Car Fleet\",\"isPartOf\":{\"@id\":\"https:\/\/carfleet.dev1.overscan.io\/it\/#website\"},\"primaryImageOfPage\":{\"@id\":\"https:\/\/carfleet.dev1.overscan.io\/it\/le-tue-esigenze-le-nostre-soluzioni\/inventario\/#primaryimage\"},\"image\":{\"@id\":\"https:\/\/carfleet.dev1.overscan.io\/it\/le-tue-esigenze-le-nostre-soluzioni\/inventario\/#primaryimage\"},\"thumbnailUrl\":\"https:\/\/gac.dev1.overscan.io\/app\/uploads\/sites\/2\/2025\/12\/inventaire-1-EN-ok-1.png\",\"datePublished\":\"2025-10-02T15:45:30+00:00\",\"dateModified\":\"2025-12-04T13:39:51+00:00\",\"description\":\"Controlla il parco auto in tempo reale con GAC Car Fleet. Centralizza i dati dei veicoli, monitora lo stato e il chilometraggio e migliora la reattivit\u00e0.\",\"breadcrumb\":{\"@id\":\"https:\/\/carfleet.dev1.overscan.io\/it\/le-tue-esigenze-le-nostre-soluzioni\/inventario\/#breadcrumb\"},\"inLanguage\":\"it-IT\",\"potentialAction\":[{\"@type\":\"ReadAction\",\"target\":[\"https:\/\/carfleet.dev1.overscan.io\/it\/le-tue-esigenze-le-nostre-soluzioni\/inventario\/\"]}]},{\"@type\":\"ImageObject\",\"inLanguage\":\"it-IT\",\"@id\":\"https:\/\/carfleet.dev1.overscan.io\/it\/le-tue-esigenze-le-nostre-soluzioni\/inventario\/#primaryimage\",\"url\":\"https:\/\/gac.dev1.overscan.io\/app\/uploads\/sites\/2\/2025\/12\/inventaire-1-EN-ok-1.png\",\"contentUrl\":\"https:\/\/gac.dev1.overscan.io\/app\/uploads\/sites\/2\/2025\/12\/inventaire-1-EN-ok-1.png\",\"width\":800,\"height\":600},{\"@type\":\"BreadcrumbList\",\"@id\":\"https:\/\/carfleet.dev1.overscan.io\/it\/le-tue-esigenze-le-nostre-soluzioni\/inventario\/#breadcrumb\",\"itemListElement\":[{\"@type\":\"ListItem\",\"position\":1,\"name\":\"Accueil\",\"item\":\"https:\/\/carfleet.dev1.overscan.io\/it\/\"},{\"@type\":\"ListItem\",\"position\":2,\"name\":\"Le tue esigenze, le nostre soluzioni\",\"item\":\"https:\/\/carfleet.dev1.overscan.io\/it\/le-tue-esigenze-le-nostre-soluzioni\/\"},{\"@type\":\"ListItem\",\"position\":3,\"name\":\"Inventario\"}]},{\"@type\":\"WebSite\",\"@id\":\"https:\/\/carfleet.dev1.overscan.io\/it\/#website\",\"url\":\"https:\/\/carfleet.dev1.overscan.io\/it\/\",\"name\":\"GAC Car Fleet\",\"description\":\"Logiciels de gestion de flotte automobile\",\"publisher\":{\"@id\":\"https:\/\/carfleet.dev1.overscan.io\/it\/#organization\"},\"potentialAction\":[{\"@type\":\"SearchAction\",\"target\":{\"@type\":\"EntryPoint\",\"urlTemplate\":\"https:\/\/carfleet.dev1.overscan.io\/it\/?s={search_term_string}\"},\"query-input\":{\"@type\":\"PropertyValueSpecification\",\"valueRequired\":true,\"valueName\":\"search_term_string\"}}],\"inLanguage\":\"it-IT\"},{\"@type\":\"Organization\",\"@id\":\"https:\/\/carfleet.dev1.overscan.io\/it\/#organization\",\"name\":\"GAC Car Fleet\",\"url\":\"https:\/\/carfleet.dev1.overscan.io\/it\/\",\"logo\":{\"@type\":\"ImageObject\",\"inLanguage\":\"it-IT\",\"@id\":\"https:\/\/carfleet.dev1.overscan.io\/it\/#\/schema\/logo\/image\/\",\"url\":\"https:\/\/gac.dev1.overscan.io\/app\/uploads\/sites\/2\/2025\/12\/carfleet-logo.svg\",\"contentUrl\":\"https:\/\/gac.dev1.overscan.io\/app\/uploads\/sites\/2\/2025\/12\/carfleet-logo.svg\",\"caption\":\"GAC Car Fleet\"},\"image\":{\"@id\":\"https:\/\/carfleet.dev1.overscan.io\/it\/#\/schema\/logo\/image\/\"}}]}<\/script>\n<!-- \/ Yoast SEO plugin. -->","yoast_head_json":{"title":"Inventario dei veicoli con GAC Car Fleet","description":"Controlla il parco auto in tempo reale con GAC Car Fleet. Centralizza i dati dei veicoli, monitora lo stato e il chilometraggio e migliora la reattivit\u00e0.","robots":{"index":"noindex","follow":"follow","max-snippet":"max-snippet:-1","max-image-preview":"max-image-preview:large","max-video-preview":"max-video-preview:-1"},"og_locale":"it_IT","og_type":"article","og_title":"Inventario dei veicoli con GAC Car Fleet","og_description":"Controlla il parco auto in tempo reale con GAC Car Fleet. Centralizza i dati dei veicoli, monitora lo stato e il chilometraggio e migliora la reattivit\u00e0.","og_url":"https:\/\/carfleet.dev1.overscan.io\/it\/le-tue-esigenze-le-nostre-soluzioni\/inventario\/","og_site_name":"GAC Car Fleet","article_modified_time":"2025-12-04T13:39:51+00:00","og_image":[{"width":800,"height":600,"url":"https:\/\/gac.dev1.overscan.io\/app\/uploads\/sites\/2\/2025\/12\/inventaire-1-EN-ok-1.png","type":"image\/png"}],"twitter_card":"summary_large_image","twitter_misc":{"Est. reading time":"3 minutes"},"schema":{"@context":"https:\/\/schema.org","@graph":[{"@type":"WebPage","@id":"https:\/\/carfleet.dev1.overscan.io\/it\/le-tue-esigenze-le-nostre-soluzioni\/inventario\/","url":"https:\/\/carfleet.dev1.overscan.io\/it\/le-tue-esigenze-le-nostre-soluzioni\/inventario\/","name":"Inventario dei veicoli con GAC Car Fleet","isPartOf":{"@id":"https:\/\/carfleet.dev1.overscan.io\/it\/#website"},"primaryImageOfPage":{"@id":"https:\/\/carfleet.dev1.overscan.io\/it\/le-tue-esigenze-le-nostre-soluzioni\/inventario\/#primaryimage"},"image":{"@id":"https:\/\/carfleet.dev1.overscan.io\/it\/le-tue-esigenze-le-nostre-soluzioni\/inventario\/#primaryimage"},"thumbnailUrl":"https:\/\/gac.dev1.overscan.io\/app\/uploads\/sites\/2\/2025\/12\/inventaire-1-EN-ok-1.png","datePublished":"2025-10-02T15:45:30+00:00","dateModified":"2025-12-04T13:39:51+00:00","description":"Controlla il parco auto in tempo reale con GAC Car Fleet. Centralizza i dati dei veicoli, monitora lo stato e il chilometraggio e migliora la reattivit\u00e0.","breadcrumb":{"@id":"https:\/\/carfleet.dev1.overscan.io\/it\/le-tue-esigenze-le-nostre-soluzioni\/inventario\/#breadcrumb"},"inLanguage":"it-IT","potentialAction":[{"@type":"ReadAction","target":["https:\/\/carfleet.dev1.overscan.io\/it\/le-tue-esigenze-le-nostre-soluzioni\/inventario\/"]}]},{"@type":"ImageObject","inLanguage":"it-IT","@id":"https:\/\/carfleet.dev1.overscan.io\/it\/le-tue-esigenze-le-nostre-soluzioni\/inventario\/#primaryimage","url":"https:\/\/gac.dev1.overscan.io\/app\/uploads\/sites\/2\/2025\/12\/inventaire-1-EN-ok-1.png","contentUrl":"https:\/\/gac.dev1.overscan.io\/app\/uploads\/sites\/2\/2025\/12\/inventaire-1-EN-ok-1.png","width":800,"height":600},{"@type":"BreadcrumbList","@id":"https:\/\/carfleet.dev1.overscan.io\/it\/le-tue-esigenze-le-nostre-soluzioni\/inventario\/#breadcrumb","itemListElement":[{"@type":"ListItem","position":1,"name":"Accueil","item":"https:\/\/carfleet.dev1.overscan.io\/it\/"},{"@type":"ListItem","position":2,"name":"Le tue esigenze, le nostre soluzioni","item":"https:\/\/carfleet.dev1.overscan.io\/it\/le-tue-esigenze-le-nostre-soluzioni\/"},{"@type":"ListItem","position":3,"name":"Inventario"}]},{"@type":"WebSite","@id":"https:\/\/carfleet.dev1.overscan.io\/it\/#website","url":"https:\/\/carfleet.dev1.overscan.io\/it\/","name":"GAC Car Fleet","description":"Logiciels de gestion de flotte automobile","publisher":{"@id":"https:\/\/carfleet.dev1.overscan.io\/it\/#organization"},"potentialAction":[{"@type":"SearchAction","target":{"@type":"EntryPoint","urlTemplate":"https:\/\/carfleet.dev1.overscan.io\/it\/?s={search_term_string}"},"query-input":{"@type":"PropertyValueSpecification","valueRequired":true,"valueName":"search_term_string"}}],"inLanguage":"it-IT"},{"@type":"Organization","@id":"https:\/\/carfleet.dev1.overscan.io\/it\/#organization","name":"GAC Car Fleet","url":"https:\/\/carfleet.dev1.overscan.io\/it\/","logo":{"@type":"ImageObject","inLanguage":"it-IT","@id":"https:\/\/carfleet.dev1.overscan.io\/it\/#\/schema\/logo\/image\/","url":"https:\/\/gac.dev1.overscan.io\/app\/uploads\/sites\/2\/2025\/12\/carfleet-logo.svg","contentUrl":"https:\/\/gac.dev1.overscan.io\/app\/uploads\/sites\/2\/2025\/12\/carfleet-logo.svg","caption":"GAC Car Fleet"},"image":{"@id":"https:\/\/carfleet.dev1.overscan.io\/it\/#\/schema\/logo\/image\/"}}]}},"jetpack_sharing_enabled":true,"_links":{"self":[{"href":"https:\/\/carfleet.dev1.overscan.io\/it\/wp-json\/wp\/v2\/pages\/47037","targetHints":{"allow":["GET"]}}],"collection":[{"href":"https:\/\/carfleet.dev1.overscan.io\/it\/wp-json\/wp\/v2\/pages"}],"about":[{"href":"https:\/\/carfleet.dev1.overscan.io\/it\/wp-json\/wp\/v2\/types\/page"}],"author":[{"embeddable":true,"href":"https:\/\/carfleet.dev1.overscan.io\/it\/wp-json\/wp\/v2\/users\/1"}],"replies":[{"embeddable":true,"href":"https:\/\/carfleet.dev1.overscan.io\/it\/wp-json\/wp\/v2\/comments?post=47037"}],"version-history":[{"count":9,"href":"https:\/\/carfleet.dev1.overscan.io\/it\/wp-json\/wp\/v2\/pages\/47037\/revisions"}],"predecessor-version":[{"id":49137,"href":"https:\/\/carfleet.dev1.overscan.io\/it\/wp-json\/wp\/v2\/pages\/47037\/revisions\/49137"}],"up":[{"embeddable":true,"href":"https:\/\/carfleet.dev1.overscan.io\/it\/wp-json\/wp\/v2\/pages\/46672"}],"wp:featuredmedia":[{"embeddable":true,"href":"https:\/\/carfleet.dev1.overscan.io\/it\/wp-json\/wp\/v2\/media\/48468"}],"wp:attachment":[{"href":"https:\/\/carfleet.dev1.overscan.io\/it\/wp-json\/wp\/v2\/media?parent=47037"}],"curies":[{"name":"wp","href":"https:\/\/api.w.org\/{rel}","templated":true}]}}