{"id":46700,"date":"2025-10-27T11:50:26","date_gmt":"2025-10-27T10:50:26","guid":{"rendered":"https:\/\/carfleet.dev1.overscan.io\/informativa-sulla-privacy\/"},"modified":"2025-12-02T17:45:02","modified_gmt":"2025-12-02T16:45:02","slug":"informativa-sulla-privacy","status":"publish","type":"page","link":"https:\/\/carfleet.dev1.overscan.io\/it\/informativa-sulla-privacy\/","title":{"rendered":"Informativa sulla privacy"},"content":{"rendered":"\n<p><\/p>\n\n\n\n<p><\/p>\n\n\n\n<p><br>Il Sito <a href=\"http:\/\/www.gac-technology.com\/\">www.gac-<\/a><a href=\"http:\/\/carfleet.dev1.overscan.io\/it\/\">carfleet<\/a><a href=\"https:\/\/www.gac-technology.com\/\">.com<\/a> (di seguito &#8220;il <strong>Sito<\/strong>&#8220;) \u00e8 stato sviluppato dalla societ\u00e0 per azioni semplificata GAC TECHNOLOGY (di seguito &#8220;<strong>GAC TECHNOLOGY<\/strong>&#8220;), editrice di software gestionali destinati a professionisti (di seguito &#8220;l&#8217;<strong>Utente<\/strong>&#8220;).<\/p>\n\n\n\n<p>All&#8217;Utente pu\u00f2 essere richiesto di fornire dati personali (di seguito &#8220;i Dati&#8221;) compilando i campi indicati sul Sito al momento della richiesta di contatto, dell&#8217;iscrizione a servizi di dimostrazione personalizzata o di web-conference.<\/p>\n\n\n\n<p>&#8220;Utente&#8221;, &#8220;Visitatore&#8221;, &#8220;Utenti&#8221;, &#8220;suo&#8221;, &#8220;loro&#8221; e &#8220;li&#8221; indicano qualsiasi persona fisica che acceda al Sito e utilizzi il Servizio disciplinato dalla presente Informativa sulla privacy.<\/p>\n\n\n\n<p><strong>GAC TECHNOLOGY<\/strong> attribuisce la massima importanza alla riservatezza delle informazioni e dei dati personali degli Utenti.<\/p>\n\n\n\n<p>Per questo motivo, la presente Informativa sulla privacy \u00e8 stata redatta nel rispetto delle leggi, dei regolamenti e delle normative vigenti e intende fornire informazioni chiare, semplici ed esaurienti a tutti gli interessati, in particolare agli Utenti, sulle modalit\u00e0 con le quali  <strong>GAC TECHNOLOGY,<\/strong>  in qualit\u00e0 di titolare del trattamento, raccoglie e utilizza i dati che li riguardano e sui mezzi a loro disposizione per controllare tale utilizzo ed esercitare i loro diritti in merito. L&#8217;informativa spiega quali dati personali vengono trattati dal Sito, come vengono trattati, da chi e per quali finalit\u00e0.<\/p>\n\n\n\n<p>La presente Informativa sulla privacy si applica pertanto a tutte le persone che accedono al Sito. I contenuti e i dati dei Servizi sono disponibili anche per chi semplicemente naviga su Internet (&#8220;<strong>Visitatori<\/strong>&#8220;).<\/p>\n\n\n\n<p>Per utilizzare i Servizi, l&#8217;Utente deve avere almeno 16 anni; in caso contrario, non \u00e8 autorizzato a utilizzarli.<\/p>\n\n\n\n<p>Il Sito \u00e8 ospitato esclusivamente nei datacenter della societ\u00e0 OVH situati in Francia.<\/p>\n\n\n\n<p>Il titolare del trattamento dei dati personali degli utenti \u00e8 la societ\u00e0 GAC TECHNOLOGY, iscritta al Registro del commercio e delle imprese di Lione con il numero 500 168 208.<\/p>\n\n\n\n<h2 class=\"wp-block-heading\">1. Quali dati personali vengono raccolti?<\/h2>\n\n\n\n<p>I dati personali raccolti attraverso il Sito sono i seguenti:<\/p>\n\n\n\n<ul class=\"wp-block-list\">\n<li><strong>Dati identificativi<\/strong>: quando l&#8217;Utente richiede di essere contattato, GAC TECHNOLOGY raccoglie il cognome, il nome, l&#8217;indirizzo e-mail e il numero di telefono dell&#8217;Utente, nonch\u00e9 il nome dell&#8217;azienda dell&#8217;Utente.<\/li>\n\n\n\n<li><strong>Dati di navigazione:<\/strong> informazioni relative ai dispositivi utilizzati dall&#8217;Utente per accedere al Sito, indirizzo IP, dati di connessione, tipi di browser, contenuti consultati.<\/li>\n\n\n\n<li><strong>Cookie<\/strong>: dati di identificazione elettronica. Dei cookie sono installati nell&#8217;ambito dell&#8217;utilizzo del Sito. L&#8217;Utente pu\u00f2 scegliere se consentire o meno i cookie durante la navigazione sul Sito. Se blocca o rifiuta i cookie strettamente necessari per il funzionamento del Sito, alcune funzionalit\u00e0 dello stesso potrebbero non essere accessibili.<\/li>\n<\/ul>\n\n\n\n<h2 class=\"wp-block-heading\">2. Utilizzo dei dati personali: perch\u00e9 vengono raccolti?<\/h2>\n\n\n\n<p>I dati personali raccolti permettono agli Utenti di essere messi in contatto con GAC TECHNOLOGY e di migliorare e mantenere un ambiente sicuro per il Sito.<\/p>\n\n\n\n<p>In particolare, le finalit\u00e0 di trattamento sono le seguenti:<\/p>\n\n\n\n<ul class=\"wp-block-list\">\n<li>Accesso e utilizzo del Sito da parte dell&#8217;Utente: abbiamo bisogno dei dati dell&#8217;Utente per gestire la sua richiesta di contatto e garantire un&#8217;assistenza personalizzata,<\/li>\n\n\n\n<li>Gestione del funzionamento e ottimizzazione del Sito: i Dati degli Utenti vengono utilizzati per finalit\u00e0 analitiche; conserviamo e valutiamo le informazioni relative alle ultime visite al Sito e alle modalit\u00e0 di navigazione per capire come i Visitatori utilizzano il Sito, per renderlo pi\u00f9 intuitivo e ottimizzarne il funzionamento,<\/li>\n\n\n\n<li>Verifica, identificazione e autenticazione dei dati trasmessi dall&#8217;Utente,<\/li>\n\n\n\n<li>Personalizzazione del Servizio attraverso la visualizzazione di promozioni basate sulla cronologia di navigazione dell&#8217;Utente, secondo le sue preferenze: conserviamo una cronologia degli elementi del Sito su cui l&#8217;Utente ha cliccato e utilizziamo queste informazioni per personalizzare la visualizzazione del Sito in base ai suoi interessi,<\/li>\n\n\n\n<li>Prevenzione e rilevamento di truffe, malware (malicious software o software dannosi) e gestione degli incidenti di sicurezza,<\/li>\n\n\n\n<li>Gestione di eventuali controversie tra le Parti,<\/li>\n\n\n\n<li>Invio di informazioni commerciali e pubblicitarie quando l&#8217;Utente le ha accettate e,<\/li>\n\n\n\n<li>Profilazione automatizzata degli Utenti al fine di effettuare ricerche di mercato per migliorare la gestione del Sito (casella da spuntare).<\/li>\n<\/ul>\n\n\n\n<h2 class=\"wp-block-heading\">3. Condivisione dei dati personali degli Utenti con fornitori e societ\u00e0 terze di GAC TECHNOLOGY: chi ha accesso ai dati personali degli Utenti?<\/h2>\n\n\n\n<p>I dati raccolti rimangono di uso esclusivo di GAC TECHNOLOGY. Potranno essere comunicati ai destinatari sotto elencati solo nella misura in cui la trasmissione di tali Dati sia indispensabile per il perseguimento delle finalit\u00e0 di cui al precedente punto 2.<\/p>\n\n\n\n<p>I dati personali dell&#8217;Utente possono essere condivisi con fornitori e societ\u00e0 terze di GAC TECHNOLOGY nell&#8217;ambito dei servizi di hosting e manutenzione delle basi di dati cliente.<\/p>\n\n\n\n<p>Questi fornitori di servizi hanno un accesso ai dati limitato all&#8217;ambito dell&#8217;esecuzione dei servizi forniti e hanno l&#8217;obbligo contrattuale di utilizzarli in conformit\u00e0 alle disposizioni della normativa applicabile in materia di protezione dei dati personali,<\/p>\n\n\n\n<ul class=\"wp-block-list\">\n<li>Se richiesto dalla legge, GAC TECHNOLOGY pu\u00f2 trasmettere i dati raccolti per adempiere a obblighi di legge o normativi, o in seguito a decisioni giudiziarie, citazioni in giudizio, procedimenti legali, per conformarsi a procedure amministrative e giudiziarie,<\/li>\n\n\n\n<li>Se GAC TECHNOLOGY \u00e8 coinvolta in un&#8217;operazione di fusione, acquisizione, cessione di attivit\u00e0 o procedura di amministrazione controllata, potrebbe essere obbligata a cedere o condividere tutti i suoi asset o parte di essi, ivi compresi i dati personali. In tal caso, gli Utenti saranno informati prima che i dati personali vengano trasferiti a terzi.<\/li>\n<\/ul>\n\n\n\n<h2 class=\"wp-block-heading\">4. Durata di conservazione<\/h2>\n\n\n\n<p>Ai sensi della legge, i dati personali degli Utenti saranno conservati solo per il tempo strettamente necessario ad adempiere alle finalit\u00e0 di cui sopra o per consentire a GAC TECHNOLOGY di adempiere ai propri obblighi legali.<\/p>\n\n\n\n<p>I dati raccolti al momento della richiesta di contatto saranno conservati per il tempo necessario al loro trattamento.<\/p>\n\n\n\n<p>I dati personali utilizzati per finalit\u00e0 di prospezione commerciale possono essere conservati per un massimo di tre (3) anni dalla fine del rapporto commerciale.<\/p>\n\n\n\n<h2 class=\"wp-block-heading\">5. Trasferimento di dati personali all&#8217;estero<\/h2>\n\n\n\n<p>GAC TECHNOLOGY informa l&#8217;Utente che attualmente non avviene alcun trasferimento di dati personali al di fuori dell&#8217;UE. I dati trattati sono ospitati in Francia o nello Spazio Economico Europeo.<\/p>\n\n\n\n<p>In ogni caso, GAC TECHNOLOGY si impegna a rispettare le disposizioni di legge relative al trasferimento di dati personali all&#8217;estero: qualsiasi trasmissione di Dati al di fuori dell&#8217;UE sar\u00e0 basata su una decisione di adeguatezza, inquadrata da clausole contrattuali standard di protezione dei Dati o inquadrata da clausole contrattuali ad hoc precedentemente autorizzate dalla CNIL, l&#8217;autorit\u00e0 di controllo francese.<\/p>\n\n\n\n<h2 class=\"wp-block-heading\">6. Sicurezza e riservatezza<\/h2>\n\n\n\n<p>GAC TECHNOLOGY attua misure organizzative, tecniche, software e fisiche in materia di sicurezza digitale per proteggere i dati personali da alterazioni, distruzione e accessi non autorizzati. Tuttavia va notato che Internet non \u00e8 un ambiente totalmente sicuro, poich\u00e9 nessuna tecnologia \u00e8 affidabile al 100% e, di conseguenza, il Sito non pu\u00f2 garantire la sicurezza della trasmissione o dell&#8217;archiviazione delle informazioni via Internet.<\/p>\n\n\n\n<p>Tutti i nostri collaboratori e fornitori di servizi devono rispettare la sicurezza e la protezione dei Dati degli Utenti.<\/p>\n\n\n\n<h2 class=\"wp-block-heading\">7. Attuazione dei diritti degli Utenti<\/h2>\n\n\n\n<p>In conformit\u00e0 alla normativa applicabile ai dati personali, gli Utenti hanno i seguenti diritti:<\/p>\n\n\n\n<ul class=\"wp-block-list\">\n<li>L&#8217;Utente pu\u00f2 chiedere di essere informato sull&#8217;uso che GAC TECHNOLOGY fa dei suoi dati personali,<\/li>\n\n\n\n<li>\u00c8 possibile aggiornare o cancellare i propri dati personali scrivendo al seguente indirizzo di posta elettronica: <a href=\"mailto:contact@gac-technology.com\">contact@gac-<\/a><span style=\"text-decoration: underline\">software.com<\/span>,<\/li>\n\n\n\n<li>\u00c8 possibile esercitare il diritto di accesso ai propri dati personali scrivendo al seguente indirizzo e-mail: <a href=\"mailto:contact@gac-technology.com\">contact@gac.dev1.overscan.io<\/a>. In tal caso, prima di attuare questo diritto, GAC TECHNOLOGY pu\u00f2 richiedere una prova dell&#8217;identit\u00e0 dell&#8217;Utente al fine di verificarne la corrispondenza,<\/li>\n\n\n\n<li>Se i dati personali in possesso di GAC TECHNOLOGY sono inesatti, \u00e8 possibile richiedere l&#8217;aggiornamento delle informazioni scrivendo all&#8217;indirizzo di posta elettronica <a href=\"mailto:contact@gac-technology.com\">contact@<\/a><span style=\"text-decoration: underline\">gac.dev1.overscan.io<\/span>,<\/li>\n\n\n\n<li>L&#8217;Utente pu\u00f2 richiedere la cancellazione dei propri dati personali, in conformit\u00e0 con le leggi applicabili in materia di protezione dei Dati, scrivendo all&#8217;indirizzo di posta elettronica: <a href=\"mailto:contact@gac-technology.com\">contact@<\/a><span style=\"text-decoration: underline\">gac.dev1.overscan.io<\/span>,<\/li>\n\n\n\n<li>Infine \u00e8 possibile revocare il proprio consenso a ricevere messaggi di marketing diretto e opporsi al trattamento dei propri Dati.<\/li>\n<\/ul>\n\n\n\n<h2 class=\"wp-block-heading\">8. Aggiornamento dell&#8217;Informativa sulla protezione dei dati personali<\/h2>\n\n\n\n<p>GAC TECHNOLOGY si riserva il diritto di apportare modifiche alla presente Informativa sulla privacy in qualsiasi momento. In caso di modifica della presente Informativa sulla privacy, GAC TECHNOLOGY si impegna a pubblicarne la nuova versione sul Sito. GAC TECHNOLOGY informer\u00e0 gli Utenti della modifica anche via e-mail, entro un termine di minimo quindici (15) giorni prima della data di entrata in vigore. Se l&#8217;Utente non \u00e8 d&#8217;accordo con i termini della nuova formulazione dell&#8217;Informativa sulla privacy, ha facolt\u00e0 di richiedere la cancellazione dei propri dati personali da parte di GAC TECHNOLOGY.<\/p>\n\n\n\n<h2 class=\"wp-block-heading\">9. Maggiori informazioni<\/h2>\n\n\n\n<p>Per saperne di pi\u00f9 sulla nostra Informativa sulla protezione dei dati personali, \u00e8 possibile contattare GAC TECHNOLOGY scrivendo al seguente indirizzo: 26 rue de la Gare \u2013 69009 Lyon \u2013 Francia<\/p>\n\n\n\n<p>Oppure all&#8217;indirizzo e-mail: <a href=\"mailto:contact@gac-technology.com\">contact@gac.dev1.overscan.io<\/a>.<\/p>\n\n\n\n<h2 class=\"wp-block-heading\">10. Politica sui cookie<\/h2>\n\n\n\n<p>I cookie vengono utilizzati per facilitare la navigazione nei siti e snellire le procedure di registrazione e misurazione del traffico. GAC TECHNOLOGY informa l&#8217;Utente che i cookie registrano alcune informazioni che vengono archiviate nella memoria del suo terminale . Utilizziamo tecnologie di tracciamento, in particolare cookie, per adattare la pubblicit\u00e0 sui Siti alle esigenze e agli interessi dell&#8217;Utente.<\/p>\n\n\n\n<p>Durante la navigazione del Sito, apparir\u00e0 un banner che spiega l&#8217;utilizzo dei &#8220;<em>cookie<\/em>&#8220;. L&#8217;Utente potr\u00e0 accettare o rifiutare l&#8217;uso dei cookie.<\/p>\n\n\n\n<p><strong>Cookie presenti sui Siti<\/strong><\/p>\n\n\n\n<p>GAC TECHNOLOGY utilizza dei cookie per offrire contenuti e un Servizio che si adattano all&#8217;Utente e per consentire a GAC TECHNOLOGY di compilare statistiche sulle visite, registrare i dati comunicati e ottimizzare i percorsi di navigazione.<\/p>\n\n\n\n<p>Sul Sito sono presenti diversi tipi di cookie. Questi cookie sono utilizzati per le seguenti finalit\u00e0:<\/p>\n\n\n\n<ul class=\"wp-block-list\">\n<li>Cookie necessari per il funzionamento del Sito,<\/li>\n\n\n\n<li>Cookie utilizzati per la misurazione del traffico,<\/li>\n\n\n\n<li>Cookie utilizzati per la geolocalizzazione dei contenuti,<\/li>\n\n\n\n<li>Cookie di identificazione.<\/li>\n<\/ul>\n\n\n\n<p><strong>Cookie necessari per il funzionamento del Sito:<\/strong><\/p>\n\n\n\n<p>questi cookie sono necessari per il corretto funzionamento del Sito e per la navigazione sul Sito. Consentono all&#8217;Utente di accedere alle principali funzionalit\u00e0 del Sito. Si ricorda che l&#8217;impostazione dei cookie pu\u00f2 modificare le condizioni di accesso al Servizio che richiede l&#8217;uso dei cookie. Se il browser \u00e8 configurato in modo da rifiutare tutti i cookie, l&#8217;Utente non potr\u00e0 accedere alle funzionalit\u00e0 del Sito, poich\u00e9 non potr\u00e0 rimanere autenticato. Per consentirgli di dare il proprio consenso in modo chiaro e valido, l&#8217;Utente ha la possibilit\u00e0 di effettuare una scelta per finalit\u00e0.<\/p>\n","protected":false},"excerpt":{"rendered":"<p>Il Sito www.gac-carfleet.com (di seguito &#8220;il Sito&#8220;) \u00e8 stato sviluppato dalla societ\u00e0 per azioni semplificata GAC TECHNOLOGY (di seguito &#8220;GAC TECHNOLOGY&#8220;), editrice di software gestionali destinati a professionisti (di seguito &#8220;l&#8217;Utente&#8220;). All&#8217;Utente pu\u00f2 essere richiesto di fornire dati personali (di seguito &#8220;i Dati&#8221;) compilando i campi indicati sul Sito al momento della richiesta di contatto, [&hellip;]<\/p>\n","protected":false},"author":8,"featured_media":46585,"parent":0,"menu_order":0,"comment_status":"closed","ping_status":"closed","template":"","meta":{"ovs_hero_subtitle":"","ovs_hero_text_content":"","ovs_hero_button_text":"","ovs_hero_button_url":"","ovs_hero_button_two_text":"","ovs_hero_button_two_url":"","ovs_hero_is_elispe":"yes","footnotes":""},"class_list":["post-46700","page","type-page","status-publish","has-post-thumbnail","hentry"],"yoast_head":"<!-- This site is optimized with the Yoast SEO plugin v27.1.1 - https:\/\/yoast.com\/product\/yoast-seo-wordpress\/ -->\n<title>Informativa sulla privacy - GAC Car Fleet<\/title>\n<meta name=\"robots\" content=\"noindex, follow, max-snippet:-1, max-image-preview:large, max-video-preview:-1\" \/>\n<meta property=\"og:locale\" content=\"it_IT\" \/>\n<meta property=\"og:type\" content=\"article\" \/>\n<meta property=\"og:title\" content=\"Informativa sulla privacy - GAC Car Fleet\" \/>\n<meta property=\"og:description\" content=\"Il Sito www.gac-carfleet.com (di seguito &#8220;il Sito&#8220;) \u00e8 stato sviluppato dalla societ\u00e0 per azioni semplificata GAC TECHNOLOGY (di seguito &#8220;GAC TECHNOLOGY&#8220;), editrice di software gestionali destinati a professionisti (di seguito &#8220;l&#8217;Utente&#8220;). All&#8217;Utente pu\u00f2 essere richiesto di fornire dati personali (di seguito &#8220;i Dati&#8221;) compilando i campi indicati sul Sito al momento della richiesta di contatto, [&hellip;]\" \/>\n<meta property=\"og:url\" content=\"https:\/\/carfleet.dev1.overscan.io\/it\/informativa-sulla-privacy\/\" \/>\n<meta property=\"og:site_name\" content=\"GAC Car Fleet\" \/>\n<meta property=\"article:modified_time\" content=\"2025-12-02T16:45:02+00:00\" \/>\n<meta property=\"og:image\" content=\"https:\/\/gac.dev1.overscan.io\/app\/uploads\/sites\/2\/2025\/10\/Design-sans-titre-5.png\" \/>\n\t<meta property=\"og:image:width\" content=\"1024\" \/>\n\t<meta property=\"og:image:height\" content=\"683\" \/>\n\t<meta property=\"og:image:type\" content=\"image\/png\" \/>\n<meta name=\"twitter:card\" content=\"summary_large_image\" \/>\n<meta name=\"twitter:label1\" content=\"Est. reading time\" \/>\n\t<meta name=\"twitter:data1\" content=\"9 minutes\" \/>\n<script type=\"application\/ld+json\" class=\"yoast-schema-graph\">{\"@context\":\"https:\/\/schema.org\",\"@graph\":[{\"@type\":\"WebPage\",\"@id\":\"https:\/\/carfleet.dev1.overscan.io\/it\/informativa-sulla-privacy\/\",\"url\":\"https:\/\/carfleet.dev1.overscan.io\/it\/informativa-sulla-privacy\/\",\"name\":\"Informativa sulla privacy - GAC Car Fleet\",\"isPartOf\":{\"@id\":\"https:\/\/carfleet.dev1.overscan.io\/it\/#website\"},\"primaryImageOfPage\":{\"@id\":\"https:\/\/carfleet.dev1.overscan.io\/it\/informativa-sulla-privacy\/#primaryimage\"},\"image\":{\"@id\":\"https:\/\/carfleet.dev1.overscan.io\/it\/informativa-sulla-privacy\/#primaryimage\"},\"thumbnailUrl\":\"https:\/\/gac.dev1.overscan.io\/app\/uploads\/sites\/2\/2025\/10\/Design-sans-titre-5.png\",\"datePublished\":\"2025-10-27T10:50:26+00:00\",\"dateModified\":\"2025-12-02T16:45:02+00:00\",\"breadcrumb\":{\"@id\":\"https:\/\/carfleet.dev1.overscan.io\/it\/informativa-sulla-privacy\/#breadcrumb\"},\"inLanguage\":\"it-IT\",\"potentialAction\":[{\"@type\":\"ReadAction\",\"target\":[\"https:\/\/carfleet.dev1.overscan.io\/it\/informativa-sulla-privacy\/\"]}]},{\"@type\":\"ImageObject\",\"inLanguage\":\"it-IT\",\"@id\":\"https:\/\/carfleet.dev1.overscan.io\/it\/informativa-sulla-privacy\/#primaryimage\",\"url\":\"https:\/\/gac.dev1.overscan.io\/app\/uploads\/sites\/2\/2025\/10\/Design-sans-titre-5.png\",\"contentUrl\":\"https:\/\/gac.dev1.overscan.io\/app\/uploads\/sites\/2\/2025\/10\/Design-sans-titre-5.png\",\"width\":1024,\"height\":683},{\"@type\":\"BreadcrumbList\",\"@id\":\"https:\/\/carfleet.dev1.overscan.io\/it\/informativa-sulla-privacy\/#breadcrumb\",\"itemListElement\":[{\"@type\":\"ListItem\",\"position\":1,\"name\":\"Accueil\",\"item\":\"https:\/\/carfleet.dev1.overscan.io\/it\/\"},{\"@type\":\"ListItem\",\"position\":2,\"name\":\"Informativa sulla privacy\"}]},{\"@type\":\"WebSite\",\"@id\":\"https:\/\/carfleet.dev1.overscan.io\/it\/#website\",\"url\":\"https:\/\/carfleet.dev1.overscan.io\/it\/\",\"name\":\"GAC Car Fleet\",\"description\":\"Logiciels de gestion de flotte automobile\",\"publisher\":{\"@id\":\"https:\/\/carfleet.dev1.overscan.io\/it\/#organization\"},\"potentialAction\":[{\"@type\":\"SearchAction\",\"target\":{\"@type\":\"EntryPoint\",\"urlTemplate\":\"https:\/\/carfleet.dev1.overscan.io\/it\/?s={search_term_string}\"},\"query-input\":{\"@type\":\"PropertyValueSpecification\",\"valueRequired\":true,\"valueName\":\"search_term_string\"}}],\"inLanguage\":\"it-IT\"},{\"@type\":\"Organization\",\"@id\":\"https:\/\/carfleet.dev1.overscan.io\/it\/#organization\",\"name\":\"GAC Car Fleet\",\"url\":\"https:\/\/carfleet.dev1.overscan.io\/it\/\",\"logo\":{\"@type\":\"ImageObject\",\"inLanguage\":\"it-IT\",\"@id\":\"https:\/\/carfleet.dev1.overscan.io\/it\/#\/schema\/logo\/image\/\",\"url\":\"https:\/\/gac.dev1.overscan.io\/app\/uploads\/sites\/2\/2025\/12\/carfleet-logo.svg\",\"contentUrl\":\"https:\/\/gac.dev1.overscan.io\/app\/uploads\/sites\/2\/2025\/12\/carfleet-logo.svg\",\"caption\":\"GAC Car Fleet\"},\"image\":{\"@id\":\"https:\/\/carfleet.dev1.overscan.io\/it\/#\/schema\/logo\/image\/\"}}]}<\/script>\n<!-- \/ Yoast SEO plugin. -->","yoast_head_json":{"title":"Informativa sulla privacy - GAC Car Fleet","robots":{"index":"noindex","follow":"follow","max-snippet":"max-snippet:-1","max-image-preview":"max-image-preview:large","max-video-preview":"max-video-preview:-1"},"og_locale":"it_IT","og_type":"article","og_title":"Informativa sulla privacy - GAC Car Fleet","og_description":"Il Sito www.gac-carfleet.com (di seguito &#8220;il Sito&#8220;) \u00e8 stato sviluppato dalla societ\u00e0 per azioni semplificata GAC TECHNOLOGY (di seguito &#8220;GAC TECHNOLOGY&#8220;), editrice di software gestionali destinati a professionisti (di seguito &#8220;l&#8217;Utente&#8220;). All&#8217;Utente pu\u00f2 essere richiesto di fornire dati personali (di seguito &#8220;i Dati&#8221;) compilando i campi indicati sul Sito al momento della richiesta di contatto, [&hellip;]","og_url":"https:\/\/carfleet.dev1.overscan.io\/it\/informativa-sulla-privacy\/","og_site_name":"GAC Car Fleet","article_modified_time":"2025-12-02T16:45:02+00:00","og_image":[{"width":1024,"height":683,"url":"https:\/\/gac.dev1.overscan.io\/app\/uploads\/sites\/2\/2025\/10\/Design-sans-titre-5.png","type":"image\/png"}],"twitter_card":"summary_large_image","twitter_misc":{"Est. reading time":"9 minutes"},"schema":{"@context":"https:\/\/schema.org","@graph":[{"@type":"WebPage","@id":"https:\/\/carfleet.dev1.overscan.io\/it\/informativa-sulla-privacy\/","url":"https:\/\/carfleet.dev1.overscan.io\/it\/informativa-sulla-privacy\/","name":"Informativa sulla privacy - GAC Car Fleet","isPartOf":{"@id":"https:\/\/carfleet.dev1.overscan.io\/it\/#website"},"primaryImageOfPage":{"@id":"https:\/\/carfleet.dev1.overscan.io\/it\/informativa-sulla-privacy\/#primaryimage"},"image":{"@id":"https:\/\/carfleet.dev1.overscan.io\/it\/informativa-sulla-privacy\/#primaryimage"},"thumbnailUrl":"https:\/\/gac.dev1.overscan.io\/app\/uploads\/sites\/2\/2025\/10\/Design-sans-titre-5.png","datePublished":"2025-10-27T10:50:26+00:00","dateModified":"2025-12-02T16:45:02+00:00","breadcrumb":{"@id":"https:\/\/carfleet.dev1.overscan.io\/it\/informativa-sulla-privacy\/#breadcrumb"},"inLanguage":"it-IT","potentialAction":[{"@type":"ReadAction","target":["https:\/\/carfleet.dev1.overscan.io\/it\/informativa-sulla-privacy\/"]}]},{"@type":"ImageObject","inLanguage":"it-IT","@id":"https:\/\/carfleet.dev1.overscan.io\/it\/informativa-sulla-privacy\/#primaryimage","url":"https:\/\/gac.dev1.overscan.io\/app\/uploads\/sites\/2\/2025\/10\/Design-sans-titre-5.png","contentUrl":"https:\/\/gac.dev1.overscan.io\/app\/uploads\/sites\/2\/2025\/10\/Design-sans-titre-5.png","width":1024,"height":683},{"@type":"BreadcrumbList","@id":"https:\/\/carfleet.dev1.overscan.io\/it\/informativa-sulla-privacy\/#breadcrumb","itemListElement":[{"@type":"ListItem","position":1,"name":"Accueil","item":"https:\/\/carfleet.dev1.overscan.io\/it\/"},{"@type":"ListItem","position":2,"name":"Informativa sulla privacy"}]},{"@type":"WebSite","@id":"https:\/\/carfleet.dev1.overscan.io\/it\/#website","url":"https:\/\/carfleet.dev1.overscan.io\/it\/","name":"GAC Car Fleet","description":"Logiciels de gestion de flotte automobile","publisher":{"@id":"https:\/\/carfleet.dev1.overscan.io\/it\/#organization"},"potentialAction":[{"@type":"SearchAction","target":{"@type":"EntryPoint","urlTemplate":"https:\/\/carfleet.dev1.overscan.io\/it\/?s={search_term_string}"},"query-input":{"@type":"PropertyValueSpecification","valueRequired":true,"valueName":"search_term_string"}}],"inLanguage":"it-IT"},{"@type":"Organization","@id":"https:\/\/carfleet.dev1.overscan.io\/it\/#organization","name":"GAC Car Fleet","url":"https:\/\/carfleet.dev1.overscan.io\/it\/","logo":{"@type":"ImageObject","inLanguage":"it-IT","@id":"https:\/\/carfleet.dev1.overscan.io\/it\/#\/schema\/logo\/image\/","url":"https:\/\/gac.dev1.overscan.io\/app\/uploads\/sites\/2\/2025\/12\/carfleet-logo.svg","contentUrl":"https:\/\/gac.dev1.overscan.io\/app\/uploads\/sites\/2\/2025\/12\/carfleet-logo.svg","caption":"GAC Car Fleet"},"image":{"@id":"https:\/\/carfleet.dev1.overscan.io\/it\/#\/schema\/logo\/image\/"}}]}},"jetpack_sharing_enabled":true,"_links":{"self":[{"href":"https:\/\/carfleet.dev1.overscan.io\/it\/wp-json\/wp\/v2\/pages\/46700","targetHints":{"allow":["GET"]}}],"collection":[{"href":"https:\/\/carfleet.dev1.overscan.io\/it\/wp-json\/wp\/v2\/pages"}],"about":[{"href":"https:\/\/carfleet.dev1.overscan.io\/it\/wp-json\/wp\/v2\/types\/page"}],"author":[{"embeddable":true,"href":"https:\/\/carfleet.dev1.overscan.io\/it\/wp-json\/wp\/v2\/users\/8"}],"replies":[{"embeddable":true,"href":"https:\/\/carfleet.dev1.overscan.io\/it\/wp-json\/wp\/v2\/comments?post=46700"}],"version-history":[{"count":3,"href":"https:\/\/carfleet.dev1.overscan.io\/it\/wp-json\/wp\/v2\/pages\/46700\/revisions"}],"predecessor-version":[{"id":48693,"href":"https:\/\/carfleet.dev1.overscan.io\/it\/wp-json\/wp\/v2\/pages\/46700\/revisions\/48693"}],"wp:featuredmedia":[{"embeddable":true,"href":"https:\/\/carfleet.dev1.overscan.io\/it\/wp-json\/wp\/v2\/media\/46585"}],"wp:attachment":[{"href":"https:\/\/carfleet.dev1.overscan.io\/it\/wp-json\/wp\/v2\/media?parent=46700"}],"curies":[{"name":"wp","href":"https:\/\/api.w.org\/{rel}","templated":true}]}}