{"id":47662,"date":"2025-11-28T10:13:52","date_gmt":"2025-11-28T09:13:52","guid":{"rendered":"https:\/\/carfleet.dev1.overscan.io\/gracias-por-su-interes\/"},"modified":"2025-12-22T16:47:47","modified_gmt":"2025-12-22T15:47:47","slug":"gracias-por-su-interes","status":"publish","type":"page","link":"https:\/\/carfleet.dev1.overscan.io\/es\/gracias-por-su-interes\/","title":{"rendered":"\u00a1Gracias por su inter\u00e9s!"},"content":{"rendered":"\n<div class=\"wp-block-ovs-blocks-decoration alignfull custom-decoration\"><div class=\"custom-decoration__img\" style=\"top:-290px;left:0;right:initial;width:400px\" data-desktop-style=\"{&quot;top&quot;:&quot;-290px&quot;,&quot;left&quot;:&quot;0&quot;,&quot;right&quot;:&quot;initial&quot;,&quot;width&quot;:&quot;400px&quot;}\" data-mobile-style=\"{&quot;top&quot;:&quot;0px&quot;,&quot;left&quot;:&quot;0&quot;,&quot;right&quot;:&quot;initial&quot;,&quot;width&quot;:&quot;200px&quot;}\" data-hide-on-mobile=\"true\"><img decoding=\"async\" src=\"https:\/\/gac.dev1.overscan.io\/app\/uploads\/sites\/2\/2025\/10\/Ellipse-6.svg\" alt=\"\" \/><\/div><\/div>\n","protected":false},"excerpt":{"rendered":"","protected":false},"author":8,"featured_media":49227,"parent":0,"menu_order":0,"comment_status":"closed","ping_status":"closed","template":"","meta":{"ovs_hero_subtitle":"","ovs_hero_text_content":"Esta soluci\u00f3n s\u00f3lo est\u00e1 disponible en France.\r\n\r\nDescubra GAC Car Fleet, nuestra completa soluci\u00f3n de gesti\u00f3n de flotas, disponible en 6 idiomas: EN, FR, ES, IT, DE, NL.","ovs_hero_button_text":"Descubrir GAC Car Fleet","ovs_hero_button_url":"https:\/\/carfleet.dev1.overscan.io\/es\/gac-car-fleet\/","ovs_hero_button_two_text":"","ovs_hero_button_two_url":"","ovs_hero_is_elispe":"yes","footnotes":""},"class_list":["post-47662","page","type-page","status-publish","has-post-thumbnail","hentry"],"yoast_head":"<!-- This site is optimized with the Yoast SEO plugin v27.1.1 - https:\/\/yoast.com\/product\/yoast-seo-wordpress\/ -->\n<title>\u00a1Gracias por su inter\u00e9s! - GAC Car Fleet<\/title>\n<meta name=\"description\" content=\"Solicitar una demostraci\u00f3n. GAC Car Fleet: el software l\u00edder en gesti\u00f3n de flotas de veh\u00edculos, disponible en 6 idiomas.\" \/>\n<meta name=\"robots\" content=\"noindex, follow, max-snippet:-1, max-image-preview:large, max-video-preview:-1\" \/>\n<meta property=\"og:locale\" content=\"es_ES\" \/>\n<meta property=\"og:type\" content=\"article\" \/>\n<meta property=\"og:title\" content=\"\u00a1Gracias por su inter\u00e9s! - GAC Car Fleet\" \/>\n<meta property=\"og:description\" content=\"Solicitar una demostraci\u00f3n. GAC Car Fleet: el software l\u00edder en gesti\u00f3n de flotas de veh\u00edculos, disponible en 6 idiomas.\" \/>\n<meta property=\"og:url\" content=\"https:\/\/carfleet.dev1.overscan.io\/es\/gracias-por-su-interes\/\" \/>\n<meta property=\"og:site_name\" content=\"GAC Car Fleet\" \/>\n<meta property=\"article:modified_time\" content=\"2025-12-22T15:47:47+00:00\" \/>\n<meta property=\"og:image\" content=\"https:\/\/gac.dev1.overscan.io\/app\/uploads\/sites\/2\/2025\/12\/visuels-tableau-de-bord-en.png\" \/>\n\t<meta property=\"og:image:width\" content=\"1242\" \/>\n\t<meta property=\"og:image:height\" content=\"932\" \/>\n\t<meta property=\"og:image:type\" content=\"image\/png\" \/>\n<meta name=\"twitter:card\" content=\"summary_large_image\" \/>\n<meta name=\"twitter:label1\" content=\"Est. reading time\" \/>\n\t<meta name=\"twitter:data1\" content=\"1 minute\" \/>\n<script type=\"application\/ld+json\" class=\"yoast-schema-graph\">{\"@context\":\"https:\/\/schema.org\",\"@graph\":[{\"@type\":\"WebPage\",\"@id\":\"https:\/\/carfleet.dev1.overscan.io\/es\/gracias-por-su-interes\/\",\"url\":\"https:\/\/carfleet.dev1.overscan.io\/es\/gracias-por-su-interes\/\",\"name\":\"\u00a1Gracias por su inter\u00e9s! - GAC Car Fleet\",\"isPartOf\":{\"@id\":\"https:\/\/carfleet.dev1.overscan.io\/es\/#website\"},\"primaryImageOfPage\":{\"@id\":\"https:\/\/carfleet.dev1.overscan.io\/es\/gracias-por-su-interes\/#primaryimage\"},\"image\":{\"@id\":\"https:\/\/carfleet.dev1.overscan.io\/es\/gracias-por-su-interes\/#primaryimage\"},\"thumbnailUrl\":\"https:\/\/gac.dev1.overscan.io\/app\/uploads\/sites\/2\/2025\/12\/visuels-tableau-de-bord-en.png\",\"datePublished\":\"2025-11-28T09:13:52+00:00\",\"dateModified\":\"2025-12-22T15:47:47+00:00\",\"description\":\"Solicitar una demostraci\u00f3n. GAC Car Fleet: el software l\u00edder en gesti\u00f3n de flotas de veh\u00edculos, disponible en 6 idiomas.\",\"breadcrumb\":{\"@id\":\"https:\/\/carfleet.dev1.overscan.io\/es\/gracias-por-su-interes\/#breadcrumb\"},\"inLanguage\":\"es-ES\",\"potentialAction\":[{\"@type\":\"ReadAction\",\"target\":[\"https:\/\/carfleet.dev1.overscan.io\/es\/gracias-por-su-interes\/\"]}]},{\"@type\":\"ImageObject\",\"inLanguage\":\"es-ES\",\"@id\":\"https:\/\/carfleet.dev1.overscan.io\/es\/gracias-por-su-interes\/#primaryimage\",\"url\":\"https:\/\/gac.dev1.overscan.io\/app\/uploads\/sites\/2\/2025\/12\/visuels-tableau-de-bord-en.png\",\"contentUrl\":\"https:\/\/gac.dev1.overscan.io\/app\/uploads\/sites\/2\/2025\/12\/visuels-tableau-de-bord-en.png\",\"width\":1242,\"height\":932},{\"@type\":\"BreadcrumbList\",\"@id\":\"https:\/\/carfleet.dev1.overscan.io\/es\/gracias-por-su-interes\/#breadcrumb\",\"itemListElement\":[{\"@type\":\"ListItem\",\"position\":1,\"name\":\"Accueil\",\"item\":\"https:\/\/carfleet.dev1.overscan.io\/es\/\"},{\"@type\":\"ListItem\",\"position\":2,\"name\":\"\u00a1Gracias por su inter\u00e9s!\"}]},{\"@type\":\"WebSite\",\"@id\":\"https:\/\/carfleet.dev1.overscan.io\/es\/#website\",\"url\":\"https:\/\/carfleet.dev1.overscan.io\/es\/\",\"name\":\"GAC Car Fleet\",\"description\":\"Logiciels de gestion de flotte automobile\",\"publisher\":{\"@id\":\"https:\/\/carfleet.dev1.overscan.io\/es\/#organization\"},\"potentialAction\":[{\"@type\":\"SearchAction\",\"target\":{\"@type\":\"EntryPoint\",\"urlTemplate\":\"https:\/\/carfleet.dev1.overscan.io\/es\/?s={search_term_string}\"},\"query-input\":{\"@type\":\"PropertyValueSpecification\",\"valueRequired\":true,\"valueName\":\"search_term_string\"}}],\"inLanguage\":\"es-ES\"},{\"@type\":\"Organization\",\"@id\":\"https:\/\/carfleet.dev1.overscan.io\/es\/#organization\",\"name\":\"GAC Car Fleet\",\"url\":\"https:\/\/carfleet.dev1.overscan.io\/es\/\",\"logo\":{\"@type\":\"ImageObject\",\"inLanguage\":\"es-ES\",\"@id\":\"https:\/\/carfleet.dev1.overscan.io\/es\/#\/schema\/logo\/image\/\",\"url\":\"https:\/\/gac.dev1.overscan.io\/app\/uploads\/sites\/2\/2025\/12\/carfleet-logo.svg\",\"contentUrl\":\"https:\/\/gac.dev1.overscan.io\/app\/uploads\/sites\/2\/2025\/12\/carfleet-logo.svg\",\"caption\":\"GAC Car Fleet\"},\"image\":{\"@id\":\"https:\/\/carfleet.dev1.overscan.io\/es\/#\/schema\/logo\/image\/\"}}]}<\/script>\n<!-- \/ Yoast SEO plugin. -->","yoast_head_json":{"title":"\u00a1Gracias por su inter\u00e9s! - GAC Car Fleet","description":"Solicitar una demostraci\u00f3n. GAC Car Fleet: el software l\u00edder en gesti\u00f3n de flotas de veh\u00edculos, disponible en 6 idiomas.","robots":{"index":"noindex","follow":"follow","max-snippet":"max-snippet:-1","max-image-preview":"max-image-preview:large","max-video-preview":"max-video-preview:-1"},"og_locale":"es_ES","og_type":"article","og_title":"\u00a1Gracias por su inter\u00e9s! - GAC Car Fleet","og_description":"Solicitar una demostraci\u00f3n. GAC Car Fleet: el software l\u00edder en gesti\u00f3n de flotas de veh\u00edculos, disponible en 6 idiomas.","og_url":"https:\/\/carfleet.dev1.overscan.io\/es\/gracias-por-su-interes\/","og_site_name":"GAC Car Fleet","article_modified_time":"2025-12-22T15:47:47+00:00","og_image":[{"width":1242,"height":932,"url":"https:\/\/gac.dev1.overscan.io\/app\/uploads\/sites\/2\/2025\/12\/visuels-tableau-de-bord-en.png","type":"image\/png"}],"twitter_card":"summary_large_image","twitter_misc":{"Est. reading time":"1 minute"},"schema":{"@context":"https:\/\/schema.org","@graph":[{"@type":"WebPage","@id":"https:\/\/carfleet.dev1.overscan.io\/es\/gracias-por-su-interes\/","url":"https:\/\/carfleet.dev1.overscan.io\/es\/gracias-por-su-interes\/","name":"\u00a1Gracias por su inter\u00e9s! - GAC Car Fleet","isPartOf":{"@id":"https:\/\/carfleet.dev1.overscan.io\/es\/#website"},"primaryImageOfPage":{"@id":"https:\/\/carfleet.dev1.overscan.io\/es\/gracias-por-su-interes\/#primaryimage"},"image":{"@id":"https:\/\/carfleet.dev1.overscan.io\/es\/gracias-por-su-interes\/#primaryimage"},"thumbnailUrl":"https:\/\/gac.dev1.overscan.io\/app\/uploads\/sites\/2\/2025\/12\/visuels-tableau-de-bord-en.png","datePublished":"2025-11-28T09:13:52+00:00","dateModified":"2025-12-22T15:47:47+00:00","description":"Solicitar una demostraci\u00f3n. GAC Car Fleet: el software l\u00edder en gesti\u00f3n de flotas de veh\u00edculos, disponible en 6 idiomas.","breadcrumb":{"@id":"https:\/\/carfleet.dev1.overscan.io\/es\/gracias-por-su-interes\/#breadcrumb"},"inLanguage":"es-ES","potentialAction":[{"@type":"ReadAction","target":["https:\/\/carfleet.dev1.overscan.io\/es\/gracias-por-su-interes\/"]}]},{"@type":"ImageObject","inLanguage":"es-ES","@id":"https:\/\/carfleet.dev1.overscan.io\/es\/gracias-por-su-interes\/#primaryimage","url":"https:\/\/gac.dev1.overscan.io\/app\/uploads\/sites\/2\/2025\/12\/visuels-tableau-de-bord-en.png","contentUrl":"https:\/\/gac.dev1.overscan.io\/app\/uploads\/sites\/2\/2025\/12\/visuels-tableau-de-bord-en.png","width":1242,"height":932},{"@type":"BreadcrumbList","@id":"https:\/\/carfleet.dev1.overscan.io\/es\/gracias-por-su-interes\/#breadcrumb","itemListElement":[{"@type":"ListItem","position":1,"name":"Accueil","item":"https:\/\/carfleet.dev1.overscan.io\/es\/"},{"@type":"ListItem","position":2,"name":"\u00a1Gracias por su inter\u00e9s!"}]},{"@type":"WebSite","@id":"https:\/\/carfleet.dev1.overscan.io\/es\/#website","url":"https:\/\/carfleet.dev1.overscan.io\/es\/","name":"GAC Car Fleet","description":"Logiciels de gestion de flotte automobile","publisher":{"@id":"https:\/\/carfleet.dev1.overscan.io\/es\/#organization"},"potentialAction":[{"@type":"SearchAction","target":{"@type":"EntryPoint","urlTemplate":"https:\/\/carfleet.dev1.overscan.io\/es\/?s={search_term_string}"},"query-input":{"@type":"PropertyValueSpecification","valueRequired":true,"valueName":"search_term_string"}}],"inLanguage":"es-ES"},{"@type":"Organization","@id":"https:\/\/carfleet.dev1.overscan.io\/es\/#organization","name":"GAC Car Fleet","url":"https:\/\/carfleet.dev1.overscan.io\/es\/","logo":{"@type":"ImageObject","inLanguage":"es-ES","@id":"https:\/\/carfleet.dev1.overscan.io\/es\/#\/schema\/logo\/image\/","url":"https:\/\/gac.dev1.overscan.io\/app\/uploads\/sites\/2\/2025\/12\/carfleet-logo.svg","contentUrl":"https:\/\/gac.dev1.overscan.io\/app\/uploads\/sites\/2\/2025\/12\/carfleet-logo.svg","caption":"GAC Car Fleet"},"image":{"@id":"https:\/\/carfleet.dev1.overscan.io\/es\/#\/schema\/logo\/image\/"}}]}},"jetpack_sharing_enabled":true,"_links":{"self":[{"href":"https:\/\/carfleet.dev1.overscan.io\/es\/wp-json\/wp\/v2\/pages\/47662","targetHints":{"allow":["GET"]}}],"collection":[{"href":"https:\/\/carfleet.dev1.overscan.io\/es\/wp-json\/wp\/v2\/pages"}],"about":[{"href":"https:\/\/carfleet.dev1.overscan.io\/es\/wp-json\/wp\/v2\/types\/page"}],"author":[{"embeddable":true,"href":"https:\/\/carfleet.dev1.overscan.io\/es\/wp-json\/wp\/v2\/users\/8"}],"replies":[{"embeddable":true,"href":"https:\/\/carfleet.dev1.overscan.io\/es\/wp-json\/wp\/v2\/comments?post=47662"}],"version-history":[{"count":4,"href":"https:\/\/carfleet.dev1.overscan.io\/es\/wp-json\/wp\/v2\/pages\/47662\/revisions"}],"predecessor-version":[{"id":48768,"href":"https:\/\/carfleet.dev1.overscan.io\/es\/wp-json\/wp\/v2\/pages\/47662\/revisions\/48768"}],"wp:featuredmedia":[{"embeddable":true,"href":"https:\/\/carfleet.dev1.overscan.io\/es\/wp-json\/wp\/v2\/media\/49227"}],"wp:attachment":[{"href":"https:\/\/carfleet.dev1.overscan.io\/es\/wp-json\/wp\/v2\/media?parent=47662"}],"curies":[{"name":"wp","href":"https:\/\/api.w.org\/{rel}","templated":true}]}}