{"id":47234,"date":"2025-10-08T09:39:12","date_gmt":"2025-10-08T07:39:12","guid":{"rendered":"https:\/\/carfleet.dev1.overscan.io\/solicitar-una-demostracion\/"},"modified":"2025-12-11T10:25:15","modified_gmt":"2025-12-11T09:25:15","slug":"solicitar-una-demostracion","status":"publish","type":"page","link":"https:\/\/carfleet.dev1.overscan.io\/es\/solicitar-una-demostracion\/","title":{"rendered":"Solicitar una demostraci\u00f3n"},"content":{"rendered":"\n<div class=\"wp-block-group has-global-padding is-layout-constrained wp-block-group-is-layout-constrained\">\n<div class=\"wp-block-columns is-layout-flex wp-container-core-columns-is-layout-79f90de2 wp-block-columns-is-layout-flex\" style=\"padding-top:var(--wp--preset--spacing--lv-3);padding-bottom:var(--wp--preset--spacing--lv-3)\">\n<div class=\"wp-block-column is-layout-flow wp-block-column-is-layout-flow\" style=\"padding-right:0;padding-left:0;flex-basis:34%\">\n<h2 class=\"wp-block-heading\" id=\"prospect\">Su demostraci\u00f3n personalizada con los equipos de GAC Software<\/h2>\n\n\n\n<p>No dude en beneficiarse de esta demostraci\u00f3n de car\u00e1cter gratuito y sin compromiso:<\/p>\n\n\n\n<ul class=\"wp-block-list is-style-list-check\">\n<li>Presentaci\u00f3n de GAC Software<br\/>(GAC Technology) <\/li>\n\n\n\n<li>Descripci\u00f3n general de GAC Car Fleet o la soluci\u00f3n deseada <\/li>\n\n\n\n<li>Recorrido personalizado por la herramienta y sus distintos m\u00f3dulos <\/li>\n<\/ul>\n\n\n\n<p>Nuestro equipo se pondr\u00e1 en contacto con usted lo antes posible para concertar una cita de demostraci\u00f3n. <\/p>\n<\/div>\n\n\n\n<div class=\"wp-block-column is-layout-flow wp-block-column-is-layout-flow\">    <div id=\"zf_div_69da799ab32c5\"><\/div>\n\n    <script type=\"text\/javascript\">\n    (function(){\n        var container = document.getElementById(\"zf_div_69da799ab32c5\");\n        if(!container) return;\n\n        var f = document.createElement(\"iframe\");\n\n        var url = \"https:\/\/forms.zohopublic.eu\/gacgroup\/form\/GACCarFleetDmo\/formperma\/GMsSczmeC9_lTzZdbK4piHbpoWnKRCLtg71hJ3zbcoI?zf_lang=es\";\n\n        if(url.indexOf('?') !== -1){\n            f.src = url + \"&zf_rszfm=1\";\n        }else{\n            f.src = url + \"?zf_rszfm=1\";\n        }\n\n        f.style.border = \"none\";\n        f.style.width = \"100%\";\n        f.style.height = \"400px\";\n        f.setAttribute(\"loading\",\"lazy\");\n        container.appendChild(f);\n\n        function handleMessage(ev) {\n            if(!ev.data || typeof ev.data !== \"string\") return;\n\n            var parts = ev.data.split(\"|\");\n            if(parts.length < 2) return;\n\n            var zf_perma = parts[0];\n            var newHeight = parseInt(parts[1],10);\n            if(isNaN(newHeight)) return;\n\n            if(f.src.indexOf(zf_perma) === -1) return;\n\n            f.style.height = (newHeight + 15) + \"px\";\n\n            if(parts.length === 3) {\n                setTimeout(function(){ f.scrollIntoView({behavior:\"smooth\"}); }, 500);\n            }\n        }\n\n        window.addEventListener(\"message\", handleMessage, false);\n\n    })();\n    <\/script>\n    \n<\/div>\n<\/div>\n<\/div>\n\n\n\n<div class=\"wp-block-ovs-blocks-decoration alignfull custom-decoration\"><div class=\"custom-decoration__img\" style=\"top:-290px;left:0;right:initial;width:400px\" data-desktop-style=\"{&quot;top&quot;:&quot;-290px&quot;,&quot;left&quot;:&quot;0&quot;,&quot;right&quot;:&quot;initial&quot;,&quot;width&quot;:&quot;400px&quot;}\" data-mobile-style=\"{&quot;top&quot;:&quot;0px&quot;,&quot;left&quot;:&quot;0&quot;,&quot;right&quot;:&quot;initial&quot;,&quot;width&quot;:&quot;200px&quot;}\" data-hide-on-mobile=\"true\"><img decoding=\"async\" src=\"https:\/\/gac.dev1.overscan.io\/app\/uploads\/sites\/2\/2025\/10\/Ellipse-6.svg\" alt=\"\" \/><\/div><\/div>\n","protected":false},"excerpt":{"rendered":"","protected":false},"author":1,"featured_media":49227,"parent":0,"menu_order":0,"comment_status":"closed","ping_status":"closed","template":"","meta":{"ovs_hero_subtitle":"","ovs_hero_text_content":"Gestione su flota de manera eficaz, desde el pedido hasta la devoluci\u00f3n, con ayuda de nuestras soluciones.  ","ovs_hero_button_text":"","ovs_hero_button_url":"","ovs_hero_button_two_text":"","ovs_hero_button_two_url":"","ovs_hero_is_elispe":"yes","footnotes":""},"class_list":["post-47234","page","type-page","status-publish","has-post-thumbnail","hentry"],"yoast_head":"<!-- This site is optimized with the Yoast SEO plugin v27.1.1 - https:\/\/yoast.com\/product\/yoast-seo-wordpress\/ -->\n<title>Solicitar una demostraci\u00f3n - GAC Car Fleet<\/title>\n<meta name=\"description\" content=\"Solicite su demostraci\u00f3n personalizada, gratuita y sin compromiso. GAC Car Fleet: el software l\u00edder en gesti\u00f3n de flotas de veh\u00edculos.\" \/>\n<meta name=\"robots\" content=\"noindex, follow, max-snippet:-1, max-image-preview:large, max-video-preview:-1\" \/>\n<meta property=\"og:locale\" content=\"es_ES\" \/>\n<meta property=\"og:type\" content=\"article\" \/>\n<meta property=\"og:title\" content=\"Solicitar una demostraci\u00f3n - GAC Car Fleet\" \/>\n<meta property=\"og:description\" content=\"Solicite su demostraci\u00f3n personalizada, gratuita y sin compromiso. GAC Car Fleet: el software l\u00edder en gesti\u00f3n de flotas de veh\u00edculos.\" \/>\n<meta property=\"og:url\" content=\"https:\/\/carfleet.dev1.overscan.io\/es\/solicitar-una-demostracion\/\" \/>\n<meta property=\"og:site_name\" content=\"GAC Car Fleet\" \/>\n<meta property=\"article:modified_time\" content=\"2025-12-11T09:25:15+00:00\" \/>\n<meta property=\"og:image\" content=\"https:\/\/gac.dev1.overscan.io\/app\/uploads\/sites\/2\/2025\/12\/visuels-tableau-de-bord-en.png\" \/>\n\t<meta property=\"og:image:width\" content=\"1242\" \/>\n\t<meta property=\"og:image:height\" content=\"932\" \/>\n\t<meta property=\"og:image:type\" content=\"image\/png\" \/>\n<meta name=\"twitter:card\" content=\"summary_large_image\" \/>\n<meta name=\"twitter:label1\" content=\"Est. reading time\" \/>\n\t<meta name=\"twitter:data1\" content=\"1 minute\" \/>\n<script type=\"application\/ld+json\" class=\"yoast-schema-graph\">{\"@context\":\"https:\/\/schema.org\",\"@graph\":[{\"@type\":\"WebPage\",\"@id\":\"https:\/\/carfleet.dev1.overscan.io\/es\/solicitar-una-demostracion\/\",\"url\":\"https:\/\/carfleet.dev1.overscan.io\/es\/solicitar-una-demostracion\/\",\"name\":\"Solicitar una demostraci\u00f3n - GAC Car Fleet\",\"isPartOf\":{\"@id\":\"https:\/\/carfleet.dev1.overscan.io\/es\/#website\"},\"primaryImageOfPage\":{\"@id\":\"https:\/\/carfleet.dev1.overscan.io\/es\/solicitar-una-demostracion\/#primaryimage\"},\"image\":{\"@id\":\"https:\/\/carfleet.dev1.overscan.io\/es\/solicitar-una-demostracion\/#primaryimage\"},\"thumbnailUrl\":\"https:\/\/gac.dev1.overscan.io\/app\/uploads\/sites\/2\/2025\/12\/visuels-tableau-de-bord-en.png\",\"datePublished\":\"2025-10-08T07:39:12+00:00\",\"dateModified\":\"2025-12-11T09:25:15+00:00\",\"description\":\"Solicite su demostraci\u00f3n personalizada, gratuita y sin compromiso. GAC Car Fleet: el software l\u00edder en gesti\u00f3n de flotas de veh\u00edculos.\",\"breadcrumb\":{\"@id\":\"https:\/\/carfleet.dev1.overscan.io\/es\/solicitar-una-demostracion\/#breadcrumb\"},\"inLanguage\":\"es-ES\",\"potentialAction\":[{\"@type\":\"ReadAction\",\"target\":[\"https:\/\/carfleet.dev1.overscan.io\/es\/solicitar-una-demostracion\/\"]}]},{\"@type\":\"ImageObject\",\"inLanguage\":\"es-ES\",\"@id\":\"https:\/\/carfleet.dev1.overscan.io\/es\/solicitar-una-demostracion\/#primaryimage\",\"url\":\"https:\/\/gac.dev1.overscan.io\/app\/uploads\/sites\/2\/2025\/12\/visuels-tableau-de-bord-en.png\",\"contentUrl\":\"https:\/\/gac.dev1.overscan.io\/app\/uploads\/sites\/2\/2025\/12\/visuels-tableau-de-bord-en.png\",\"width\":1242,\"height\":932},{\"@type\":\"BreadcrumbList\",\"@id\":\"https:\/\/carfleet.dev1.overscan.io\/es\/solicitar-una-demostracion\/#breadcrumb\",\"itemListElement\":[{\"@type\":\"ListItem\",\"position\":1,\"name\":\"Accueil\",\"item\":\"https:\/\/carfleet.dev1.overscan.io\/es\/\"},{\"@type\":\"ListItem\",\"position\":2,\"name\":\"Solicitar una demostraci\u00f3n\"}]},{\"@type\":\"WebSite\",\"@id\":\"https:\/\/carfleet.dev1.overscan.io\/es\/#website\",\"url\":\"https:\/\/carfleet.dev1.overscan.io\/es\/\",\"name\":\"GAC Car Fleet\",\"description\":\"Logiciels de gestion de flotte automobile\",\"publisher\":{\"@id\":\"https:\/\/carfleet.dev1.overscan.io\/es\/#organization\"},\"potentialAction\":[{\"@type\":\"SearchAction\",\"target\":{\"@type\":\"EntryPoint\",\"urlTemplate\":\"https:\/\/carfleet.dev1.overscan.io\/es\/?s={search_term_string}\"},\"query-input\":{\"@type\":\"PropertyValueSpecification\",\"valueRequired\":true,\"valueName\":\"search_term_string\"}}],\"inLanguage\":\"es-ES\"},{\"@type\":\"Organization\",\"@id\":\"https:\/\/carfleet.dev1.overscan.io\/es\/#organization\",\"name\":\"GAC Car Fleet\",\"url\":\"https:\/\/carfleet.dev1.overscan.io\/es\/\",\"logo\":{\"@type\":\"ImageObject\",\"inLanguage\":\"es-ES\",\"@id\":\"https:\/\/carfleet.dev1.overscan.io\/es\/#\/schema\/logo\/image\/\",\"url\":\"https:\/\/gac.dev1.overscan.io\/app\/uploads\/sites\/2\/2025\/12\/carfleet-logo.svg\",\"contentUrl\":\"https:\/\/gac.dev1.overscan.io\/app\/uploads\/sites\/2\/2025\/12\/carfleet-logo.svg\",\"caption\":\"GAC Car Fleet\"},\"image\":{\"@id\":\"https:\/\/carfleet.dev1.overscan.io\/es\/#\/schema\/logo\/image\/\"}}]}<\/script>\n<!-- \/ Yoast SEO plugin. -->","yoast_head_json":{"title":"Solicitar una demostraci\u00f3n - GAC Car Fleet","description":"Solicite su demostraci\u00f3n personalizada, gratuita y sin compromiso. GAC Car Fleet: el software l\u00edder en gesti\u00f3n de flotas de veh\u00edculos.","robots":{"index":"noindex","follow":"follow","max-snippet":"max-snippet:-1","max-image-preview":"max-image-preview:large","max-video-preview":"max-video-preview:-1"},"og_locale":"es_ES","og_type":"article","og_title":"Solicitar una demostraci\u00f3n - GAC Car Fleet","og_description":"Solicite su demostraci\u00f3n personalizada, gratuita y sin compromiso. GAC Car Fleet: el software l\u00edder en gesti\u00f3n de flotas de veh\u00edculos.","og_url":"https:\/\/carfleet.dev1.overscan.io\/es\/solicitar-una-demostracion\/","og_site_name":"GAC Car Fleet","article_modified_time":"2025-12-11T09:25:15+00:00","og_image":[{"width":1242,"height":932,"url":"https:\/\/gac.dev1.overscan.io\/app\/uploads\/sites\/2\/2025\/12\/visuels-tableau-de-bord-en.png","type":"image\/png"}],"twitter_card":"summary_large_image","twitter_misc":{"Est. reading time":"1 minute"},"schema":{"@context":"https:\/\/schema.org","@graph":[{"@type":"WebPage","@id":"https:\/\/carfleet.dev1.overscan.io\/es\/solicitar-una-demostracion\/","url":"https:\/\/carfleet.dev1.overscan.io\/es\/solicitar-una-demostracion\/","name":"Solicitar una demostraci\u00f3n - GAC Car Fleet","isPartOf":{"@id":"https:\/\/carfleet.dev1.overscan.io\/es\/#website"},"primaryImageOfPage":{"@id":"https:\/\/carfleet.dev1.overscan.io\/es\/solicitar-una-demostracion\/#primaryimage"},"image":{"@id":"https:\/\/carfleet.dev1.overscan.io\/es\/solicitar-una-demostracion\/#primaryimage"},"thumbnailUrl":"https:\/\/gac.dev1.overscan.io\/app\/uploads\/sites\/2\/2025\/12\/visuels-tableau-de-bord-en.png","datePublished":"2025-10-08T07:39:12+00:00","dateModified":"2025-12-11T09:25:15+00:00","description":"Solicite su demostraci\u00f3n personalizada, gratuita y sin compromiso. GAC Car Fleet: el software l\u00edder en gesti\u00f3n de flotas de veh\u00edculos.","breadcrumb":{"@id":"https:\/\/carfleet.dev1.overscan.io\/es\/solicitar-una-demostracion\/#breadcrumb"},"inLanguage":"es-ES","potentialAction":[{"@type":"ReadAction","target":["https:\/\/carfleet.dev1.overscan.io\/es\/solicitar-una-demostracion\/"]}]},{"@type":"ImageObject","inLanguage":"es-ES","@id":"https:\/\/carfleet.dev1.overscan.io\/es\/solicitar-una-demostracion\/#primaryimage","url":"https:\/\/gac.dev1.overscan.io\/app\/uploads\/sites\/2\/2025\/12\/visuels-tableau-de-bord-en.png","contentUrl":"https:\/\/gac.dev1.overscan.io\/app\/uploads\/sites\/2\/2025\/12\/visuels-tableau-de-bord-en.png","width":1242,"height":932},{"@type":"BreadcrumbList","@id":"https:\/\/carfleet.dev1.overscan.io\/es\/solicitar-una-demostracion\/#breadcrumb","itemListElement":[{"@type":"ListItem","position":1,"name":"Accueil","item":"https:\/\/carfleet.dev1.overscan.io\/es\/"},{"@type":"ListItem","position":2,"name":"Solicitar una demostraci\u00f3n"}]},{"@type":"WebSite","@id":"https:\/\/carfleet.dev1.overscan.io\/es\/#website","url":"https:\/\/carfleet.dev1.overscan.io\/es\/","name":"GAC Car Fleet","description":"Logiciels de gestion de flotte automobile","publisher":{"@id":"https:\/\/carfleet.dev1.overscan.io\/es\/#organization"},"potentialAction":[{"@type":"SearchAction","target":{"@type":"EntryPoint","urlTemplate":"https:\/\/carfleet.dev1.overscan.io\/es\/?s={search_term_string}"},"query-input":{"@type":"PropertyValueSpecification","valueRequired":true,"valueName":"search_term_string"}}],"inLanguage":"es-ES"},{"@type":"Organization","@id":"https:\/\/carfleet.dev1.overscan.io\/es\/#organization","name":"GAC Car Fleet","url":"https:\/\/carfleet.dev1.overscan.io\/es\/","logo":{"@type":"ImageObject","inLanguage":"es-ES","@id":"https:\/\/carfleet.dev1.overscan.io\/es\/#\/schema\/logo\/image\/","url":"https:\/\/gac.dev1.overscan.io\/app\/uploads\/sites\/2\/2025\/12\/carfleet-logo.svg","contentUrl":"https:\/\/gac.dev1.overscan.io\/app\/uploads\/sites\/2\/2025\/12\/carfleet-logo.svg","caption":"GAC Car Fleet"},"image":{"@id":"https:\/\/carfleet.dev1.overscan.io\/es\/#\/schema\/logo\/image\/"}}]}},"jetpack_sharing_enabled":true,"_links":{"self":[{"href":"https:\/\/carfleet.dev1.overscan.io\/es\/wp-json\/wp\/v2\/pages\/47234","targetHints":{"allow":["GET"]}}],"collection":[{"href":"https:\/\/carfleet.dev1.overscan.io\/es\/wp-json\/wp\/v2\/pages"}],"about":[{"href":"https:\/\/carfleet.dev1.overscan.io\/es\/wp-json\/wp\/v2\/types\/page"}],"author":[{"embeddable":true,"href":"https:\/\/carfleet.dev1.overscan.io\/es\/wp-json\/wp\/v2\/users\/1"}],"replies":[{"embeddable":true,"href":"https:\/\/carfleet.dev1.overscan.io\/es\/wp-json\/wp\/v2\/comments?post=47234"}],"version-history":[{"count":3,"href":"https:\/\/carfleet.dev1.overscan.io\/es\/wp-json\/wp\/v2\/pages\/47234\/revisions"}],"predecessor-version":[{"id":48848,"href":"https:\/\/carfleet.dev1.overscan.io\/es\/wp-json\/wp\/v2\/pages\/47234\/revisions\/48848"}],"wp:featuredmedia":[{"embeddable":true,"href":"https:\/\/carfleet.dev1.overscan.io\/es\/wp-json\/wp\/v2\/media\/49227"}],"wp:attachment":[{"href":"https:\/\/carfleet.dev1.overscan.io\/es\/wp-json\/wp\/v2\/media?parent=47234"}],"curies":[{"name":"wp","href":"https:\/\/api.w.org\/{rel}","templated":true}]}}