{"id":47198,"date":"2025-10-20T17:56:11","date_gmt":"2025-10-20T15:56:11","guid":{"rendered":"https:\/\/carfleet.dev1.overscan.io\/descargar-nuestro-folleto\/"},"modified":"2026-03-30T11:23:38","modified_gmt":"2026-03-30T09:23:38","slug":"descargar-nuestro-folleto","status":"publish","type":"page","link":"https:\/\/carfleet.dev1.overscan.io\/es\/descargar-nuestro-folleto\/","title":{"rendered":"Descargar nuestro folleto"},"content":{"rendered":"\n<div class=\"wp-block-group has-global-padding is-layout-constrained wp-block-group-is-layout-constrained\"><\/div>\n\n\n\n<div class=\"wp-block-group has-global-padding is-layout-constrained wp-block-group-is-layout-constrained\">\n<div class=\"wp-block-columns is-layout-flex wp-container-core-columns-is-layout-79f90de2 wp-block-columns-is-layout-flex\" style=\"padding-top:var(--wp--preset--spacing--lv-3);padding-bottom:var(--wp--preset--spacing--lv-3)\">\n<div class=\"wp-block-column is-layout-flow wp-block-column-is-layout-flow\" style=\"padding-right:0;padding-left:0;flex-basis:34%\">\n<h2 class=\"wp-block-heading\" id=\"prospect\">M\u00e1s informaci\u00f3n sobre GAC Car Fleet: el software l\u00edder de gesti\u00f3n de flotas de coches<\/h2>\n\n\n\n<p>Descarga nuestro folleto completo para obtener m\u00e1s informaci\u00f3n:<\/p>\n\n\n\n<ul class=\"wp-block-list is-style-list-check\">\n<li>Una presentaci\u00f3n de GAC Software<br\/>(GAC Technology) y su historia<\/li>\n\n\n\n<li>Las principales ventajas de GAC Car Fleet para gestionar tu flota de coches<\/li>\n\n\n\n<li>Una presentaci\u00f3n del GAC Hub  <\/li>\n\n\n\n<li>Descripci\u00f3n de los principales m\u00f3dulos y funciones del Parque M\u00f3vil GAC<\/li>\n\n\n\n<li>Casos pr\u00e1cticos que se adaptan a tu vida cotidiana<\/li>\n\n\n\n<li>Algunos testimonios de nuestros clientes  <\/li>\n<\/ul>\n\n\n\n<p><\/p>\n<\/div>\n\n\n\n<div class=\"wp-block-column is-layout-flow wp-block-column-is-layout-flow\">    <div id=\"zf_div_69da798775beb\"><\/div>\n\n    <script type=\"text\/javascript\">\n    (function(){\n        var container = document.getElementById(\"zf_div_69da798775beb\");\n        if(!container) return;\n\n        var f = document.createElement(\"iframe\");\n\n        var url = \"https:\/\/forms.zohopublic.eu\/gacgroup\/form\/GACCarFleetTlchargerlabrochureFRENESITDENL1\/formperma\/ibr2boU_py21WFPTq4RsBPNck1KYGDB9KFQSkfw6L4c?zf_lang=es\";\n\n        if(url.indexOf('?') !== -1){\n            f.src = url + \"&zf_rszfm=1\";\n        }else{\n            f.src = url + \"?zf_rszfm=1\";\n        }\n\n        f.style.border = \"none\";\n        f.style.width = \"100%\";\n        f.style.height = \"400px\";\n        f.setAttribute(\"loading\",\"lazy\");\n        container.appendChild(f);\n\n        function handleMessage(ev) {\n            if(!ev.data || typeof ev.data !== \"string\") return;\n\n            var parts = ev.data.split(\"|\");\n            if(parts.length < 2) return;\n\n            var zf_perma = parts[0];\n            var newHeight = parseInt(parts[1],10);\n            if(isNaN(newHeight)) return;\n\n            if(f.src.indexOf(zf_perma) === -1) return;\n\n            f.style.height = (newHeight + 15) + \"px\";\n\n            if(parts.length === 3) {\n                setTimeout(function(){ f.scrollIntoView({behavior:\"smooth\"}); }, 500);\n            }\n        }\n\n        window.addEventListener(\"message\", handleMessage, false);\n\n    })();\n    <\/script>\n    \n<\/div>\n<\/div>\n<\/div>\n\n\n\n<div class=\"wp-block-ovs-blocks-decoration alignfull custom-decoration\"><div class=\"custom-decoration__img\" style=\"top:-290px;left:0;right:initial;width:400px\" data-desktop-style=\"{&quot;top&quot;:&quot;-290px&quot;,&quot;left&quot;:&quot;0&quot;,&quot;right&quot;:&quot;initial&quot;,&quot;width&quot;:&quot;400px&quot;}\" data-mobile-style=\"{&quot;top&quot;:&quot;0px&quot;,&quot;left&quot;:&quot;0&quot;,&quot;right&quot;:&quot;initial&quot;,&quot;width&quot;:&quot;200px&quot;}\" data-hide-on-mobile=\"true\"><img decoding=\"async\" src=\"https:\/\/gac.dev1.overscan.io\/app\/uploads\/sites\/2\/2025\/10\/Ellipse-6.svg\" alt=\"\" \/><\/div><\/div>\n\n\n\n<p><\/p>\n\n\n\n<div class=\"wp-block-group alignfull has-primary-background-color has-background has-global-padding is-layout-constrained wp-block-group-is-layout-constrained\" style=\"margin-top:0;padding-top:40px;padding-bottom:0px\">\n<h2 class=\"wp-block-heading has-text-align-center\">Ya conf\u00edan en GAC\u00a0Software<\/h2>\n\n\n\n<div style=\"padding-top:var(--wp--preset--spacing--lv-2);\" class=\"swiper alignwide logo-slider wp-block-ovs-blocks-slider-image\" data-swiper=\"{&quot;autoplay&quot;:true,&quot;navigation&quot;:false,&quot;pagination&quot;:false,&quot;slidesPerView&quot;:9,&quot;slidesPerViewMobile&quot;:2}\">\n\n\t<div class=\"swiper-wrapper\">\n\t\t\n\n<figure class=\"wp-block-image size-full swiper-slide\"><img decoding=\"async\" src=\"https:\/\/gac.dev1.overscan.io\/app\/uploads\/2025\/05\/salomon-logo.png\" alt=\"\" class=\"wp-image-37071\"\/><\/figure>\n\n\n\n<figure class=\"wp-block-image size-full swiper-slide\"><img decoding=\"async\" src=\"https:\/\/gac.dev1.overscan.io\/app\/uploads\/2025\/05\/stef-logo.png\" alt=\"\" class=\"wp-image-37069\"\/><\/figure>\n\n\n\n<figure class=\"wp-block-image size-full swiper-slide\"><img decoding=\"async\" src=\"https:\/\/gac.dev1.overscan.io\/app\/uploads\/2025\/05\/pierre-fabre-logo.png\" alt=\"\" class=\"wp-image-37073\"\/><\/figure>\n\n\n\n<figure class=\"wp-block-image size-full swiper-slide\"><img decoding=\"async\" src=\"https:\/\/gac.dev1.overscan.io\/app\/uploads\/2025\/05\/pasquier-logo.png\" alt=\"\" class=\"wp-image-37075\"\/><\/figure>\n\n\n\n<figure class=\"wp-block-image size-full swiper-slide\"><img decoding=\"async\" src=\"https:\/\/gac.dev1.overscan.io\/app\/uploads\/2025\/05\/mazars-logo.png\" alt=\"\" class=\"wp-image-37081\"\/><\/figure>\n\n\n\n<figure class=\"wp-block-image size-full swiper-slide\"><img decoding=\"async\" src=\"https:\/\/gac.dev1.overscan.io\/app\/uploads\/2025\/05\/malakoff-humanis-logo.png\" alt=\"\" class=\"wp-image-37085\"\/><\/figure>\n\n\n\n<figure class=\"wp-block-image size-full swiper-slide\"><img decoding=\"async\" src=\"https:\/\/gac.dev1.overscan.io\/app\/uploads\/2025\/05\/legrand-logo.png\" alt=\"\" class=\"wp-image-37089\"\/><\/figure>\n\n\n\n<figure class=\"wp-block-image size-full swiper-slide\"><img decoding=\"async\" src=\"https:\/\/gac.dev1.overscan.io\/app\/uploads\/2025\/05\/jp-energie-environnementlogo.png\" alt=\"\" class=\"wp-image-37093\"\/><\/figure>\n\n\n\n<figure class=\"wp-block-image size-full swiper-slide\"><img decoding=\"async\" src=\"https:\/\/gac.dev1.overscan.io\/app\/uploads\/2025\/05\/geodis-logo.png\" alt=\"\" class=\"wp-image-37095\"\/><\/figure>\n\n\n\n<figure class=\"wp-block-image size-full swiper-slide\"><img decoding=\"async\" src=\"https:\/\/gac.dev1.overscan.io\/app\/uploads\/2025\/05\/fujitsu-logo.png\" alt=\"\" class=\"wp-image-37097\"\/><\/figure>\n\n\n\n<figure class=\"wp-block-image size-full swiper-slide\"><img decoding=\"async\" src=\"https:\/\/gac.dev1.overscan.io\/app\/uploads\/2025\/05\/francetv-logo.png\" alt=\"\" class=\"wp-image-37099\"\/><\/figure>\n\n\n\n<figure class=\"wp-block-image size-full swiper-slide\"><img decoding=\"async\" src=\"https:\/\/gac.dev1.overscan.io\/app\/uploads\/2025\/05\/foodles-logo.png\" alt=\"\" class=\"wp-image-37101\"\/><\/figure>\n\n\n\n<figure class=\"wp-block-image size-full swiper-slide\"><img decoding=\"async\" src=\"https:\/\/gac.dev1.overscan.io\/app\/uploads\/2025\/05\/enedis-logo.png\" alt=\"\" class=\"wp-image-37103\"\/><\/figure>\n\n\n\n<figure class=\"wp-block-image size-full swiper-slide\"><img decoding=\"async\" src=\"https:\/\/gac.dev1.overscan.io\/app\/uploads\/2025\/05\/edf-logo.png\" alt=\"\" class=\"wp-image-37105\"\/><\/figure>\n\n\n\n<figure class=\"wp-block-image size-full swiper-slide\"><img decoding=\"async\" src=\"https:\/\/gac.dev1.overscan.io\/app\/uploads\/2025\/05\/coyote-logo.png\" alt=\"\" class=\"wp-image-37107\"\/><\/figure>\n\n\n\n<figure class=\"wp-block-image size-full swiper-slide\"><img decoding=\"async\" src=\"https:\/\/gac.dev1.overscan.io\/app\/uploads\/2025\/05\/cegid-logo.png\" alt=\"\" class=\"wp-image-37109\"\/><\/figure>\n\n\n\n<figure class=\"wp-block-image aligncenter size-full swiper-slide\"><img decoding=\"async\" src=\"https:\/\/gac.dev1.overscan.io\/app\/uploads\/2025\/05\/orange-logo.png\" alt=\"\" class=\"wp-image-37077\"\/><\/figure>\n\n\n\n<figure class=\"wp-block-image size-full swiper-slide\"><img decoding=\"async\" src=\"https:\/\/gac.dev1.overscan.io\/app\/uploads\/2025\/05\/casino-logo.png\" alt=\"\" class=\"wp-image-37111\"\/><\/figure>\n\n\n\n<figure class=\"wp-block-image size-full swiper-slide\"><img decoding=\"async\" src=\"https:\/\/gac.dev1.overscan.io\/app\/uploads\/2025\/05\/boiron2-logo.png\" alt=\"\" class=\"wp-image-37113\"\/><\/figure>\n\n\n\n<figure class=\"wp-block-image size-full swiper-slide\"><img decoding=\"async\" src=\"https:\/\/gac.dev1.overscan.io\/app\/uploads\/2025\/05\/bayer-logo.png\" alt=\"\" class=\"wp-image-37115\"\/><\/figure>\n\n\n\n<figure class=\"wp-block-image size-full swiper-slide\"><img decoding=\"async\" src=\"https:\/\/gac.dev1.overscan.io\/app\/uploads\/2025\/05\/lidl-logo.png\" alt=\"\" class=\"wp-image-37087\"\/><\/figure>\n\n\n\n<figure class=\"wp-block-image size-full swiper-slide\"><img decoding=\"async\" src=\"https:\/\/gac.dev1.overscan.io\/app\/uploads\/2025\/05\/boiron1-logo.png\" alt=\"\" class=\"wp-image-37117\"\/><\/figure>\n\n\n\n<figure class=\"wp-block-image size-full swiper-slide\"><img decoding=\"async\" src=\"https:\/\/gac.dev1.overscan.io\/app\/uploads\/2025\/05\/altares-logo.png\" alt=\"\" class=\"wp-image-37119\"\/><\/figure>\n\n\n\n<figure class=\"wp-block-image size-full swiper-slide\"><img decoding=\"async\" src=\"https:\/\/gac.dev1.overscan.io\/app\/uploads\/2025\/05\/le-moulin-logo.png\" alt=\"\" class=\"wp-image-37091\"\/><\/figure>\n\n\n\n<figure class=\"wp-block-image size-full swiper-slide\"><img decoding=\"async\" src=\"https:\/\/gac.dev1.overscan.io\/app\/uploads\/2025\/05\/airbus-logo.png\" alt=\"\" class=\"wp-image-37121\"\/><\/figure>\n\n\n\n<figure class=\"wp-block-image size-full swiper-slide\"><img decoding=\"async\" src=\"https:\/\/gac.dev1.overscan.io\/app\/uploads\/2025\/05\/adecco-logo.png\" alt=\"\" class=\"wp-image-37123\"\/><\/figure>\n\n\n\n<figure class=\"wp-block-image size-full swiper-slide\"><img decoding=\"async\" src=\"https:\/\/gac.dev1.overscan.io\/app\/uploads\/2025\/05\/accor-hotels.png\" alt=\"\" class=\"wp-image-37125\"\/><\/figure>\n\n\n\n<figure class=\"wp-block-image size-full swiper-slide\"><img decoding=\"async\" src=\"https:\/\/gac.dev1.overscan.io\/app\/uploads\/2025\/05\/1pact-logo.png\" alt=\"\" class=\"wp-image-37127\"\/><\/figure>\n\n\n\n<figure class=\"wp-block-image size-full swiper-slide\"><img decoding=\"async\" src=\"https:\/\/gac.dev1.overscan.io\/app\/uploads\/2025\/11\/tf1-logo-blanc-1.png\" alt=\"\" class=\"wp-image-43068\"\/><\/figure>\n\n\t<\/div>\n        \n    <\/div><\/div>\n","protected":false},"excerpt":{"rendered":"","protected":false},"author":8,"featured_media":49227,"parent":0,"menu_order":0,"comment_status":"closed","ping_status":"closed","template":"","meta":{"ovs_hero_subtitle":"","ovs_hero_text_content":"Gestione su flota de manera eficaz, desde el pedido hasta la devoluci\u00f3n, con ayuda de GAC Car Fleet. ","ovs_hero_button_text":"","ovs_hero_button_url":"","ovs_hero_button_two_text":"","ovs_hero_button_two_url":"","ovs_hero_is_elispe":"yes","footnotes":""},"class_list":["post-47198","page","type-page","status-publish","has-post-thumbnail","hentry"],"yoast_head":"<!-- This site is optimized with the Yoast SEO plugin v27.1.1 - https:\/\/yoast.com\/product\/yoast-seo-wordpress\/ -->\n<title>Descargar nuestro folleto completo - GAC Car Fleet<\/title>\n<meta name=\"description\" content=\"GAC Car Fleet, el software l\u00edder para la gesti\u00f3n de su flota de veh\u00edculos. Descargue nuestro folleto completo.\" \/>\n<meta name=\"robots\" content=\"noindex, follow, max-snippet:-1, max-image-preview:large, max-video-preview:-1\" \/>\n<meta property=\"og:locale\" content=\"es_ES\" \/>\n<meta property=\"og:type\" content=\"article\" \/>\n<meta property=\"og:title\" content=\"Descargar nuestro folleto completo - GAC Car Fleet\" \/>\n<meta property=\"og:description\" content=\"GAC Car Fleet, el software l\u00edder para la gesti\u00f3n de su flota de veh\u00edculos. Descargue nuestro folleto completo.\" \/>\n<meta property=\"og:url\" content=\"https:\/\/carfleet.dev1.overscan.io\/es\/descargar-nuestro-folleto\/\" \/>\n<meta property=\"og:site_name\" content=\"GAC Car Fleet\" \/>\n<meta property=\"article:modified_time\" content=\"2026-03-30T09:23:38+00:00\" \/>\n<meta property=\"og:image\" content=\"https:\/\/gac.dev1.overscan.io\/app\/uploads\/sites\/2\/2025\/12\/visuels-tableau-de-bord-en.png\" \/>\n\t<meta property=\"og:image:width\" content=\"1242\" \/>\n\t<meta property=\"og:image:height\" content=\"932\" \/>\n\t<meta property=\"og:image:type\" content=\"image\/png\" \/>\n<meta name=\"twitter:card\" content=\"summary_large_image\" \/>\n<meta name=\"twitter:label1\" content=\"Est. reading time\" \/>\n\t<meta name=\"twitter:data1\" content=\"1 minute\" \/>\n<script type=\"application\/ld+json\" class=\"yoast-schema-graph\">{\"@context\":\"https:\/\/schema.org\",\"@graph\":[{\"@type\":\"WebPage\",\"@id\":\"https:\/\/carfleet.dev1.overscan.io\/es\/descargar-nuestro-folleto\/\",\"url\":\"https:\/\/carfleet.dev1.overscan.io\/es\/descargar-nuestro-folleto\/\",\"name\":\"Descargar nuestro folleto completo - GAC Car Fleet\",\"isPartOf\":{\"@id\":\"https:\/\/carfleet.dev1.overscan.io\/es\/#website\"},\"primaryImageOfPage\":{\"@id\":\"https:\/\/carfleet.dev1.overscan.io\/es\/descargar-nuestro-folleto\/#primaryimage\"},\"image\":{\"@id\":\"https:\/\/carfleet.dev1.overscan.io\/es\/descargar-nuestro-folleto\/#primaryimage\"},\"thumbnailUrl\":\"https:\/\/gac.dev1.overscan.io\/app\/uploads\/sites\/2\/2025\/12\/visuels-tableau-de-bord-en.png\",\"datePublished\":\"2025-10-20T15:56:11+00:00\",\"dateModified\":\"2026-03-30T09:23:38+00:00\",\"description\":\"GAC Car Fleet, el software l\u00edder para la gesti\u00f3n de su flota de veh\u00edculos. Descargue nuestro folleto completo.\",\"breadcrumb\":{\"@id\":\"https:\/\/carfleet.dev1.overscan.io\/es\/descargar-nuestro-folleto\/#breadcrumb\"},\"inLanguage\":\"es-ES\",\"potentialAction\":[{\"@type\":\"ReadAction\",\"target\":[\"https:\/\/carfleet.dev1.overscan.io\/es\/descargar-nuestro-folleto\/\"]}]},{\"@type\":\"ImageObject\",\"inLanguage\":\"es-ES\",\"@id\":\"https:\/\/carfleet.dev1.overscan.io\/es\/descargar-nuestro-folleto\/#primaryimage\",\"url\":\"https:\/\/gac.dev1.overscan.io\/app\/uploads\/sites\/2\/2025\/12\/visuels-tableau-de-bord-en.png\",\"contentUrl\":\"https:\/\/gac.dev1.overscan.io\/app\/uploads\/sites\/2\/2025\/12\/visuels-tableau-de-bord-en.png\",\"width\":1242,\"height\":932},{\"@type\":\"BreadcrumbList\",\"@id\":\"https:\/\/carfleet.dev1.overscan.io\/es\/descargar-nuestro-folleto\/#breadcrumb\",\"itemListElement\":[{\"@type\":\"ListItem\",\"position\":1,\"name\":\"Accueil\",\"item\":\"https:\/\/carfleet.dev1.overscan.io\/es\/\"},{\"@type\":\"ListItem\",\"position\":2,\"name\":\"Descargar nuestro folleto\"}]},{\"@type\":\"WebSite\",\"@id\":\"https:\/\/carfleet.dev1.overscan.io\/es\/#website\",\"url\":\"https:\/\/carfleet.dev1.overscan.io\/es\/\",\"name\":\"GAC Car Fleet\",\"description\":\"Logiciels de gestion de flotte automobile\",\"publisher\":{\"@id\":\"https:\/\/carfleet.dev1.overscan.io\/es\/#organization\"},\"potentialAction\":[{\"@type\":\"SearchAction\",\"target\":{\"@type\":\"EntryPoint\",\"urlTemplate\":\"https:\/\/carfleet.dev1.overscan.io\/es\/?s={search_term_string}\"},\"query-input\":{\"@type\":\"PropertyValueSpecification\",\"valueRequired\":true,\"valueName\":\"search_term_string\"}}],\"inLanguage\":\"es-ES\"},{\"@type\":\"Organization\",\"@id\":\"https:\/\/carfleet.dev1.overscan.io\/es\/#organization\",\"name\":\"GAC Car Fleet\",\"url\":\"https:\/\/carfleet.dev1.overscan.io\/es\/\",\"logo\":{\"@type\":\"ImageObject\",\"inLanguage\":\"es-ES\",\"@id\":\"https:\/\/carfleet.dev1.overscan.io\/es\/#\/schema\/logo\/image\/\",\"url\":\"https:\/\/gac.dev1.overscan.io\/app\/uploads\/sites\/2\/2025\/12\/carfleet-logo.svg\",\"contentUrl\":\"https:\/\/gac.dev1.overscan.io\/app\/uploads\/sites\/2\/2025\/12\/carfleet-logo.svg\",\"caption\":\"GAC Car Fleet\"},\"image\":{\"@id\":\"https:\/\/carfleet.dev1.overscan.io\/es\/#\/schema\/logo\/image\/\"}}]}<\/script>\n<!-- \/ Yoast SEO plugin. -->","yoast_head_json":{"title":"Descargar nuestro folleto completo - GAC Car Fleet","description":"GAC Car Fleet, el software l\u00edder para la gesti\u00f3n de su flota de veh\u00edculos. Descargue nuestro folleto completo.","robots":{"index":"noindex","follow":"follow","max-snippet":"max-snippet:-1","max-image-preview":"max-image-preview:large","max-video-preview":"max-video-preview:-1"},"og_locale":"es_ES","og_type":"article","og_title":"Descargar nuestro folleto completo - GAC Car Fleet","og_description":"GAC Car Fleet, el software l\u00edder para la gesti\u00f3n de su flota de veh\u00edculos. Descargue nuestro folleto completo.","og_url":"https:\/\/carfleet.dev1.overscan.io\/es\/descargar-nuestro-folleto\/","og_site_name":"GAC Car Fleet","article_modified_time":"2026-03-30T09:23:38+00:00","og_image":[{"width":1242,"height":932,"url":"https:\/\/gac.dev1.overscan.io\/app\/uploads\/sites\/2\/2025\/12\/visuels-tableau-de-bord-en.png","type":"image\/png"}],"twitter_card":"summary_large_image","twitter_misc":{"Est. reading time":"1 minute"},"schema":{"@context":"https:\/\/schema.org","@graph":[{"@type":"WebPage","@id":"https:\/\/carfleet.dev1.overscan.io\/es\/descargar-nuestro-folleto\/","url":"https:\/\/carfleet.dev1.overscan.io\/es\/descargar-nuestro-folleto\/","name":"Descargar nuestro folleto completo - GAC Car Fleet","isPartOf":{"@id":"https:\/\/carfleet.dev1.overscan.io\/es\/#website"},"primaryImageOfPage":{"@id":"https:\/\/carfleet.dev1.overscan.io\/es\/descargar-nuestro-folleto\/#primaryimage"},"image":{"@id":"https:\/\/carfleet.dev1.overscan.io\/es\/descargar-nuestro-folleto\/#primaryimage"},"thumbnailUrl":"https:\/\/gac.dev1.overscan.io\/app\/uploads\/sites\/2\/2025\/12\/visuels-tableau-de-bord-en.png","datePublished":"2025-10-20T15:56:11+00:00","dateModified":"2026-03-30T09:23:38+00:00","description":"GAC Car Fleet, el software l\u00edder para la gesti\u00f3n de su flota de veh\u00edculos. Descargue nuestro folleto completo.","breadcrumb":{"@id":"https:\/\/carfleet.dev1.overscan.io\/es\/descargar-nuestro-folleto\/#breadcrumb"},"inLanguage":"es-ES","potentialAction":[{"@type":"ReadAction","target":["https:\/\/carfleet.dev1.overscan.io\/es\/descargar-nuestro-folleto\/"]}]},{"@type":"ImageObject","inLanguage":"es-ES","@id":"https:\/\/carfleet.dev1.overscan.io\/es\/descargar-nuestro-folleto\/#primaryimage","url":"https:\/\/gac.dev1.overscan.io\/app\/uploads\/sites\/2\/2025\/12\/visuels-tableau-de-bord-en.png","contentUrl":"https:\/\/gac.dev1.overscan.io\/app\/uploads\/sites\/2\/2025\/12\/visuels-tableau-de-bord-en.png","width":1242,"height":932},{"@type":"BreadcrumbList","@id":"https:\/\/carfleet.dev1.overscan.io\/es\/descargar-nuestro-folleto\/#breadcrumb","itemListElement":[{"@type":"ListItem","position":1,"name":"Accueil","item":"https:\/\/carfleet.dev1.overscan.io\/es\/"},{"@type":"ListItem","position":2,"name":"Descargar nuestro folleto"}]},{"@type":"WebSite","@id":"https:\/\/carfleet.dev1.overscan.io\/es\/#website","url":"https:\/\/carfleet.dev1.overscan.io\/es\/","name":"GAC Car Fleet","description":"Logiciels de gestion de flotte automobile","publisher":{"@id":"https:\/\/carfleet.dev1.overscan.io\/es\/#organization"},"potentialAction":[{"@type":"SearchAction","target":{"@type":"EntryPoint","urlTemplate":"https:\/\/carfleet.dev1.overscan.io\/es\/?s={search_term_string}"},"query-input":{"@type":"PropertyValueSpecification","valueRequired":true,"valueName":"search_term_string"}}],"inLanguage":"es-ES"},{"@type":"Organization","@id":"https:\/\/carfleet.dev1.overscan.io\/es\/#organization","name":"GAC Car Fleet","url":"https:\/\/carfleet.dev1.overscan.io\/es\/","logo":{"@type":"ImageObject","inLanguage":"es-ES","@id":"https:\/\/carfleet.dev1.overscan.io\/es\/#\/schema\/logo\/image\/","url":"https:\/\/gac.dev1.overscan.io\/app\/uploads\/sites\/2\/2025\/12\/carfleet-logo.svg","contentUrl":"https:\/\/gac.dev1.overscan.io\/app\/uploads\/sites\/2\/2025\/12\/carfleet-logo.svg","caption":"GAC Car Fleet"},"image":{"@id":"https:\/\/carfleet.dev1.overscan.io\/es\/#\/schema\/logo\/image\/"}}]}},"jetpack_sharing_enabled":true,"_links":{"self":[{"href":"https:\/\/carfleet.dev1.overscan.io\/es\/wp-json\/wp\/v2\/pages\/47198","targetHints":{"allow":["GET"]}}],"collection":[{"href":"https:\/\/carfleet.dev1.overscan.io\/es\/wp-json\/wp\/v2\/pages"}],"about":[{"href":"https:\/\/carfleet.dev1.overscan.io\/es\/wp-json\/wp\/v2\/types\/page"}],"author":[{"embeddable":true,"href":"https:\/\/carfleet.dev1.overscan.io\/es\/wp-json\/wp\/v2\/users\/8"}],"replies":[{"embeddable":true,"href":"https:\/\/carfleet.dev1.overscan.io\/es\/wp-json\/wp\/v2\/comments?post=47198"}],"version-history":[{"count":3,"href":"https:\/\/carfleet.dev1.overscan.io\/es\/wp-json\/wp\/v2\/pages\/47198\/revisions"}],"predecessor-version":[{"id":48814,"href":"https:\/\/carfleet.dev1.overscan.io\/es\/wp-json\/wp\/v2\/pages\/47198\/revisions\/48814"}],"wp:featuredmedia":[{"embeddable":true,"href":"https:\/\/carfleet.dev1.overscan.io\/es\/wp-json\/wp\/v2\/media\/49227"}],"wp:attachment":[{"href":"https:\/\/carfleet.dev1.overscan.io\/es\/wp-json\/wp\/v2\/media?parent=47198"}],"curies":[{"name":"wp","href":"https:\/\/api.w.org\/{rel}","templated":true}]}}