{"id":47084,"date":"2025-10-02T18:06:27","date_gmt":"2025-10-02T16:06:27","guid":{"rendered":"https:\/\/carfleet.dev1.overscan.io\/mycarfleet\/"},"modified":"2026-02-20T12:04:09","modified_gmt":"2026-02-20T11:04:09","slug":"mycarfleet","status":"publish","type":"page","link":"https:\/\/carfleet.dev1.overscan.io\/es\/todas-nuestras-soluciones-para-flotas\/mycarfleet\/","title":{"rendered":"MyCarFleet"},"content":{"rendered":"\n<div class=\"wp-block-group has-global-padding is-layout-constrained wp-block-group-is-layout-constrained\" style=\"margin-top:var(--wp--preset--spacing--lv-2);margin-bottom:var(--wp--preset--spacing--lv-4)\">\n<h2 class=\"wp-block-heading has-text-align-center\">Descubra las principales funciones de MyCarFleet en menos de dos minutos<\/h2>\n\n\n\n<div class=\"wp-block-group has-global-padding is-layout-constrained wp-container-core-group-is-layout-8d3d4e5c wp-block-group-is-layout-constrained\" style=\"padding-top:10px\">\n<figure class=\"wp-block-image size-large has-custom-border\"><a href=\"https:\/\/www.youtube.com\/watch?v=QPQeNxdn3j8\" target=\"_blank\" rel=\" noreferrer noopener\"><img loading=\"lazy\" decoding=\"async\" width=\"1024\" height=\"576\" src=\"https:\/\/gac.dev1.overscan.io\/app\/uploads\/sites\/2\/2025\/10\/Image-video-play-1024x576.png\" alt=\"\" class=\"wp-image-45804\" style=\"border-radius:30px\" srcset=\"https:\/\/gac.dev1.overscan.io\/app\/uploads\/sites\/2\/2025\/10\/Image-video-play-1024x576.png 1024w, https:\/\/gac.dev1.overscan.io\/app\/uploads\/sites\/2\/2025\/10\/Image-video-play-300x169.png 300w, https:\/\/gac.dev1.overscan.io\/app\/uploads\/sites\/2\/2025\/10\/Image-video-play-768x432.png 768w, https:\/\/gac.dev1.overscan.io\/app\/uploads\/sites\/2\/2025\/10\/Image-video-play.png 1200w\" sizes=\"auto, (max-width: 1024px) 100vw, 1024px\" \/><\/a><\/figure>\n\n\n\n<div class=\"wp-block-buttons is-content-justification-center is-layout-flex wp-container-core-buttons-is-layout-a89b3969 wp-block-buttons-is-layout-flex\">\n<div class=\"wp-block-button is-style-secondary is-style-secondary--1\"><a class=\"wp-block-button__link wp-element-button\" href=\"https:\/\/www.youtube.com\/watch?v=QPQeNxdn3j8\">Ver el v\u00eddeo<\/a><\/div>\n<\/div>\n<\/div>\n<\/div>\n\n\n\n<div class=\"wp-block-group alignwide has-global-padding is-layout-constrained wp-container-core-group-is-layout-334a2726 wp-block-group-is-layout-constrained\">\n<h2 class=\"wp-block-heading has-text-align-center\">Equipar a los conductores con MyCarFleet ahorra mucho tiempo a los gestores de flotas en su d\u00eda a d\u00eda<\/h2>\n\n\n\n<p class=\"has-text-align-center has-primary-color has-text-color has-link-color wp-elements-c13d128ef3fd42fd44d9bf3cf11acf5f\">Mant\u00e9ngase en contacto con su flota de veh\u00edculos<\/p>\n\n\n\n<div class=\"wp-block-columns alignwide are-vertically-aligned-center is-layout-flex wp-container-core-columns-is-layout-a8f0bf0b wp-block-columns-is-layout-flex\" style=\"margin-top:var(--wp--preset--spacing--lv-2)\">\n<div class=\"wp-block-column is-vertically-aligned-center is-layout-flow wp-block-column-is-layout-flow\" style=\"flex-basis:60%\">\n<figure class=\"wp-block-image size-full\"><img loading=\"lazy\" decoding=\"async\" width=\"800\" height=\"600\" src=\"https:\/\/gac.dev1.overscan.io\/app\/uploads\/sites\/2\/2025\/12\/MCF1-EN-ok-1.png\" alt=\"\" class=\"wp-image-48449\" srcset=\"https:\/\/gac.dev1.overscan.io\/app\/uploads\/sites\/2\/2025\/12\/MCF1-EN-ok-1.png 800w, https:\/\/gac.dev1.overscan.io\/app\/uploads\/sites\/2\/2025\/12\/MCF1-EN-ok-1-300x225.png 300w, https:\/\/gac.dev1.overscan.io\/app\/uploads\/sites\/2\/2025\/12\/MCF1-EN-ok-1-768x576.png 768w\" sizes=\"auto, (max-width: 800px) 100vw, 800px\" \/><\/figure>\n<\/div>\n\n\n\n<div class=\"wp-block-column is-vertically-aligned-center is-layout-flow wp-container-core-column-is-layout-7fea69c4 wp-block-column-is-layout-flow\" style=\"flex-basis:40%\">\n<div class=\"wp-block-group has-global-padding is-layout-constrained wp-block-group-is-layout-constrained\">\n<h3 class=\"wp-block-heading\">Toda la informaci\u00f3n de los veh\u00edculos al alcance de la mano:<\/h3>\n\n\n\n<p>matr\u00edcula, kilometraje, tipo de contrato o pr\u00f3ximas revisiones de mantenimiento para una gesti\u00f3n plenamente controlada<\/p>\n<\/div>\n\n\n\n<div class=\"wp-block-group has-global-padding is-layout-constrained wp-block-group-is-layout-constrained\">\n<h3 class=\"wp-block-heading\">Autonom\u00eda para el conductor en sus gestiones:<\/h3>\n\n\n\n<p>tutoriales de uso, reserva de veh\u00edculos del parque m\u00f3vil, b\u00fasqueda de proveedores, servicios de proveedores (Carool, Euromaster, etc.)<\/p>\n<\/div>\n\n\n\n<div class=\"wp-block-buttons is-layout-flex wp-block-buttons-is-layout-flex\">\n<div class=\"wp-block-button is-style-fill\"><a class=\"wp-block-button__link wp-element-button\" href=\"https:\/\/carfleet.dev1.overscan.io\/es\/descargar-nuestro-folleto\/\">Descargar el folleto<\/a><\/div>\n<\/div>\n<\/div>\n<\/div>\n<\/div>\n\n\n\n<div class=\"wp-block-columns alignwide are-vertically-aligned-center is-layout-flex wp-container-core-columns-is-layout-04a176a0 wp-block-columns-is-layout-flex\" style=\"margin-top:var(--wp--preset--spacing--lv-4)\">\n<div class=\"wp-block-column is-vertically-aligned-center is-layout-flow wp-block-column-is-layout-flow\" style=\"flex-basis:40%\">\n<div class=\"wp-block-group has-global-padding is-layout-constrained wp-block-group-is-layout-constrained\">\n<h3 class=\"wp-block-heading\">Integraci\u00f3n autom\u00e1tica de los datos en GAC Car Fleet:<\/h3>\n\n\n\n<p>registre sus sanciones de aparcamiento y los detalles del veh\u00edculo para una gesti\u00f3n fluida que permite ahorrar tiempo a todas las partes<\/p>\n<\/div>\n\n\n\n<div class=\"wp-block-group has-global-padding is-layout-constrained wp-block-group-is-layout-constrained\">\n<h3 class=\"wp-block-heading\">Comunicaci\u00f3n simplificada con el gestor:<\/h3>\n\n\n\n<p>dos perfiles disponibles, mensajer\u00eda integrada, gesti\u00f3n del mantenimiento, etc.<\/p>\n<\/div>\n\n\n\n<div class=\"wp-block-buttons is-layout-flex wp-block-buttons-is-layout-flex\">\n<div class=\"wp-block-button is-style-fill\"><a class=\"wp-block-button__link wp-element-button\" href=\"https:\/\/carfleet.dev1.overscan.io\/es\/descargar-nuestro-folleto\/\">Descargar el folleto<\/a><\/div>\n<\/div>\n<\/div>\n\n\n\n<div class=\"wp-block-column is-vertically-aligned-center is-layout-flow wp-block-column-is-layout-flow\" style=\"flex-basis:60%\">\n<figure class=\"wp-block-image size-full\"><img loading=\"lazy\" decoding=\"async\" width=\"800\" height=\"600\" src=\"https:\/\/gac.dev1.overscan.io\/app\/uploads\/sites\/2\/2025\/12\/MCF2-EN-ok-1.png\" alt=\"\" class=\"wp-image-48443\" srcset=\"https:\/\/gac.dev1.overscan.io\/app\/uploads\/sites\/2\/2025\/12\/MCF2-EN-ok-1.png 800w, https:\/\/gac.dev1.overscan.io\/app\/uploads\/sites\/2\/2025\/12\/MCF2-EN-ok-1-300x225.png 300w, https:\/\/gac.dev1.overscan.io\/app\/uploads\/sites\/2\/2025\/12\/MCF2-EN-ok-1-768x576.png 768w\" sizes=\"auto, (max-width: 800px) 100vw, 800px\" \/><\/figure>\n<\/div>\n<\/div>\n\n\n\n<div class=\"wp-block-group alignwide contact-request-block contact-request-block--fleet has-yellow-light-background-color has-background has-global-padding is-layout-constrained wp-container-core-group-is-layout-537a5fa7 wp-block-group-is-layout-constrained\" style=\"border-radius:24px;margin-top:125px;margin-bottom:var(--wp--preset--spacing--lv-3);padding-top:65px;padding-bottom:65px\">\n<div class=\"wp-block-columns alignwide inverse-column wp-container-content-9cfa9a5a is-layout-flex wp-container-core-columns-is-layout-6dd10c44 wp-block-columns-is-layout-flex\" style=\"padding-right:var(--wp--preset--spacing--lv-1);padding-left:var(--wp--preset--spacing--lv-1)\">\n<div class=\"wp-block-column hero-text-column is-layout-flow wp-block-column-is-layout-flow\" style=\"flex-basis:66%\">\n<h2 class=\"wp-block-heading\">Siga, gestione y optimice su flota de veh\u00edculos directamente desde la aplicaci\u00f3n MyCarFleet<\/h2>\n\n\n\n<div class=\"wp-block-buttons is-layout-flex wp-block-buttons-is-layout-flex\">\n<div class=\"wp-block-button is-style-yellow-fleet is-style-yellow-fleet--2\"><a class=\"wp-block-button__link wp-element-button\" href=\"https:\/\/carfleet.dev1.overscan.io\/es\/solicitar-una-demostracion\/\" target=\"_blank\" rel=\"noreferrer noopener\">Solicitar una demostraci\u00f3n<\/a><\/div>\n<\/div>\n<\/div>\n\n\n\n<div class=\"wp-block-column is-vertically-aligned-top center-content-into-column is-layout-flow wp-block-column-is-layout-flow\" style=\"flex-basis:50%\">\n<figure class=\"wp-block-image size-full is-resized contact-request-block-img\"><img loading=\"lazy\" decoding=\"async\" width=\"400\" height=\"300\" src=\"https:\/\/gac.dev1.overscan.io\/app\/uploads\/sites\/2\/2025\/10\/icone-3.png\" alt=\"\" class=\"wp-image-45808\" style=\"object-fit:cover;width:423px;height:auto\" srcset=\"https:\/\/gac.dev1.overscan.io\/app\/uploads\/sites\/2\/2025\/10\/icone-3.png 400w, https:\/\/gac.dev1.overscan.io\/app\/uploads\/sites\/2\/2025\/10\/icone-3-300x225.png 300w\" sizes=\"auto, (max-width: 400px) 100vw, 400px\" \/><\/figure>\n<\/div>\n<\/div>\n<\/div>\n\n\n\n<div class=\"wp-block-ovs-blocks-decoration alignfull custom-decoration\"><div class=\"custom-decoration__img\" style=\"top:-430px;left:0;right:initial;width:380px\" data-desktop-style=\"{&quot;top&quot;:&quot;-430px&quot;,&quot;left&quot;:&quot;0&quot;,&quot;right&quot;:&quot;initial&quot;,&quot;width&quot;:&quot;380px&quot;}\" data-mobile-style=\"{&quot;top&quot;:&quot;0px&quot;,&quot;left&quot;:&quot;0&quot;,&quot;right&quot;:&quot;initial&quot;,&quot;width&quot;:&quot;200px&quot;}\" data-hide-on-mobile=\"true\"><img decoding=\"async\" src=\"https:\/\/gac.dev1.overscan.io\/app\/uploads\/sites\/2\/2025\/10\/Ellipse-6.svg\" alt=\"\" \/><\/div><\/div>\n\n\n\n<p><\/p>\n","protected":false},"excerpt":{"rendered":"<p>Descubra las principales funciones de MyCarFleet en menos de dos minutos Equipar a los conductores con MyCarFleet ahorra mucho tiempo a los gestores de flotas en su d\u00eda a d\u00eda Mant\u00e9ngase en contacto con su flota de veh\u00edculos Toda la informaci\u00f3n de los veh\u00edculos al alcance de la mano: matr\u00edcula, kilometraje, tipo de contrato o [&hellip;]<\/p>\n","protected":false},"author":1,"featured_media":48383,"parent":48179,"menu_order":0,"comment_status":"closed","ping_status":"closed","template":"","meta":{"ovs_hero_subtitle":"La aplicaci\u00f3n m\u00f3vil al servicio de los conductores","ovs_hero_text_content":"Dise\u00f1ada para simplificar el d\u00eda a d\u00eda de los conductores y reforzar el v\u00ednculo con los gestores de flotas, la aplicaci\u00f3n m\u00f3vil MyCarFleet permite acceder a todos los datos esenciales de los veh\u00edculos gracias a su conexi\u00f3n directa con el software GAC Car Fleet.  ","ovs_hero_button_text":"Solicitar una demostraci\u00f3n","ovs_hero_button_url":"https:\/\/carfleet.dev1.overscan.io\/es\/solicitar-una-demostracion\/","ovs_hero_button_two_text":"Descargar el folleto","ovs_hero_button_two_url":"https:\/\/carfleet.dev1.overscan.io\/es\/descargar-nuestro-folleto\/","ovs_hero_is_elispe":"no","footnotes":""},"class_list":["post-47084","page","type-page","status-publish","has-post-thumbnail","hentry"],"yoast_head":"<!-- This site is optimized with the Yoast SEO plugin v27.1.1 - https:\/\/yoast.com\/product\/yoast-seo-wordpress\/ -->\n<title>MyCarFleet, la aplicaci\u00f3n para conductores de GAC Car Fleet<\/title>\n<meta name=\"description\" content=\"Con\u00e9ctese con sus conductores para gestionar su flota de veh\u00edculos con MyCarFleet, la intuitiva aplicaci\u00f3n de GAC Car Fleet.\" \/>\n<meta name=\"robots\" content=\"noindex, follow, max-snippet:-1, max-image-preview:large, max-video-preview:-1\" \/>\n<meta property=\"og:locale\" content=\"es_ES\" \/>\n<meta property=\"og:type\" content=\"article\" \/>\n<meta property=\"og:title\" content=\"MyCarFleet, la aplicaci\u00f3n para conductores de GAC Car Fleet\" \/>\n<meta property=\"og:description\" content=\"Con\u00e9ctese con sus conductores para gestionar su flota de veh\u00edculos con MyCarFleet, la intuitiva aplicaci\u00f3n de GAC Car Fleet.\" \/>\n<meta property=\"og:url\" content=\"https:\/\/carfleet.dev1.overscan.io\/es\/todas-nuestras-soluciones-para-flotas\/mycarfleet\/\" \/>\n<meta property=\"og:site_name\" content=\"GAC Car Fleet\" \/>\n<meta property=\"article:modified_time\" content=\"2026-02-20T11:04:09+00:00\" \/>\n<meta property=\"og:image\" content=\"https:\/\/gac.dev1.overscan.io\/app\/uploads\/sites\/2\/2025\/12\/EN-Visuel-principal-MYCF-2.png\" \/>\n\t<meta property=\"og:image:width\" content=\"1752\" \/>\n\t<meta property=\"og:image:height\" content=\"1312\" \/>\n\t<meta property=\"og:image:type\" content=\"image\/png\" \/>\n<meta name=\"twitter:card\" content=\"summary_large_image\" \/>\n<meta name=\"twitter:label1\" content=\"Est. reading time\" \/>\n\t<meta name=\"twitter:data1\" content=\"3 minutes\" \/>\n<script type=\"application\/ld+json\" class=\"yoast-schema-graph\">{\"@context\":\"https:\/\/schema.org\",\"@graph\":[{\"@type\":\"WebPage\",\"@id\":\"https:\/\/carfleet.dev1.overscan.io\/es\/todas-nuestras-soluciones-para-flotas\/mycarfleet\/\",\"url\":\"https:\/\/carfleet.dev1.overscan.io\/es\/todas-nuestras-soluciones-para-flotas\/mycarfleet\/\",\"name\":\"MyCarFleet, la aplicaci\u00f3n para conductores de GAC Car Fleet\",\"isPartOf\":{\"@id\":\"https:\/\/carfleet.dev1.overscan.io\/es\/#website\"},\"primaryImageOfPage\":{\"@id\":\"https:\/\/carfleet.dev1.overscan.io\/es\/todas-nuestras-soluciones-para-flotas\/mycarfleet\/#primaryimage\"},\"image\":{\"@id\":\"https:\/\/carfleet.dev1.overscan.io\/es\/todas-nuestras-soluciones-para-flotas\/mycarfleet\/#primaryimage\"},\"thumbnailUrl\":\"https:\/\/gac.dev1.overscan.io\/app\/uploads\/sites\/2\/2025\/12\/EN-Visuel-principal-MYCF-2.png\",\"datePublished\":\"2025-10-02T16:06:27+00:00\",\"dateModified\":\"2026-02-20T11:04:09+00:00\",\"description\":\"Con\u00e9ctese con sus conductores para gestionar su flota de veh\u00edculos con MyCarFleet, la intuitiva aplicaci\u00f3n de GAC Car Fleet.\",\"breadcrumb\":{\"@id\":\"https:\/\/carfleet.dev1.overscan.io\/es\/todas-nuestras-soluciones-para-flotas\/mycarfleet\/#breadcrumb\"},\"inLanguage\":\"es-ES\",\"potentialAction\":[{\"@type\":\"ReadAction\",\"target\":[\"https:\/\/carfleet.dev1.overscan.io\/es\/todas-nuestras-soluciones-para-flotas\/mycarfleet\/\"]}]},{\"@type\":\"ImageObject\",\"inLanguage\":\"es-ES\",\"@id\":\"https:\/\/carfleet.dev1.overscan.io\/es\/todas-nuestras-soluciones-para-flotas\/mycarfleet\/#primaryimage\",\"url\":\"https:\/\/gac.dev1.overscan.io\/app\/uploads\/sites\/2\/2025\/12\/EN-Visuel-principal-MYCF-2.png\",\"contentUrl\":\"https:\/\/gac.dev1.overscan.io\/app\/uploads\/sites\/2\/2025\/12\/EN-Visuel-principal-MYCF-2.png\",\"width\":1752,\"height\":1312},{\"@type\":\"BreadcrumbList\",\"@id\":\"https:\/\/carfleet.dev1.overscan.io\/es\/todas-nuestras-soluciones-para-flotas\/mycarfleet\/#breadcrumb\",\"itemListElement\":[{\"@type\":\"ListItem\",\"position\":1,\"name\":\"Accueil\",\"item\":\"https:\/\/carfleet.dev1.overscan.io\/es\/\"},{\"@type\":\"ListItem\",\"position\":2,\"name\":\"Todas nuestras soluciones para flotas\",\"item\":\"https:\/\/carfleet.dev1.overscan.io\/es\/todas-nuestras-soluciones-para-flotas\/\"},{\"@type\":\"ListItem\",\"position\":3,\"name\":\"MyCarFleet\"}]},{\"@type\":\"WebSite\",\"@id\":\"https:\/\/carfleet.dev1.overscan.io\/es\/#website\",\"url\":\"https:\/\/carfleet.dev1.overscan.io\/es\/\",\"name\":\"GAC Car Fleet\",\"description\":\"Logiciels de gestion de flotte automobile\",\"publisher\":{\"@id\":\"https:\/\/carfleet.dev1.overscan.io\/es\/#organization\"},\"potentialAction\":[{\"@type\":\"SearchAction\",\"target\":{\"@type\":\"EntryPoint\",\"urlTemplate\":\"https:\/\/carfleet.dev1.overscan.io\/es\/?s={search_term_string}\"},\"query-input\":{\"@type\":\"PropertyValueSpecification\",\"valueRequired\":true,\"valueName\":\"search_term_string\"}}],\"inLanguage\":\"es-ES\"},{\"@type\":\"Organization\",\"@id\":\"https:\/\/carfleet.dev1.overscan.io\/es\/#organization\",\"name\":\"GAC Car Fleet\",\"url\":\"https:\/\/carfleet.dev1.overscan.io\/es\/\",\"logo\":{\"@type\":\"ImageObject\",\"inLanguage\":\"es-ES\",\"@id\":\"https:\/\/carfleet.dev1.overscan.io\/es\/#\/schema\/logo\/image\/\",\"url\":\"https:\/\/gac.dev1.overscan.io\/app\/uploads\/sites\/2\/2025\/12\/carfleet-logo.svg\",\"contentUrl\":\"https:\/\/gac.dev1.overscan.io\/app\/uploads\/sites\/2\/2025\/12\/carfleet-logo.svg\",\"caption\":\"GAC Car Fleet\"},\"image\":{\"@id\":\"https:\/\/carfleet.dev1.overscan.io\/es\/#\/schema\/logo\/image\/\"}}]}<\/script>\n<!-- \/ Yoast SEO plugin. -->","yoast_head_json":{"title":"MyCarFleet, la aplicaci\u00f3n para conductores de GAC Car Fleet","description":"Con\u00e9ctese con sus conductores para gestionar su flota de veh\u00edculos con MyCarFleet, la intuitiva aplicaci\u00f3n de GAC Car Fleet.","robots":{"index":"noindex","follow":"follow","max-snippet":"max-snippet:-1","max-image-preview":"max-image-preview:large","max-video-preview":"max-video-preview:-1"},"og_locale":"es_ES","og_type":"article","og_title":"MyCarFleet, la aplicaci\u00f3n para conductores de GAC Car Fleet","og_description":"Con\u00e9ctese con sus conductores para gestionar su flota de veh\u00edculos con MyCarFleet, la intuitiva aplicaci\u00f3n de GAC Car Fleet.","og_url":"https:\/\/carfleet.dev1.overscan.io\/es\/todas-nuestras-soluciones-para-flotas\/mycarfleet\/","og_site_name":"GAC Car Fleet","article_modified_time":"2026-02-20T11:04:09+00:00","og_image":[{"width":1752,"height":1312,"url":"https:\/\/gac.dev1.overscan.io\/app\/uploads\/sites\/2\/2025\/12\/EN-Visuel-principal-MYCF-2.png","type":"image\/png"}],"twitter_card":"summary_large_image","twitter_misc":{"Est. reading time":"3 minutes"},"schema":{"@context":"https:\/\/schema.org","@graph":[{"@type":"WebPage","@id":"https:\/\/carfleet.dev1.overscan.io\/es\/todas-nuestras-soluciones-para-flotas\/mycarfleet\/","url":"https:\/\/carfleet.dev1.overscan.io\/es\/todas-nuestras-soluciones-para-flotas\/mycarfleet\/","name":"MyCarFleet, la aplicaci\u00f3n para conductores de GAC Car Fleet","isPartOf":{"@id":"https:\/\/carfleet.dev1.overscan.io\/es\/#website"},"primaryImageOfPage":{"@id":"https:\/\/carfleet.dev1.overscan.io\/es\/todas-nuestras-soluciones-para-flotas\/mycarfleet\/#primaryimage"},"image":{"@id":"https:\/\/carfleet.dev1.overscan.io\/es\/todas-nuestras-soluciones-para-flotas\/mycarfleet\/#primaryimage"},"thumbnailUrl":"https:\/\/gac.dev1.overscan.io\/app\/uploads\/sites\/2\/2025\/12\/EN-Visuel-principal-MYCF-2.png","datePublished":"2025-10-02T16:06:27+00:00","dateModified":"2026-02-20T11:04:09+00:00","description":"Con\u00e9ctese con sus conductores para gestionar su flota de veh\u00edculos con MyCarFleet, la intuitiva aplicaci\u00f3n de GAC Car Fleet.","breadcrumb":{"@id":"https:\/\/carfleet.dev1.overscan.io\/es\/todas-nuestras-soluciones-para-flotas\/mycarfleet\/#breadcrumb"},"inLanguage":"es-ES","potentialAction":[{"@type":"ReadAction","target":["https:\/\/carfleet.dev1.overscan.io\/es\/todas-nuestras-soluciones-para-flotas\/mycarfleet\/"]}]},{"@type":"ImageObject","inLanguage":"es-ES","@id":"https:\/\/carfleet.dev1.overscan.io\/es\/todas-nuestras-soluciones-para-flotas\/mycarfleet\/#primaryimage","url":"https:\/\/gac.dev1.overscan.io\/app\/uploads\/sites\/2\/2025\/12\/EN-Visuel-principal-MYCF-2.png","contentUrl":"https:\/\/gac.dev1.overscan.io\/app\/uploads\/sites\/2\/2025\/12\/EN-Visuel-principal-MYCF-2.png","width":1752,"height":1312},{"@type":"BreadcrumbList","@id":"https:\/\/carfleet.dev1.overscan.io\/es\/todas-nuestras-soluciones-para-flotas\/mycarfleet\/#breadcrumb","itemListElement":[{"@type":"ListItem","position":1,"name":"Accueil","item":"https:\/\/carfleet.dev1.overscan.io\/es\/"},{"@type":"ListItem","position":2,"name":"Todas nuestras soluciones para flotas","item":"https:\/\/carfleet.dev1.overscan.io\/es\/todas-nuestras-soluciones-para-flotas\/"},{"@type":"ListItem","position":3,"name":"MyCarFleet"}]},{"@type":"WebSite","@id":"https:\/\/carfleet.dev1.overscan.io\/es\/#website","url":"https:\/\/carfleet.dev1.overscan.io\/es\/","name":"GAC Car Fleet","description":"Logiciels de gestion de flotte automobile","publisher":{"@id":"https:\/\/carfleet.dev1.overscan.io\/es\/#organization"},"potentialAction":[{"@type":"SearchAction","target":{"@type":"EntryPoint","urlTemplate":"https:\/\/carfleet.dev1.overscan.io\/es\/?s={search_term_string}"},"query-input":{"@type":"PropertyValueSpecification","valueRequired":true,"valueName":"search_term_string"}}],"inLanguage":"es-ES"},{"@type":"Organization","@id":"https:\/\/carfleet.dev1.overscan.io\/es\/#organization","name":"GAC Car Fleet","url":"https:\/\/carfleet.dev1.overscan.io\/es\/","logo":{"@type":"ImageObject","inLanguage":"es-ES","@id":"https:\/\/carfleet.dev1.overscan.io\/es\/#\/schema\/logo\/image\/","url":"https:\/\/gac.dev1.overscan.io\/app\/uploads\/sites\/2\/2025\/12\/carfleet-logo.svg","contentUrl":"https:\/\/gac.dev1.overscan.io\/app\/uploads\/sites\/2\/2025\/12\/carfleet-logo.svg","caption":"GAC Car Fleet"},"image":{"@id":"https:\/\/carfleet.dev1.overscan.io\/es\/#\/schema\/logo\/image\/"}}]}},"jetpack_sharing_enabled":true,"_links":{"self":[{"href":"https:\/\/carfleet.dev1.overscan.io\/es\/wp-json\/wp\/v2\/pages\/47084","targetHints":{"allow":["GET"]}}],"collection":[{"href":"https:\/\/carfleet.dev1.overscan.io\/es\/wp-json\/wp\/v2\/pages"}],"about":[{"href":"https:\/\/carfleet.dev1.overscan.io\/es\/wp-json\/wp\/v2\/types\/page"}],"author":[{"embeddable":true,"href":"https:\/\/carfleet.dev1.overscan.io\/es\/wp-json\/wp\/v2\/users\/1"}],"replies":[{"embeddable":true,"href":"https:\/\/carfleet.dev1.overscan.io\/es\/wp-json\/wp\/v2\/comments?post=47084"}],"version-history":[{"count":10,"href":"https:\/\/carfleet.dev1.overscan.io\/es\/wp-json\/wp\/v2\/pages\/47084\/revisions"}],"predecessor-version":[{"id":50843,"href":"https:\/\/carfleet.dev1.overscan.io\/es\/wp-json\/wp\/v2\/pages\/47084\/revisions\/50843"}],"up":[{"embeddable":true,"href":"https:\/\/carfleet.dev1.overscan.io\/es\/wp-json\/wp\/v2\/pages\/48179"}],"wp:featuredmedia":[{"embeddable":true,"href":"https:\/\/carfleet.dev1.overscan.io\/es\/wp-json\/wp\/v2\/media\/48383"}],"wp:attachment":[{"href":"https:\/\/carfleet.dev1.overscan.io\/es\/wp-json\/wp\/v2\/media?parent=47084"}],"curies":[{"name":"wp","href":"https:\/\/api.w.org\/{rel}","templated":true}]}}