{"id":46712,"date":"2025-10-27T11:50:26","date_gmt":"2025-10-27T10:50:26","guid":{"rendered":"https:\/\/carfleet.dev1.overscan.io\/politica-de-privacidad\/"},"modified":"2025-12-03T11:17:00","modified_gmt":"2025-12-03T10:17:00","slug":"politica-de-privacidad","status":"publish","type":"page","link":"https:\/\/carfleet.dev1.overscan.io\/es\/politica-de-privacidad\/","title":{"rendered":"Pol\u00edtica de privacidad"},"content":{"rendered":"\n<p><\/p>\n\n\n\n<p><\/p>\n\n\n\n<p><br>El sitio <a href=\"http:\/\/www.gac-technology.com\/\">www.gac-<\/a><a href=\"http:\/\/carfleet.dev1.overscan.io\/\">carfleet<\/a><a href=\"https:\/\/www.gac-technology.com\/\">.com<\/a> (en lo sucesivo, el <strong>\u00abSitio\u00bb<\/strong>) ha sido desarrollado por GAC TECHNOLOGY (en lo sucesivo, <strong>\u00abGAC TECHNOLOGY\u00bb<\/strong>), una sociedad por acciones simplificada que se dedica al desarrollo de software de gesti\u00f3n para uso profesional (en lo sucesivo, la <strong>\u00abPersona usuaria\u00bb<\/strong>).<\/p>\n\n\n\n<p>Se podr\u00e1 solicitar a las Personas usuarias que faciliten ciertos datos personales suyos (en lo sucesivo, los \u00abDatos\u00bb) rellenando los campos indicados en el Sitio al solicitar que nos pongamos en contacto con ellas, registrarse en servicios de demostraci\u00f3n personalizados o participar en conferencias web.<\/p>\n\n\n\n<p>\u008d\u00abUsted\u00bb, \u00abPersona usuaria\u00bb o \u00abVisitante\u00bb hace referencia a cualquier persona f\u00edsica que acceda al Sitio y utilice el Servicio que se rige por esta pol\u00edtica de privacidad.<\/p>\n\n\n\n<p><strong>GAC TECHNOLOGY<\/strong> otorga la m\u00e1xima importancia a la confidencialidad de su informaci\u00f3n y sus datos personales.<\/p>\n\n\n\n<p>Por este motivo, la presente pol\u00edtica de privacidad se ha elaborado de conformidad con las leyes, los reglamentos y las normas en vigor. Su finalidad es proporcionar informaci\u00f3n clara, sencilla y completa a cualquier persona interesada, en particular, a las Personas usuarias, sobre la forma en que  <strong>GAC TECHNOLOGY,<\/strong>  en su calidad de responsable del tratamiento, recopila y emplea los datos que les conciernen, y sobre los medios de que disponen para controlar este uso y ejercer los derechos que les asisten. Asimismo, explica qu\u00e9 datos personales trata el Sitio, c\u00f3mo los trata, qui\u00e9n los trata y con qu\u00e9 fines.<\/p>\n\n\n\n<p>Por lo tanto, la presente pol\u00edtica de privacidad se aplica a todas las personas que tengan acceso al Sitio. El contenido y los datos de nuestro Servicio tambi\u00e9n est\u00e1n disponibles para simples navegadores de internet (en lo sucesivo, los <strong>\u00abVisitantes\u00bb<\/strong>).<\/p>\n\n\n\n<p>Para utilizar nuestros Servicios, hay que tener al menos 16&nbsp;a\u00f1os; si no es as\u00ed, no se estar\u00e1 autorizado a utilizar nuestros Servicios.<\/p>\n\n\n\n<p>El Sitio se aloja exclusivamente en los centros de datos de la empresa OVH situados en Francia.<\/p>\n\n\n\n<p>La empresa responsable del tratamiento de sus datos personales es GAC&nbsp;TECHNOLOGY, inscrita en el Registro Mercantil de Lyon con el n\u00famero 500&nbsp;168&nbsp;208.<\/p>\n\n\n\n<h2 class=\"wp-block-heading\">1. \u00bfQu\u00e9 datos personales se recopilan?<\/h2>\n\n\n\n<p>A trav\u00e9s del Sitio, se recopilan los siguientes datos de car\u00e1cter personal:<\/p>\n\n\n\n<ul class=\"wp-block-list\">\n<li><strong>Datos de identificaci\u00f3n:<\/strong> cuando la Persona usuaria solicita que nos pongamos en contacto con ella, GAC TECHNOLOGY recopila su nombre, sus apellidos, su direcci\u00f3n de correo electr\u00f3nico y su n\u00famero de tel\u00e9fono, as\u00ed como el nombre de la empresa de la Persona usuaria.<\/li>\n\n\n\n<li><strong>Datos de navegaci\u00f3n:<\/strong> informaci\u00f3n relativa a los dispositivos utilizados por la Persona usuaria para acceder al Sitio, la direcci\u00f3n&nbsp;IP, los datos de conexi\u00f3n, los tipos de navegadores web o los contenidos accedidos.<\/li>\n\n\n\n<li><strong>Cookies:<\/strong> datos de identificaci\u00f3n electr\u00f3nica. Las cookies se utilizan en el contexto del uso del Sitio. La Persona usuaria puede elegir si permite o no las cookies al navegar por el Sitio. Si bloquea o rechaza las cookies estrictamente necesarias para el funcionamiento del Sitio, es posible que algunas caracter\u00edsticas no funcionen.<\/li>\n<\/ul>\n\n\n\n<h2 class=\"wp-block-heading\">2. Uso de los datos personales: \u00bfpor qu\u00e9 se recopilan?<\/h2>\n\n\n\n<p>La finalidad de los datos personales recopilados de las Personas usuarias es poner en contacto a dichas Personas Usuarias con GAC TECHNOLOGY, as\u00ed como mejorar y mantener un entorno seguro para el Sitio.<\/p>\n\n\n\n<p>En concreto, los usos son los siguientes:<\/p>\n\n\n\n<ul class=\"wp-block-list\">\n<li>Acceso y uso del Sitio por parte de la Persona usuaria: necesitamos sus datos para gestionar su solicitud de contacto y garantizar un seguimiento personalizado.<\/li>\n\n\n\n<li>Gesti\u00f3n del funcionamiento y la optimizaci\u00f3n del Sitio: sus datos se utilizan con fines anal\u00edticos; almacenamos y evaluamos informaci\u00f3n relativa a sus visitas recientes al Sitio y la forma en que navega para comprender c\u00f3mo utilizan las personas visitantes nuestro Sitio, hacerlo m\u00e1s intuitivo y optimizar su funcionamiento.<\/li>\n\n\n\n<li>Verificaci\u00f3n, identificaci\u00f3n y autenticaci\u00f3n de los datos transmitidos por la Persona usuaria.<\/li>\n\n\n\n<li>Personalizar el Servicio mostrando promociones basadas en el historial de navegaci\u00f3n de la Persona usuaria, de acuerdo con sus preferencias: conservamos un historial de los elementos de nuestro Sitio en los que ha hecho clic y utilizamos esta informaci\u00f3n para personalizar la visualizaci\u00f3n del Sitio de acuerdo con sus intereses.<\/li>\n\n\n\n<li>Prevenci\u00f3n y detecci\u00f3n de fraudes o software malicioso, y gesti\u00f3n de incidentes de seguridad.<\/li>\n\n\n\n<li>Gesti\u00f3n de posibles litigios entre las Partes.<\/li>\n\n\n\n<li>Env\u00edo de informaci\u00f3n comercial y publicitaria cuando la Persona usuaria lo haya aceptado.<\/li>\n\n\n\n<li>Elaboraci\u00f3n de perfiles automatizados de las Personas usuarias con vistas a realizar estudios de mercado para mejorar la gesti\u00f3n del Sitio (casilla de verificaci\u00f3n).<\/li>\n<\/ul>\n\n\n\n<h2 class=\"wp-block-heading\">3. Divulgaci\u00f3n de los datos personales de las Personas usuarias entre subcontratistas y terceras empresas de GAC TECHNOLOGY: \u00bfqui\u00e9n tiene acceso a sus datos personales?<\/h2>\n\n\n\n<p>Sus datos ser\u00e1n de uso exclusivo por parte de GAC&nbsp;TECHNOLOGY. Solo podr\u00e1n comunicarse a los destinatarios que se indican a continuaci\u00f3n en la medida en que la transmisi\u00f3n de dichos datos sea indispensable para el cumplimiento de los fines que se enumeran en el punto 2) precedente.<\/p>\n\n\n\n<p>Los datos personales de la Persona usuaria podr\u00e1n compartirse con los subcontratistas y terceras empresas de GAC TECHNOLOGY como parte de la prestaci\u00f3n de servicios de alojamiento y mantenimiento de la(s) base(s) de datos de clientes.<\/p>\n\n\n\n<p>Estos proveedores de servicios tendr\u00e1n acceso limitado a los datos en el contexto de la ejecuci\u00f3n de estos servicios y tendr\u00e1n la obligaci\u00f3n contractual de usarlos de conformidad con lo dispuesto en la normativa aplicable a la protecci\u00f3n de datos personales.<\/p>\n\n\n\n<ul class=\"wp-block-list\">\n<li>Si as\u00ed lo exige la ley, GAC&nbsp;TECHNOLOGY podr\u00e1 proceder a la transmisi\u00f3n de datos para responder a solicitudes legales o reglamentarias, \u00f3rdenes judiciales, citaciones, procedimientos legales, as\u00ed como para cumplir con procedimientos administrativos y judiciales.<\/li>\n\n\n\n<li>En caso de que GAC&nbsp;TECHNOLOGY sea objeto de alguna operaci\u00f3n de fusi\u00f3n, adquisici\u00f3n, venta de activos o liquidaci\u00f3n judicial, podr\u00e1 verse obligada a vender o compartir todos o parte de sus activos, incluidos los datos personales. En ese caso, se informar\u00e1 a las Personas usuarias antes de transferir cualquier dato personal a un tercero.<\/li>\n<\/ul>\n\n\n\n<h2 class=\"wp-block-heading\">4. Plazo de conservaci\u00f3n<\/h2>\n\n\n\n<p>De conformidad con la ley, sus datos personales se conservar\u00e1n \u00fanicamente durante el tiempo necesario para cumplir con los fines anteriormente mencionados o para que GAC&nbsp;TECHNOLOGY pueda cumplir con sus obligaciones legales.<\/p>\n\n\n\n<p>Los datos recopilados en el momento de su solicitud de contacto se conservar\u00e1n durante el tiempo necesario para procesarlos.<\/p>\n\n\n\n<p>Los datos personales utilizados con fines de prospecci\u00f3n comercial podr\u00e1n conservarse durante un m\u00e1ximo de tres (3) a\u00f1os a partir de la finalizaci\u00f3n de la relaci\u00f3n comercial.<\/p>\n\n\n\n<h2 class=\"wp-block-heading\">5. Transferencia de datos personales al extranjero<\/h2>\n\n\n\n<p>GAC&nbsp;TECHNOLOGY informa a las Personas usuarias de que actualmente no se realiza ninguna transferencia de datos personales fuera de la UE. Los datos tratados se alojan en Francia o el Espacio Econ\u00f3mico Europeo.<\/p>\n\n\n\n<p>En cualquier caso, GAC&nbsp;TECHNOLOGY se compromete a respetar las disposiciones legales en materia de transferencia de datos personales al extranjero: cualquier transmisi\u00f3n de datos fuera de la UE se basar\u00e1 en una decisi\u00f3n de adecuaci\u00f3n, siempre regida por cl\u00e1usulas contractuales tipo de protecci\u00f3n de datos o por cl\u00e1usulas contractuales ad&nbsp;hoc previamente autorizadas por la CNIL.<\/p>\n\n\n\n<h2 class=\"wp-block-heading\">6. Seguridad y confidencialidad<\/h2>\n\n\n\n<p>GAC&nbsp;TECHNOLOGY aplica medidas de seguridad organizativas, t\u00e9cnicas, inform\u00e1ticas y f\u00edsicas en el \u00e1mbito digital para proteger los datos personales contra la alteraci\u00f3n, la destrucci\u00f3n y el acceso no autorizado. No obstante, debe tenerse en cuenta que internet no es un entorno totalmente seguro, ya que ninguna tecnolog\u00eda es fiable al 100&nbsp;%, y que el Sitio no puede garantizar la seguridad de la transmisi\u00f3n o el almacenamiento de informaci\u00f3n en internet.<\/p>\n\n\n\n<p>Todos nuestros empleados y nuestros proveedores de servicios deben respetar la seguridad y la protecci\u00f3n de sus datos.<\/p>\n\n\n\n<h2 class=\"wp-block-heading\">7. Aplicaci\u00f3n de los derechos de las Personas usuarias<\/h2>\n\n\n\n<p>De conformidad con la normativa aplicable a los datos personales, las Personas usuarias tienen los siguientes derechos:<\/p>\n\n\n\n<ul class=\"wp-block-list\">\n<li>Pueden solicitar que se les informe sobre el uso que hace GAC TECHNOLOGY de sus datos personales.<\/li>\n\n\n\n<li>Pueden actualizar o eliminar sus datos personales escribiendo a la siguiente direcci\u00f3n de correo electr\u00f3nico: <a href=\"mailto:contact@gac-technology.com\">contact@gac-<\/a><span style=\"text-decoration: underline\">software.com<\/span>.<\/li>\n\n\n\n<li>Pueden ejercer su derecho de acceso a sus datos personales escribiendo a la siguiente direcci\u00f3n de correo electr\u00f3nico: <a href=\"mailto:contact@gac-technology.com\">contact@gac.dev1.overscan.io<\/a>. En este caso, antes de ejercer este derecho, GAC&nbsp;TECHNOLOGY podr\u00e1 solicitar una prueba de la identidad de la Persona usuaria con el fin de verificar su exactitud.<\/li>\n\n\n\n<li>Si los datos personales que obran en poder de GAC TECHNOLOGY son inexactos, pueden solicitar su actualizaci\u00f3n escribiendo a la siguiente direcci\u00f3n de correo electr\u00f3nico: <a href=\"mailto:contact@gac-technology.com\">contact@<\/a><span style=\"text-decoration: underline\">gac.dev1.overscan.io<\/span>.<\/li>\n\n\n\n<li>Las Personas usuarias pueden solicitar la supresi\u00f3n de sus datos personales, de conformidad con la legislaci\u00f3n aplicable en materia de protecci\u00f3n de datos, escribiendo a la siguiente direcci\u00f3n de correo electr\u00f3nico: <a href=\"mailto:contact@gac-technology.com\">contact@<\/a><span style=\"text-decoration: underline\">gac.dev1.overscan.io<\/span>.<\/li>\n\n\n\n<li>Tambi\u00e9n podr\u00e1n retirar su consentimiento para recibir mensajes de marketing directo y oponerse al tratamiento de sus datos.<\/li>\n<\/ul>\n\n\n\n<h2 class=\"wp-block-heading\">8. Cambios en la pol\u00edtica de protecci\u00f3n de datos personales<\/h2>\n\n\n\n<p>GAC&nbsp;TECHNOLOGY se reserva el derecho a realizar cambios en esta pol\u00edtica de privacidad en cualquier momento. En caso de modificaci\u00f3n de la presente pol\u00edtica de privacidad, GAC TECHNOLOGY se compromete a publicar la nueva versi\u00f3n en su Sitio. GAC&nbsp;TECHNOLOGY tambi\u00e9n informar\u00e1 de la modificaci\u00f3n a las Personas usuarias por correo electr\u00f3nico dentro de un plazo m\u00ednimo de quince (15) d\u00edas antes de la fecha de entrada en vigor. Si una Persona usuaria no est\u00e1 de acuerdo con los t\u00e9rminos de la nueva redacci\u00f3n de la pol\u00edtica de privacidad, podr\u00e1 solicitar a GAC&nbsp;TECHNOLOGY la supresi\u00f3n de sus datos personales.<\/p>\n\n\n\n<h2 class=\"wp-block-heading\">9. M\u00e1s informaci\u00f3n<\/h2>\n\n\n\n<p>Para obtener m\u00e1s informaci\u00f3n sobre nuestra pol\u00edtica de protecci\u00f3n de datos personales, puede ponerse en contacto con GAC&nbsp;TECHNOLOGY en la siguiente direcci\u00f3n: 26 rue de la Gare \u2013 69009 LYON.<\/p>\n\n\n\n<p>O a trav\u00e9s de la siguiente direcci\u00f3n de correo electr\u00f3nico: <a href=\"mailto:contact@gac-technology.com\">contact@gac.dev1.overscan.io<\/a>.<\/p>\n\n\n\n<h2 class=\"wp-block-heading\">10. Pol\u00edtica de cookies<\/h2>\n\n\n\n<p>Las cookies sirven para facilitar la navegaci\u00f3n por los sitios, as\u00ed como para agilizar los procedimientos de registro y medici\u00f3n de visitas. GAC&nbsp;TECHNOLOGY informa a la Persona usuaria de que las cookies registran cierta informaci\u00f3n que se almacena en la memoria del ordenador de la Persona usuaria. Nos ayudamos de tecnolog\u00edas de seguimiento \u2014en particular, cookies\u2014 para adaptar la publicidad de nuestros Sitios a sus necesidades e intereses.<\/p>\n\n\n\n<p>Al navegar por el Sitio, aparecer\u00e1 un banner explicativo del uso de las <em>cookies<\/em>. La Persona usuaria podr\u00e1 aceptar o rechazar el uso de cookies.<\/p>\n\n\n\n<p><strong>Cookies presentes en los Sitios<\/strong><\/p>\n\n\n\n<p>GAC&nbsp;TECHNOLOGY utiliza cookies para ofrecer contenidos y un servicio adaptado a la Persona usuaria, as\u00ed como para permitir a GAC&nbsp;TECHNOLOGY elaborar estad\u00edsticas sobre visitas, registrar los datos comunicados y optimizar los recorridos de navegaci\u00f3n.<\/p>\n\n\n\n<p>En el Sitio, se utilizan varios tipos de cookies. Estas cookies sirven para los siguientes fines:<\/p>\n\n\n\n<ul class=\"wp-block-list\">\n<li>Cookies necesarias para el funcionamiento del Sitio.<\/li>\n\n\n\n<li>Cookies utilizadas para medir la audiencia.<\/li>\n\n\n\n<li>Cookies utilizadas para la geolocalizaci\u00f3n de contenidos.<\/li>\n\n\n\n<li>Cookies de identificaci\u00f3n.<\/li>\n<\/ul>\n\n\n\n<p><strong>Cookies necesarias para el funcionamiento del Sitio<\/strong><\/p>\n\n\n\n<p>Estas cookies son necesarias para el correcto funcionamiento del Sitio y la navegaci\u00f3n por \u00e9l. Permiten a la Persona usuaria acceder a las principales funciones del Sitio. Como recordatorio, la configuraci\u00f3n de cookies puede modificar las condiciones de acceso a los servicios que requieren el uso de cookies. Si el navegador est\u00e1 configurado para rechazar todas las cookies, la Persona usuaria no podr\u00e1 acceder a las funcionalidades del Sitio porque no podr\u00e1 permanecer autenticado. Para que puedan dar su consentimiento de forma clara y v\u00e1lida, las Personas usuarias tienen la opci\u00f3n de elegir por finalidad.<\/p>\n\n\n\n<p><\/p>\n","protected":false},"excerpt":{"rendered":"<p>El sitio www.gac-carfleet.com (en lo sucesivo, el \u00abSitio\u00bb) ha sido desarrollado por GAC TECHNOLOGY (en lo sucesivo, \u00abGAC TECHNOLOGY\u00bb), una sociedad por acciones simplificada que se dedica al desarrollo de software de gesti\u00f3n para uso profesional (en lo sucesivo, la \u00abPersona usuaria\u00bb). Se podr\u00e1 solicitar a las Personas usuarias que faciliten ciertos datos personales suyos [&hellip;]<\/p>\n","protected":false},"author":8,"featured_media":46612,"parent":0,"menu_order":0,"comment_status":"closed","ping_status":"closed","template":"","meta":{"ovs_hero_subtitle":"","ovs_hero_text_content":"","ovs_hero_button_text":"","ovs_hero_button_url":"","ovs_hero_button_two_text":"","ovs_hero_button_two_url":"","ovs_hero_is_elispe":"yes","footnotes":""},"class_list":["post-46712","page","type-page","status-publish","has-post-thumbnail","hentry"],"yoast_head":"<!-- This site is optimized with the Yoast SEO plugin v27.1.1 - https:\/\/yoast.com\/product\/yoast-seo-wordpress\/ -->\n<title>Pol\u00edtica de privacidad - GAC Car Fleet<\/title>\n<meta name=\"robots\" content=\"noindex, follow, max-snippet:-1, max-image-preview:large, max-video-preview:-1\" \/>\n<meta property=\"og:locale\" content=\"es_ES\" \/>\n<meta property=\"og:type\" content=\"article\" \/>\n<meta property=\"og:title\" content=\"Pol\u00edtica de privacidad - GAC Car Fleet\" \/>\n<meta property=\"og:description\" content=\"El sitio www.gac-carfleet.com (en lo sucesivo, el \u00abSitio\u00bb) ha sido desarrollado por GAC TECHNOLOGY (en lo sucesivo, \u00abGAC TECHNOLOGY\u00bb), una sociedad por acciones simplificada que se dedica al desarrollo de software de gesti\u00f3n para uso profesional (en lo sucesivo, la \u00abPersona usuaria\u00bb). Se podr\u00e1 solicitar a las Personas usuarias que faciliten ciertos datos personales suyos [&hellip;]\" \/>\n<meta property=\"og:url\" content=\"https:\/\/carfleet.dev1.overscan.io\/es\/politica-de-privacidad\/\" \/>\n<meta property=\"og:site_name\" content=\"GAC Car Fleet\" \/>\n<meta property=\"article:modified_time\" content=\"2025-12-03T10:17:00+00:00\" \/>\n<meta property=\"og:image\" content=\"https:\/\/gac.dev1.overscan.io\/app\/uploads\/sites\/2\/2025\/10\/Design-sans-titre-5.png\" \/>\n\t<meta property=\"og:image:width\" content=\"1024\" \/>\n\t<meta property=\"og:image:height\" content=\"683\" \/>\n\t<meta property=\"og:image:type\" content=\"image\/png\" \/>\n<meta name=\"twitter:card\" content=\"summary_large_image\" \/>\n<meta name=\"twitter:label1\" content=\"Est. reading time\" \/>\n\t<meta name=\"twitter:data1\" content=\"10 minutes\" \/>\n<script type=\"application\/ld+json\" class=\"yoast-schema-graph\">{\"@context\":\"https:\/\/schema.org\",\"@graph\":[{\"@type\":\"WebPage\",\"@id\":\"https:\/\/carfleet.dev1.overscan.io\/es\/politica-de-privacidad\/\",\"url\":\"https:\/\/carfleet.dev1.overscan.io\/es\/politica-de-privacidad\/\",\"name\":\"Pol\u00edtica de privacidad - GAC Car Fleet\",\"isPartOf\":{\"@id\":\"https:\/\/carfleet.dev1.overscan.io\/es\/#website\"},\"primaryImageOfPage\":{\"@id\":\"https:\/\/carfleet.dev1.overscan.io\/es\/politica-de-privacidad\/#primaryimage\"},\"image\":{\"@id\":\"https:\/\/carfleet.dev1.overscan.io\/es\/politica-de-privacidad\/#primaryimage\"},\"thumbnailUrl\":\"https:\/\/gac.dev1.overscan.io\/app\/uploads\/sites\/2\/2025\/10\/Design-sans-titre-5.png\",\"datePublished\":\"2025-10-27T10:50:26+00:00\",\"dateModified\":\"2025-12-03T10:17:00+00:00\",\"breadcrumb\":{\"@id\":\"https:\/\/carfleet.dev1.overscan.io\/es\/politica-de-privacidad\/#breadcrumb\"},\"inLanguage\":\"es-ES\",\"potentialAction\":[{\"@type\":\"ReadAction\",\"target\":[\"https:\/\/carfleet.dev1.overscan.io\/es\/politica-de-privacidad\/\"]}]},{\"@type\":\"ImageObject\",\"inLanguage\":\"es-ES\",\"@id\":\"https:\/\/carfleet.dev1.overscan.io\/es\/politica-de-privacidad\/#primaryimage\",\"url\":\"https:\/\/gac.dev1.overscan.io\/app\/uploads\/sites\/2\/2025\/10\/Design-sans-titre-5.png\",\"contentUrl\":\"https:\/\/gac.dev1.overscan.io\/app\/uploads\/sites\/2\/2025\/10\/Design-sans-titre-5.png\",\"width\":1024,\"height\":683},{\"@type\":\"BreadcrumbList\",\"@id\":\"https:\/\/carfleet.dev1.overscan.io\/es\/politica-de-privacidad\/#breadcrumb\",\"itemListElement\":[{\"@type\":\"ListItem\",\"position\":1,\"name\":\"Accueil\",\"item\":\"https:\/\/carfleet.dev1.overscan.io\/es\/\"},{\"@type\":\"ListItem\",\"position\":2,\"name\":\"Pol\u00edtica de privacidad\"}]},{\"@type\":\"WebSite\",\"@id\":\"https:\/\/carfleet.dev1.overscan.io\/es\/#website\",\"url\":\"https:\/\/carfleet.dev1.overscan.io\/es\/\",\"name\":\"GAC Car Fleet\",\"description\":\"Logiciels de gestion de flotte automobile\",\"publisher\":{\"@id\":\"https:\/\/carfleet.dev1.overscan.io\/es\/#organization\"},\"potentialAction\":[{\"@type\":\"SearchAction\",\"target\":{\"@type\":\"EntryPoint\",\"urlTemplate\":\"https:\/\/carfleet.dev1.overscan.io\/es\/?s={search_term_string}\"},\"query-input\":{\"@type\":\"PropertyValueSpecification\",\"valueRequired\":true,\"valueName\":\"search_term_string\"}}],\"inLanguage\":\"es-ES\"},{\"@type\":\"Organization\",\"@id\":\"https:\/\/carfleet.dev1.overscan.io\/es\/#organization\",\"name\":\"GAC Car Fleet\",\"url\":\"https:\/\/carfleet.dev1.overscan.io\/es\/\",\"logo\":{\"@type\":\"ImageObject\",\"inLanguage\":\"es-ES\",\"@id\":\"https:\/\/carfleet.dev1.overscan.io\/es\/#\/schema\/logo\/image\/\",\"url\":\"https:\/\/gac.dev1.overscan.io\/app\/uploads\/sites\/2\/2025\/12\/carfleet-logo.svg\",\"contentUrl\":\"https:\/\/gac.dev1.overscan.io\/app\/uploads\/sites\/2\/2025\/12\/carfleet-logo.svg\",\"caption\":\"GAC Car Fleet\"},\"image\":{\"@id\":\"https:\/\/carfleet.dev1.overscan.io\/es\/#\/schema\/logo\/image\/\"}}]}<\/script>\n<!-- \/ Yoast SEO plugin. -->","yoast_head_json":{"title":"Pol\u00edtica de privacidad - GAC Car Fleet","robots":{"index":"noindex","follow":"follow","max-snippet":"max-snippet:-1","max-image-preview":"max-image-preview:large","max-video-preview":"max-video-preview:-1"},"og_locale":"es_ES","og_type":"article","og_title":"Pol\u00edtica de privacidad - GAC Car Fleet","og_description":"El sitio www.gac-carfleet.com (en lo sucesivo, el \u00abSitio\u00bb) ha sido desarrollado por GAC TECHNOLOGY (en lo sucesivo, \u00abGAC TECHNOLOGY\u00bb), una sociedad por acciones simplificada que se dedica al desarrollo de software de gesti\u00f3n para uso profesional (en lo sucesivo, la \u00abPersona usuaria\u00bb). Se podr\u00e1 solicitar a las Personas usuarias que faciliten ciertos datos personales suyos [&hellip;]","og_url":"https:\/\/carfleet.dev1.overscan.io\/es\/politica-de-privacidad\/","og_site_name":"GAC Car Fleet","article_modified_time":"2025-12-03T10:17:00+00:00","og_image":[{"width":1024,"height":683,"url":"https:\/\/gac.dev1.overscan.io\/app\/uploads\/sites\/2\/2025\/10\/Design-sans-titre-5.png","type":"image\/png"}],"twitter_card":"summary_large_image","twitter_misc":{"Est. reading time":"10 minutes"},"schema":{"@context":"https:\/\/schema.org","@graph":[{"@type":"WebPage","@id":"https:\/\/carfleet.dev1.overscan.io\/es\/politica-de-privacidad\/","url":"https:\/\/carfleet.dev1.overscan.io\/es\/politica-de-privacidad\/","name":"Pol\u00edtica de privacidad - GAC Car Fleet","isPartOf":{"@id":"https:\/\/carfleet.dev1.overscan.io\/es\/#website"},"primaryImageOfPage":{"@id":"https:\/\/carfleet.dev1.overscan.io\/es\/politica-de-privacidad\/#primaryimage"},"image":{"@id":"https:\/\/carfleet.dev1.overscan.io\/es\/politica-de-privacidad\/#primaryimage"},"thumbnailUrl":"https:\/\/gac.dev1.overscan.io\/app\/uploads\/sites\/2\/2025\/10\/Design-sans-titre-5.png","datePublished":"2025-10-27T10:50:26+00:00","dateModified":"2025-12-03T10:17:00+00:00","breadcrumb":{"@id":"https:\/\/carfleet.dev1.overscan.io\/es\/politica-de-privacidad\/#breadcrumb"},"inLanguage":"es-ES","potentialAction":[{"@type":"ReadAction","target":["https:\/\/carfleet.dev1.overscan.io\/es\/politica-de-privacidad\/"]}]},{"@type":"ImageObject","inLanguage":"es-ES","@id":"https:\/\/carfleet.dev1.overscan.io\/es\/politica-de-privacidad\/#primaryimage","url":"https:\/\/gac.dev1.overscan.io\/app\/uploads\/sites\/2\/2025\/10\/Design-sans-titre-5.png","contentUrl":"https:\/\/gac.dev1.overscan.io\/app\/uploads\/sites\/2\/2025\/10\/Design-sans-titre-5.png","width":1024,"height":683},{"@type":"BreadcrumbList","@id":"https:\/\/carfleet.dev1.overscan.io\/es\/politica-de-privacidad\/#breadcrumb","itemListElement":[{"@type":"ListItem","position":1,"name":"Accueil","item":"https:\/\/carfleet.dev1.overscan.io\/es\/"},{"@type":"ListItem","position":2,"name":"Pol\u00edtica de privacidad"}]},{"@type":"WebSite","@id":"https:\/\/carfleet.dev1.overscan.io\/es\/#website","url":"https:\/\/carfleet.dev1.overscan.io\/es\/","name":"GAC Car Fleet","description":"Logiciels de gestion de flotte automobile","publisher":{"@id":"https:\/\/carfleet.dev1.overscan.io\/es\/#organization"},"potentialAction":[{"@type":"SearchAction","target":{"@type":"EntryPoint","urlTemplate":"https:\/\/carfleet.dev1.overscan.io\/es\/?s={search_term_string}"},"query-input":{"@type":"PropertyValueSpecification","valueRequired":true,"valueName":"search_term_string"}}],"inLanguage":"es-ES"},{"@type":"Organization","@id":"https:\/\/carfleet.dev1.overscan.io\/es\/#organization","name":"GAC Car Fleet","url":"https:\/\/carfleet.dev1.overscan.io\/es\/","logo":{"@type":"ImageObject","inLanguage":"es-ES","@id":"https:\/\/carfleet.dev1.overscan.io\/es\/#\/schema\/logo\/image\/","url":"https:\/\/gac.dev1.overscan.io\/app\/uploads\/sites\/2\/2025\/12\/carfleet-logo.svg","contentUrl":"https:\/\/gac.dev1.overscan.io\/app\/uploads\/sites\/2\/2025\/12\/carfleet-logo.svg","caption":"GAC Car Fleet"},"image":{"@id":"https:\/\/carfleet.dev1.overscan.io\/es\/#\/schema\/logo\/image\/"}}]}},"jetpack_sharing_enabled":true,"_links":{"self":[{"href":"https:\/\/carfleet.dev1.overscan.io\/es\/wp-json\/wp\/v2\/pages\/46712","targetHints":{"allow":["GET"]}}],"collection":[{"href":"https:\/\/carfleet.dev1.overscan.io\/es\/wp-json\/wp\/v2\/pages"}],"about":[{"href":"https:\/\/carfleet.dev1.overscan.io\/es\/wp-json\/wp\/v2\/types\/page"}],"author":[{"embeddable":true,"href":"https:\/\/carfleet.dev1.overscan.io\/es\/wp-json\/wp\/v2\/users\/8"}],"replies":[{"embeddable":true,"href":"https:\/\/carfleet.dev1.overscan.io\/es\/wp-json\/wp\/v2\/comments?post=46712"}],"version-history":[{"count":3,"href":"https:\/\/carfleet.dev1.overscan.io\/es\/wp-json\/wp\/v2\/pages\/46712\/revisions"}],"predecessor-version":[{"id":48846,"href":"https:\/\/carfleet.dev1.overscan.io\/es\/wp-json\/wp\/v2\/pages\/46712\/revisions\/48846"}],"wp:featuredmedia":[{"embeddable":true,"href":"https:\/\/carfleet.dev1.overscan.io\/es\/wp-json\/wp\/v2\/media\/46612"}],"wp:attachment":[{"href":"https:\/\/carfleet.dev1.overscan.io\/es\/wp-json\/wp\/v2\/media?parent=46712"}],"curies":[{"name":"wp","href":"https:\/\/api.w.org\/{rel}","templated":true}]}}