{"id":46673,"date":"2025-10-27T11:41:07","date_gmt":"2025-10-27T10:41:07","guid":{"rendered":"https:\/\/carfleet.dev1.overscan.io\/aviso-legal\/"},"modified":"2026-02-03T16:13:13","modified_gmt":"2026-02-03T15:13:13","slug":"aviso-legal","status":"publish","type":"page","link":"https:\/\/carfleet.dev1.overscan.io\/es\/aviso-legal\/","title":{"rendered":"Aviso legal"},"content":{"rendered":"\n<p><\/p>\n\n<p><\/p>\n\n<h2 class=\"wp-block-heading\"><strong>Titular del sitio<\/strong><\/h2>\n\n<p><br \/>GAC Software, SAS au capital de 27 135 367,00 Euros<br \/>21 &amp; 21bis rue Antonin Laborde, 69009 Lyon, France\u00a0<br \/>Immatricul\u00e9 au RCS de Lyon sous le num\u00e9ro 917 536 161<br \/>TVA Intracommunautaire FR16917536161<\/p>\n\n<p>Tel\u00e9fono: +33 (0) 437 496 360<br \/>Correo electr\u00f3nico: contact@gac-technology.com<\/p>\n\n<p>Directora de publicaci\u00f3n: S\u00e9verine CHARPENTIER, directora de marketing de GAC Software<\/p>\n\n<h2 class=\"wp-block-heading\"><br \/>Dise\u00f1o y desarrollo<\/h2>\n\n<p><br \/>OVERSCAN<\/p>\n\n<p>Overscan es una SAS con un capital de 38\u00a0250\u00a0\u20ac<br \/>1 avenue Michel Ange \u2013 63000 Clermont-Ferrand (Francia)<br \/>Tel.: +33 (0) 473 151 515<br \/>Inscrita en el Registro Mercantil de Clermont-Ferrand con el n\u00famero B\u00a0389\u00a0111\u00a0717\u00a000036<br \/>N.\u00ba de IVA intracomunitario: FR 12 389 111 717<\/p>\n\n<p>www.overscan.fr<\/p>\n\n<h2 class=\"wp-block-heading\">Alojamiento<\/h2>\n\n<p><br \/>OVH, SAS con un capital de 10\u00a0069\u00a0020\u00a0\u20ac<br \/>2 rue Kellermann \u2013 59100 ROUBAIX (Francia)<br \/>Inscrita en el Registro Mercantil de Lille con el n\u00famero 537\u00a0407\u00a0926<br \/>IVA intracomunitario: FR 22 424 761 419<\/p>\n\n<h2 class=\"wp-block-heading\">Pol\u00edtica de privacidad y gesti\u00f3n de cookies<\/h2>\n\n<p><br \/>Quelles sont les donn\u00e9es personnelles collect\u00e9es ? Pourquoi sont-elles collect\u00e9es ? Qui a acc\u00e8s \u00e0 vos donn\u00e9es ? D\u00e9couvrez toutes les r\u00e9ponses \u00e0 vos questions concernant la politique de confidentialit\u00e9 et la gestion des cookies de notre site sur le lien suivant : <strong><a href=\"https:\/\/carfleet.dev1.overscan.io\/es\/politica-de-privacidad\/\">ici.<\/a><\/strong><\/p>\n\n<p><\/p>\n\n<h2 class=\"wp-block-heading\">Derechos de oposici\u00f3n, consulta, acceso y rectificaci\u00f3n<\/h2>\n\n<p><br \/>De acuerdo con la legislaci\u00f3n sobre protecci\u00f3n de datos personales aplicable, tiene derecho a acceder a sus datos personales, as\u00ed como a rectificarlos, oponerse a ellos, limitarlos y suprimirlos. Estos derechos pueden ejercerse de acuerdo con nuestra pol\u00edtica de privacidad o poni\u00e9ndose en contacto con el delegado de protecci\u00f3n de datos.<\/p>\n\n<p>Si, tras ponerse en contacto con nosotros, considera que no se han respetado sus derechos, tambi\u00e9n puede presentar una reclamaci\u00f3n ante la CNIL (https:\/\/www.cnil.fr).<\/p>\n","protected":false},"excerpt":{"rendered":"<p>Titular del sitio GAC Software, SAS au capital de 27 135 367,00 Euros21 &amp; 21bis rue Antonin Laborde, 69009 Lyon, France\u00a0Immatricul\u00e9 au RCS de Lyon sous le num\u00e9ro 917 536 161TVA Intracommunautaire FR16917536161 Tel\u00e9fono: +33 (0) 437 496 360Correo electr\u00f3nico: contact@gac-technology.com Directora de publicaci\u00f3n: S\u00e9verine CHARPENTIER, directora de marketing de GAC Software Dise\u00f1o y desarrollo [&hellip;]<\/p>\n","protected":false},"author":8,"featured_media":46612,"parent":0,"menu_order":0,"comment_status":"closed","ping_status":"closed","template":"","meta":{"ovs_hero_subtitle":"","ovs_hero_text_content":"","ovs_hero_button_text":"","ovs_hero_button_url":"","ovs_hero_button_two_text":"","ovs_hero_button_two_url":"","ovs_hero_is_elispe":"","footnotes":""},"class_list":["post-46673","page","type-page","status-publish","has-post-thumbnail","hentry"],"yoast_head":"<!-- This site is optimized with the Yoast SEO plugin v27.1.1 - https:\/\/yoast.com\/product\/yoast-seo-wordpress\/ -->\n<title>Aviso legal - GAC Car Fleet<\/title>\n<meta name=\"robots\" content=\"noindex, follow, max-snippet:-1, max-image-preview:large, max-video-preview:-1\" \/>\n<meta property=\"og:locale\" content=\"es_ES\" \/>\n<meta property=\"og:type\" content=\"article\" \/>\n<meta property=\"og:title\" content=\"Aviso legal - GAC Car Fleet\" \/>\n<meta property=\"og:description\" content=\"Titular del sitio GAC Software, SAS au capital de 27 135 367,00 Euros21 &amp; 21bis rue Antonin Laborde, 69009 Lyon, France\u00a0Immatricul\u00e9 au RCS de Lyon sous le num\u00e9ro 917 536 161TVA Intracommunautaire FR16917536161 Tel\u00e9fono: +33 (0) 437 496 360Correo electr\u00f3nico: contact@gac-technology.com Directora de publicaci\u00f3n: S\u00e9verine CHARPENTIER, directora de marketing de GAC Software Dise\u00f1o y desarrollo [&hellip;]\" \/>\n<meta property=\"og:url\" content=\"https:\/\/carfleet.dev1.overscan.io\/es\/aviso-legal\/\" \/>\n<meta property=\"og:site_name\" content=\"GAC Car Fleet\" \/>\n<meta property=\"article:modified_time\" content=\"2026-02-03T15:13:13+00:00\" \/>\n<meta property=\"og:image\" content=\"https:\/\/gac.dev1.overscan.io\/app\/uploads\/sites\/2\/2025\/10\/Design-sans-titre-5.png\" \/>\n\t<meta property=\"og:image:width\" content=\"1024\" \/>\n\t<meta property=\"og:image:height\" content=\"683\" \/>\n\t<meta property=\"og:image:type\" content=\"image\/png\" \/>\n<meta name=\"twitter:card\" content=\"summary_large_image\" \/>\n<meta name=\"twitter:label1\" content=\"Est. reading time\" \/>\n\t<meta name=\"twitter:data1\" content=\"1 minute\" \/>\n<script type=\"application\/ld+json\" class=\"yoast-schema-graph\">{\"@context\":\"https:\/\/schema.org\",\"@graph\":[{\"@type\":\"WebPage\",\"@id\":\"https:\/\/carfleet.dev1.overscan.io\/es\/aviso-legal\/\",\"url\":\"https:\/\/carfleet.dev1.overscan.io\/es\/aviso-legal\/\",\"name\":\"Aviso legal - GAC Car Fleet\",\"isPartOf\":{\"@id\":\"https:\/\/carfleet.dev1.overscan.io\/es\/#website\"},\"primaryImageOfPage\":{\"@id\":\"https:\/\/carfleet.dev1.overscan.io\/es\/aviso-legal\/#primaryimage\"},\"image\":{\"@id\":\"https:\/\/carfleet.dev1.overscan.io\/es\/aviso-legal\/#primaryimage\"},\"thumbnailUrl\":\"https:\/\/gac.dev1.overscan.io\/app\/uploads\/sites\/2\/2025\/10\/Design-sans-titre-5.png\",\"datePublished\":\"2025-10-27T10:41:07+00:00\",\"dateModified\":\"2026-02-03T15:13:13+00:00\",\"breadcrumb\":{\"@id\":\"https:\/\/carfleet.dev1.overscan.io\/es\/aviso-legal\/#breadcrumb\"},\"inLanguage\":\"es-ES\",\"potentialAction\":[{\"@type\":\"ReadAction\",\"target\":[\"https:\/\/carfleet.dev1.overscan.io\/es\/aviso-legal\/\"]}]},{\"@type\":\"ImageObject\",\"inLanguage\":\"es-ES\",\"@id\":\"https:\/\/carfleet.dev1.overscan.io\/es\/aviso-legal\/#primaryimage\",\"url\":\"https:\/\/gac.dev1.overscan.io\/app\/uploads\/sites\/2\/2025\/10\/Design-sans-titre-5.png\",\"contentUrl\":\"https:\/\/gac.dev1.overscan.io\/app\/uploads\/sites\/2\/2025\/10\/Design-sans-titre-5.png\",\"width\":1024,\"height\":683},{\"@type\":\"BreadcrumbList\",\"@id\":\"https:\/\/carfleet.dev1.overscan.io\/es\/aviso-legal\/#breadcrumb\",\"itemListElement\":[{\"@type\":\"ListItem\",\"position\":1,\"name\":\"Accueil\",\"item\":\"https:\/\/carfleet.dev1.overscan.io\/es\/\"},{\"@type\":\"ListItem\",\"position\":2,\"name\":\"Aviso legal\"}]},{\"@type\":\"WebSite\",\"@id\":\"https:\/\/carfleet.dev1.overscan.io\/es\/#website\",\"url\":\"https:\/\/carfleet.dev1.overscan.io\/es\/\",\"name\":\"GAC Car Fleet\",\"description\":\"Logiciels de gestion de flotte automobile\",\"publisher\":{\"@id\":\"https:\/\/carfleet.dev1.overscan.io\/es\/#organization\"},\"potentialAction\":[{\"@type\":\"SearchAction\",\"target\":{\"@type\":\"EntryPoint\",\"urlTemplate\":\"https:\/\/carfleet.dev1.overscan.io\/es\/?s={search_term_string}\"},\"query-input\":{\"@type\":\"PropertyValueSpecification\",\"valueRequired\":true,\"valueName\":\"search_term_string\"}}],\"inLanguage\":\"es-ES\"},{\"@type\":\"Organization\",\"@id\":\"https:\/\/carfleet.dev1.overscan.io\/es\/#organization\",\"name\":\"GAC Car Fleet\",\"url\":\"https:\/\/carfleet.dev1.overscan.io\/es\/\",\"logo\":{\"@type\":\"ImageObject\",\"inLanguage\":\"es-ES\",\"@id\":\"https:\/\/carfleet.dev1.overscan.io\/es\/#\/schema\/logo\/image\/\",\"url\":\"https:\/\/gac.dev1.overscan.io\/app\/uploads\/sites\/2\/2025\/12\/carfleet-logo.svg\",\"contentUrl\":\"https:\/\/gac.dev1.overscan.io\/app\/uploads\/sites\/2\/2025\/12\/carfleet-logo.svg\",\"caption\":\"GAC Car Fleet\"},\"image\":{\"@id\":\"https:\/\/carfleet.dev1.overscan.io\/es\/#\/schema\/logo\/image\/\"}}]}<\/script>\n<!-- \/ Yoast SEO plugin. -->","yoast_head_json":{"title":"Aviso legal - GAC Car Fleet","robots":{"index":"noindex","follow":"follow","max-snippet":"max-snippet:-1","max-image-preview":"max-image-preview:large","max-video-preview":"max-video-preview:-1"},"og_locale":"es_ES","og_type":"article","og_title":"Aviso legal - GAC Car Fleet","og_description":"Titular del sitio GAC Software, SAS au capital de 27 135 367,00 Euros21 &amp; 21bis rue Antonin Laborde, 69009 Lyon, France\u00a0Immatricul\u00e9 au RCS de Lyon sous le num\u00e9ro 917 536 161TVA Intracommunautaire FR16917536161 Tel\u00e9fono: +33 (0) 437 496 360Correo electr\u00f3nico: contact@gac-technology.com Directora de publicaci\u00f3n: S\u00e9verine CHARPENTIER, directora de marketing de GAC Software Dise\u00f1o y desarrollo [&hellip;]","og_url":"https:\/\/carfleet.dev1.overscan.io\/es\/aviso-legal\/","og_site_name":"GAC Car Fleet","article_modified_time":"2026-02-03T15:13:13+00:00","og_image":[{"width":1024,"height":683,"url":"https:\/\/gac.dev1.overscan.io\/app\/uploads\/sites\/2\/2025\/10\/Design-sans-titre-5.png","type":"image\/png"}],"twitter_card":"summary_large_image","twitter_misc":{"Est. reading time":"1 minute"},"schema":{"@context":"https:\/\/schema.org","@graph":[{"@type":"WebPage","@id":"https:\/\/carfleet.dev1.overscan.io\/es\/aviso-legal\/","url":"https:\/\/carfleet.dev1.overscan.io\/es\/aviso-legal\/","name":"Aviso legal - GAC Car Fleet","isPartOf":{"@id":"https:\/\/carfleet.dev1.overscan.io\/es\/#website"},"primaryImageOfPage":{"@id":"https:\/\/carfleet.dev1.overscan.io\/es\/aviso-legal\/#primaryimage"},"image":{"@id":"https:\/\/carfleet.dev1.overscan.io\/es\/aviso-legal\/#primaryimage"},"thumbnailUrl":"https:\/\/gac.dev1.overscan.io\/app\/uploads\/sites\/2\/2025\/10\/Design-sans-titre-5.png","datePublished":"2025-10-27T10:41:07+00:00","dateModified":"2026-02-03T15:13:13+00:00","breadcrumb":{"@id":"https:\/\/carfleet.dev1.overscan.io\/es\/aviso-legal\/#breadcrumb"},"inLanguage":"es-ES","potentialAction":[{"@type":"ReadAction","target":["https:\/\/carfleet.dev1.overscan.io\/es\/aviso-legal\/"]}]},{"@type":"ImageObject","inLanguage":"es-ES","@id":"https:\/\/carfleet.dev1.overscan.io\/es\/aviso-legal\/#primaryimage","url":"https:\/\/gac.dev1.overscan.io\/app\/uploads\/sites\/2\/2025\/10\/Design-sans-titre-5.png","contentUrl":"https:\/\/gac.dev1.overscan.io\/app\/uploads\/sites\/2\/2025\/10\/Design-sans-titre-5.png","width":1024,"height":683},{"@type":"BreadcrumbList","@id":"https:\/\/carfleet.dev1.overscan.io\/es\/aviso-legal\/#breadcrumb","itemListElement":[{"@type":"ListItem","position":1,"name":"Accueil","item":"https:\/\/carfleet.dev1.overscan.io\/es\/"},{"@type":"ListItem","position":2,"name":"Aviso legal"}]},{"@type":"WebSite","@id":"https:\/\/carfleet.dev1.overscan.io\/es\/#website","url":"https:\/\/carfleet.dev1.overscan.io\/es\/","name":"GAC Car Fleet","description":"Logiciels de gestion de flotte automobile","publisher":{"@id":"https:\/\/carfleet.dev1.overscan.io\/es\/#organization"},"potentialAction":[{"@type":"SearchAction","target":{"@type":"EntryPoint","urlTemplate":"https:\/\/carfleet.dev1.overscan.io\/es\/?s={search_term_string}"},"query-input":{"@type":"PropertyValueSpecification","valueRequired":true,"valueName":"search_term_string"}}],"inLanguage":"es-ES"},{"@type":"Organization","@id":"https:\/\/carfleet.dev1.overscan.io\/es\/#organization","name":"GAC Car Fleet","url":"https:\/\/carfleet.dev1.overscan.io\/es\/","logo":{"@type":"ImageObject","inLanguage":"es-ES","@id":"https:\/\/carfleet.dev1.overscan.io\/es\/#\/schema\/logo\/image\/","url":"https:\/\/gac.dev1.overscan.io\/app\/uploads\/sites\/2\/2025\/12\/carfleet-logo.svg","contentUrl":"https:\/\/gac.dev1.overscan.io\/app\/uploads\/sites\/2\/2025\/12\/carfleet-logo.svg","caption":"GAC Car Fleet"},"image":{"@id":"https:\/\/carfleet.dev1.overscan.io\/es\/#\/schema\/logo\/image\/"}}]}},"jetpack_sharing_enabled":true,"_links":{"self":[{"href":"https:\/\/carfleet.dev1.overscan.io\/es\/wp-json\/wp\/v2\/pages\/46673","targetHints":{"allow":["GET"]}}],"collection":[{"href":"https:\/\/carfleet.dev1.overscan.io\/es\/wp-json\/wp\/v2\/pages"}],"about":[{"href":"https:\/\/carfleet.dev1.overscan.io\/es\/wp-json\/wp\/v2\/types\/page"}],"author":[{"embeddable":true,"href":"https:\/\/carfleet.dev1.overscan.io\/es\/wp-json\/wp\/v2\/users\/8"}],"replies":[{"embeddable":true,"href":"https:\/\/carfleet.dev1.overscan.io\/es\/wp-json\/wp\/v2\/comments?post=46673"}],"version-history":[{"count":3,"href":"https:\/\/carfleet.dev1.overscan.io\/es\/wp-json\/wp\/v2\/pages\/46673\/revisions"}],"predecessor-version":[{"id":50591,"href":"https:\/\/carfleet.dev1.overscan.io\/es\/wp-json\/wp\/v2\/pages\/46673\/revisions\/50591"}],"wp:featuredmedia":[{"embeddable":true,"href":"https:\/\/carfleet.dev1.overscan.io\/es\/wp-json\/wp\/v2\/media\/46612"}],"wp:attachment":[{"href":"https:\/\/carfleet.dev1.overscan.io\/es\/wp-json\/wp\/v2\/media?parent=46673"}],"curies":[{"name":"wp","href":"https:\/\/api.w.org\/{rel}","templated":true}]}}