{"id":47665,"date":"2025-11-28T10:13:52","date_gmt":"2025-11-28T09:13:52","guid":{"rendered":"https:\/\/carfleet.dev1.overscan.io\/vielen-dank-fuer-ihre-interesse\/"},"modified":"2025-12-22T17:03:49","modified_gmt":"2025-12-22T16:03:49","slug":"vielen-dank-fuer-ihre-interesse","status":"publish","type":"page","link":"https:\/\/carfleet.dev1.overscan.io\/de\/vielen-dank-fuer-ihre-interesse\/","title":{"rendered":"Vielen Dank f\u00fcr Ihre Interesse!"},"content":{"rendered":"\n<div class=\"wp-block-ovs-blocks-decoration alignfull custom-decoration\"><div class=\"custom-decoration__img\" style=\"top:-290px;left:0;right:initial;width:400px\" data-desktop-style=\"{\" data-mobile-style=\"{\" data-hide-on-mobile=\"true\"><img decoding=\"async\" src=\"https:\/\/gac.dev1.overscan.io\/app\/uploads\/sites\/2\/2025\/10\/Ellipse-6.svg\" alt=\"\" \/><\/div><\/div><br>\n","protected":false},"excerpt":{"rendered":"","protected":false},"author":8,"featured_media":49478,"parent":0,"menu_order":0,"comment_status":"closed","ping_status":"closed","template":"","meta":{"ovs_hero_subtitle":"","ovs_hero_text_content":"Diese L\u00f6sung ist nur in Frankreich verf\u00fcgbar.\r\n\r\nEntdecken Sie GAC Car Fleet, unsere umfassende L\u00f6sung f\u00fcr das Management von Fahrzeugflotten, die in 6 Sprachen verf\u00fcgbar ist: EN, FR, ES, IT, DE, NL.","ovs_hero_button_text":"GAC Car Fleet entdecken","ovs_hero_button_url":"https:\/\/carfleet.dev1.overscan.io\/de\/gac-car-fleet\/","ovs_hero_button_two_text":"","ovs_hero_button_two_url":"","ovs_hero_is_elispe":"yes","footnotes":""},"class_list":["post-47665","page","type-page","status-publish","has-post-thumbnail","hentry"],"yoast_head":"<!-- This site is optimized with the Yoast SEO plugin v27.1.1 - https:\/\/yoast.com\/product\/yoast-seo-wordpress\/ -->\n<title>Vielen Dank f\u00fcr Ihre Interesse! - GAC Car Fleet<\/title>\n<meta name=\"description\" content=\"Demo anfordern. GAC Car Fleet - die f\u00fchrende Software f\u00fcr das Management von Fahrzeugflotten, verf\u00fcgbar in 6 Sprachen.\" \/>\n<meta name=\"robots\" content=\"noindex, follow, max-snippet:-1, max-image-preview:large, max-video-preview:-1\" \/>\n<meta property=\"og:locale\" content=\"de_DE\" \/>\n<meta property=\"og:type\" content=\"article\" \/>\n<meta property=\"og:title\" content=\"Vielen Dank f\u00fcr Ihre Interesse! - GAC Car Fleet\" \/>\n<meta property=\"og:description\" content=\"Demo anfordern. GAC Car Fleet - die f\u00fchrende Software f\u00fcr das Management von Fahrzeugflotten, verf\u00fcgbar in 6 Sprachen.\" \/>\n<meta property=\"og:url\" content=\"https:\/\/carfleet.dev1.overscan.io\/de\/vielen-dank-fuer-ihre-interesse\/\" \/>\n<meta property=\"og:site_name\" content=\"GAC Car Fleet\" \/>\n<meta property=\"article:modified_time\" content=\"2025-12-22T16:03:49+00:00\" \/>\n<meta property=\"og:image\" content=\"https:\/\/gac.dev1.overscan.io\/app\/uploads\/sites\/2\/2025\/12\/visuels-tableau-de-bord-en-3.png\" \/>\n\t<meta property=\"og:image:width\" content=\"1242\" \/>\n\t<meta property=\"og:image:height\" content=\"932\" \/>\n\t<meta property=\"og:image:type\" content=\"image\/png\" \/>\n<meta name=\"twitter:card\" content=\"summary_large_image\" \/>\n<meta name=\"twitter:label1\" content=\"Est. reading time\" \/>\n\t<meta name=\"twitter:data1\" content=\"1 minute\" \/>\n<script type=\"application\/ld+json\" class=\"yoast-schema-graph\">{\"@context\":\"https:\/\/schema.org\",\"@graph\":[{\"@type\":\"WebPage\",\"@id\":\"https:\/\/carfleet.dev1.overscan.io\/de\/vielen-dank-fuer-ihre-interesse\/\",\"url\":\"https:\/\/carfleet.dev1.overscan.io\/de\/vielen-dank-fuer-ihre-interesse\/\",\"name\":\"Vielen Dank f\u00fcr Ihre Interesse! - GAC Car Fleet\",\"isPartOf\":{\"@id\":\"https:\/\/carfleet.dev1.overscan.io\/de\/#website\"},\"primaryImageOfPage\":{\"@id\":\"https:\/\/carfleet.dev1.overscan.io\/de\/vielen-dank-fuer-ihre-interesse\/#primaryimage\"},\"image\":{\"@id\":\"https:\/\/carfleet.dev1.overscan.io\/de\/vielen-dank-fuer-ihre-interesse\/#primaryimage\"},\"thumbnailUrl\":\"https:\/\/gac.dev1.overscan.io\/app\/uploads\/sites\/2\/2025\/12\/visuels-tableau-de-bord-en-3.png\",\"datePublished\":\"2025-11-28T09:13:52+00:00\",\"dateModified\":\"2025-12-22T16:03:49+00:00\",\"description\":\"Demo anfordern. GAC Car Fleet - die f\u00fchrende Software f\u00fcr das Management von Fahrzeugflotten, verf\u00fcgbar in 6 Sprachen.\",\"breadcrumb\":{\"@id\":\"https:\/\/carfleet.dev1.overscan.io\/de\/vielen-dank-fuer-ihre-interesse\/#breadcrumb\"},\"inLanguage\":\"de-DE\",\"potentialAction\":[{\"@type\":\"ReadAction\",\"target\":[\"https:\/\/carfleet.dev1.overscan.io\/de\/vielen-dank-fuer-ihre-interesse\/\"]}]},{\"@type\":\"ImageObject\",\"inLanguage\":\"de-DE\",\"@id\":\"https:\/\/carfleet.dev1.overscan.io\/de\/vielen-dank-fuer-ihre-interesse\/#primaryimage\",\"url\":\"https:\/\/gac.dev1.overscan.io\/app\/uploads\/sites\/2\/2025\/12\/visuels-tableau-de-bord-en-3.png\",\"contentUrl\":\"https:\/\/gac.dev1.overscan.io\/app\/uploads\/sites\/2\/2025\/12\/visuels-tableau-de-bord-en-3.png\",\"width\":1242,\"height\":932},{\"@type\":\"BreadcrumbList\",\"@id\":\"https:\/\/carfleet.dev1.overscan.io\/de\/vielen-dank-fuer-ihre-interesse\/#breadcrumb\",\"itemListElement\":[{\"@type\":\"ListItem\",\"position\":1,\"name\":\"Accueil\",\"item\":\"https:\/\/carfleet.dev1.overscan.io\/de\/\"},{\"@type\":\"ListItem\",\"position\":2,\"name\":\"Vielen Dank f\u00fcr Ihre Interesse!\"}]},{\"@type\":\"WebSite\",\"@id\":\"https:\/\/carfleet.dev1.overscan.io\/de\/#website\",\"url\":\"https:\/\/carfleet.dev1.overscan.io\/de\/\",\"name\":\"GAC Car Fleet\",\"description\":\"Logiciels de gestion de flotte automobile\",\"publisher\":{\"@id\":\"https:\/\/carfleet.dev1.overscan.io\/de\/#organization\"},\"potentialAction\":[{\"@type\":\"SearchAction\",\"target\":{\"@type\":\"EntryPoint\",\"urlTemplate\":\"https:\/\/carfleet.dev1.overscan.io\/de\/?s={search_term_string}\"},\"query-input\":{\"@type\":\"PropertyValueSpecification\",\"valueRequired\":true,\"valueName\":\"search_term_string\"}}],\"inLanguage\":\"de-DE\"},{\"@type\":\"Organization\",\"@id\":\"https:\/\/carfleet.dev1.overscan.io\/de\/#organization\",\"name\":\"GAC Car Fleet\",\"url\":\"https:\/\/carfleet.dev1.overscan.io\/de\/\",\"logo\":{\"@type\":\"ImageObject\",\"inLanguage\":\"de-DE\",\"@id\":\"https:\/\/carfleet.dev1.overscan.io\/de\/#\/schema\/logo\/image\/\",\"url\":\"https:\/\/gac.dev1.overscan.io\/app\/uploads\/sites\/2\/2025\/12\/carfleet-logo.svg\",\"contentUrl\":\"https:\/\/gac.dev1.overscan.io\/app\/uploads\/sites\/2\/2025\/12\/carfleet-logo.svg\",\"caption\":\"GAC Car Fleet\"},\"image\":{\"@id\":\"https:\/\/carfleet.dev1.overscan.io\/de\/#\/schema\/logo\/image\/\"}}]}<\/script>\n<!-- \/ Yoast SEO plugin. -->","yoast_head_json":{"title":"Vielen Dank f\u00fcr Ihre Interesse! - GAC Car Fleet","description":"Demo anfordern. GAC Car Fleet - die f\u00fchrende Software f\u00fcr das Management von Fahrzeugflotten, verf\u00fcgbar in 6 Sprachen.","robots":{"index":"noindex","follow":"follow","max-snippet":"max-snippet:-1","max-image-preview":"max-image-preview:large","max-video-preview":"max-video-preview:-1"},"og_locale":"de_DE","og_type":"article","og_title":"Vielen Dank f\u00fcr Ihre Interesse! - GAC Car Fleet","og_description":"Demo anfordern. GAC Car Fleet - die f\u00fchrende Software f\u00fcr das Management von Fahrzeugflotten, verf\u00fcgbar in 6 Sprachen.","og_url":"https:\/\/carfleet.dev1.overscan.io\/de\/vielen-dank-fuer-ihre-interesse\/","og_site_name":"GAC Car Fleet","article_modified_time":"2025-12-22T16:03:49+00:00","og_image":[{"width":1242,"height":932,"url":"https:\/\/gac.dev1.overscan.io\/app\/uploads\/sites\/2\/2025\/12\/visuels-tableau-de-bord-en-3.png","type":"image\/png"}],"twitter_card":"summary_large_image","twitter_misc":{"Est. reading time":"1 minute"},"schema":{"@context":"https:\/\/schema.org","@graph":[{"@type":"WebPage","@id":"https:\/\/carfleet.dev1.overscan.io\/de\/vielen-dank-fuer-ihre-interesse\/","url":"https:\/\/carfleet.dev1.overscan.io\/de\/vielen-dank-fuer-ihre-interesse\/","name":"Vielen Dank f\u00fcr Ihre Interesse! - GAC Car Fleet","isPartOf":{"@id":"https:\/\/carfleet.dev1.overscan.io\/de\/#website"},"primaryImageOfPage":{"@id":"https:\/\/carfleet.dev1.overscan.io\/de\/vielen-dank-fuer-ihre-interesse\/#primaryimage"},"image":{"@id":"https:\/\/carfleet.dev1.overscan.io\/de\/vielen-dank-fuer-ihre-interesse\/#primaryimage"},"thumbnailUrl":"https:\/\/gac.dev1.overscan.io\/app\/uploads\/sites\/2\/2025\/12\/visuels-tableau-de-bord-en-3.png","datePublished":"2025-11-28T09:13:52+00:00","dateModified":"2025-12-22T16:03:49+00:00","description":"Demo anfordern. GAC Car Fleet - die f\u00fchrende Software f\u00fcr das Management von Fahrzeugflotten, verf\u00fcgbar in 6 Sprachen.","breadcrumb":{"@id":"https:\/\/carfleet.dev1.overscan.io\/de\/vielen-dank-fuer-ihre-interesse\/#breadcrumb"},"inLanguage":"de-DE","potentialAction":[{"@type":"ReadAction","target":["https:\/\/carfleet.dev1.overscan.io\/de\/vielen-dank-fuer-ihre-interesse\/"]}]},{"@type":"ImageObject","inLanguage":"de-DE","@id":"https:\/\/carfleet.dev1.overscan.io\/de\/vielen-dank-fuer-ihre-interesse\/#primaryimage","url":"https:\/\/gac.dev1.overscan.io\/app\/uploads\/sites\/2\/2025\/12\/visuels-tableau-de-bord-en-3.png","contentUrl":"https:\/\/gac.dev1.overscan.io\/app\/uploads\/sites\/2\/2025\/12\/visuels-tableau-de-bord-en-3.png","width":1242,"height":932},{"@type":"BreadcrumbList","@id":"https:\/\/carfleet.dev1.overscan.io\/de\/vielen-dank-fuer-ihre-interesse\/#breadcrumb","itemListElement":[{"@type":"ListItem","position":1,"name":"Accueil","item":"https:\/\/carfleet.dev1.overscan.io\/de\/"},{"@type":"ListItem","position":2,"name":"Vielen Dank f\u00fcr Ihre Interesse!"}]},{"@type":"WebSite","@id":"https:\/\/carfleet.dev1.overscan.io\/de\/#website","url":"https:\/\/carfleet.dev1.overscan.io\/de\/","name":"GAC Car Fleet","description":"Logiciels de gestion de flotte automobile","publisher":{"@id":"https:\/\/carfleet.dev1.overscan.io\/de\/#organization"},"potentialAction":[{"@type":"SearchAction","target":{"@type":"EntryPoint","urlTemplate":"https:\/\/carfleet.dev1.overscan.io\/de\/?s={search_term_string}"},"query-input":{"@type":"PropertyValueSpecification","valueRequired":true,"valueName":"search_term_string"}}],"inLanguage":"de-DE"},{"@type":"Organization","@id":"https:\/\/carfleet.dev1.overscan.io\/de\/#organization","name":"GAC Car Fleet","url":"https:\/\/carfleet.dev1.overscan.io\/de\/","logo":{"@type":"ImageObject","inLanguage":"de-DE","@id":"https:\/\/carfleet.dev1.overscan.io\/de\/#\/schema\/logo\/image\/","url":"https:\/\/gac.dev1.overscan.io\/app\/uploads\/sites\/2\/2025\/12\/carfleet-logo.svg","contentUrl":"https:\/\/gac.dev1.overscan.io\/app\/uploads\/sites\/2\/2025\/12\/carfleet-logo.svg","caption":"GAC Car Fleet"},"image":{"@id":"https:\/\/carfleet.dev1.overscan.io\/de\/#\/schema\/logo\/image\/"}}]}},"jetpack_sharing_enabled":true,"_links":{"self":[{"href":"https:\/\/carfleet.dev1.overscan.io\/de\/wp-json\/wp\/v2\/pages\/47665","targetHints":{"allow":["GET"]}}],"collection":[{"href":"https:\/\/carfleet.dev1.overscan.io\/de\/wp-json\/wp\/v2\/pages"}],"about":[{"href":"https:\/\/carfleet.dev1.overscan.io\/de\/wp-json\/wp\/v2\/types\/page"}],"author":[{"embeddable":true,"href":"https:\/\/carfleet.dev1.overscan.io\/de\/wp-json\/wp\/v2\/users\/8"}],"replies":[{"embeddable":true,"href":"https:\/\/carfleet.dev1.overscan.io\/de\/wp-json\/wp\/v2\/comments?post=47665"}],"version-history":[{"count":3,"href":"https:\/\/carfleet.dev1.overscan.io\/de\/wp-json\/wp\/v2\/pages\/47665\/revisions"}],"predecessor-version":[{"id":47735,"href":"https:\/\/carfleet.dev1.overscan.io\/de\/wp-json\/wp\/v2\/pages\/47665\/revisions\/47735"}],"wp:featuredmedia":[{"embeddable":true,"href":"https:\/\/carfleet.dev1.overscan.io\/de\/wp-json\/wp\/v2\/media\/49478"}],"wp:attachment":[{"href":"https:\/\/carfleet.dev1.overscan.io\/de\/wp-json\/wp\/v2\/media?parent=47665"}],"curies":[{"name":"wp","href":"https:\/\/api.w.org\/{rel}","templated":true}]}}