{"id":47445,"date":"2025-10-27T11:41:07","date_gmt":"2025-10-27T10:41:07","guid":{"rendered":"https:\/\/carfleet.dev1.overscan.io\/rechtliche-hinweise\/"},"modified":"2025-11-25T11:49:31","modified_gmt":"2025-11-25T10:49:31","slug":"rechtliche-hinweise","status":"publish","type":"page","link":"https:\/\/carfleet.dev1.overscan.io\/de\/rechtliche-hinweise\/","title":{"rendered":"Rechtliche Hinweise"},"content":{"rendered":"\n<p><\/p>\n\n<p><\/p>\n\n<h2 class=\"wp-block-heading\"><strong>Eigent\u00fcmer der Website<\/strong><\/h2>\n\n<p><br\/>GAC Technology, SAS mit einem Kapital von 141.285,10\u00a0\u20ac<br\/>26 rue de la Gare &#8211; 69009 Lyon &#8211; Frankreich<br\/>Eingetragen im HR Lyon unter der Nummer 500 168 208<br\/>USt-IdNr. FR 93 500 168 208<\/p>\n\n<p>Tel.: +33 (0) 4 37 49 63 60<br\/>E-Mail: contact@gac-technology.com<\/p>\n\n<p>Verantwortlicher Herausgeber: G\u00e9raud PORTEU, Generaldirektor von GAC Technology<\/p>\n\n<h2 class=\"wp-block-heading\"><br\/>Entwicklung und Design<\/h2>\n\n<p><br\/>OVERSCAN<\/p>\n\n<p>Overscan, SAS mit einem Kapital von 38.250\u00a0\u20ac.<br\/>1 avenue Michel Ange &#8211; 63000 Clermont-Ferrand &#8211; Frankreich<br\/>Tel.: + 33 (0) 4 73 15 15 15<br\/>Eingetragen im HR Clermont-Ferrand unter der Nummer B 389 111 717 00036<br\/>USt-IdNr.: FR 12 389 111 717<\/p>\n\n<p>www.overscan.fr<\/p>\n\n<h2 class=\"wp-block-heading\">Webhosting-Anbieter<\/h2>\n\n<p><br\/>OVH, SAS mit einem Kapital von 10.069.020\u00a0\u20ac.<br\/>2 rue Kellermann &#8211; 59100 Roubaix &#8211; Frankreich<br\/>Eingetragen im HR Lille unter der Nummer 537 407 926<br\/>USt-IdNr. FR 22 424 761 419<\/p>\n\n<h2 class=\"wp-block-heading\">Datenschutzrichtlinie und Cookie-Richtlinie<\/h2>\n\n<p><br\/>Welche pers\u00f6nlichen Daten werden erhoben? Warum werden sie erhoben? Wer hat Zugriff auf Ihre Daten? Unter folgendem Link finden Sie alle Antworten auf Ihre Fragen zur Datenschutzrichtlinie und zur Cookie-Richtlinie auf unserer Website: <strong><a href=\"https:\/\/carfleet.dev1.overscan.io\/de\/datenschutzrichtlinie\/\">Klicken Sie hier.<\/a><\/strong>.<\/p>\n\n<p><\/p>\n\n<h2 class=\"wp-block-heading\">Recht auf Widerspruch, Abfrage, Zugang und Berichtigung<\/h2>\n\n<p><br\/>Gem\u00e4\u00df der Gesetzgebung zum Schutz personenbezogener Daten haben Sie das Recht auf Zugang, Berichtigung, Widerspruch, Einschr\u00e4nkung und L\u00f6schung der Sie betreffenden personenbezogenen Daten. Dieses Recht kann in Anwendung unserer Datenschutzrichtlinie oder durch Kontaktaufnahme mit dem Datenschutzbeauftragten ausge\u00fcbt werden.<\/p>\n\n<p>Wenn Sie, nachdem Sie sich mit uns in Verbindung gesetzt haben, der Meinung sind, dass Ihre Rechte nicht eingehalten werden, k\u00f6nnen Sie eine Beschwerde bei der franz\u00f6sischen Datenschutzbeh\u00f6rde CNIL (https:\/\/www.cnil.fr) einreichen.<\/p>\n","protected":false},"excerpt":{"rendered":"<p>Eigent\u00fcmer der Website GAC Technology, SAS mit einem Kapital von 141.285,10\u00a0\u20ac26 rue de la Gare &#8211; 69009 Lyon &#8211; FrankreichEingetragen im HR Lyon unter der Nummer 500 168 208USt-IdNr. FR 93 500 168 208 Tel.: +33 (0) 4 37 49 63 60E-Mail: contact@gac-technology.com Verantwortlicher Herausgeber: G\u00e9raud PORTEU, Generaldirektor von GAC Technology Entwicklung und Design OVERSCAN [&hellip;]<\/p>\n","protected":false},"author":8,"featured_media":47384,"parent":0,"menu_order":0,"comment_status":"closed","ping_status":"closed","template":"","meta":{"ovs_hero_subtitle":"","ovs_hero_text_content":"","ovs_hero_button_text":"","ovs_hero_button_url":"","ovs_hero_button_two_text":"","ovs_hero_button_two_url":"","ovs_hero_is_elispe":"","footnotes":""},"class_list":["post-47445","page","type-page","status-publish","has-post-thumbnail","hentry"],"yoast_head":"<!-- This site is optimized with the Yoast SEO plugin v27.1.1 - https:\/\/yoast.com\/product\/yoast-seo-wordpress\/ -->\n<title>Rechtliche Hinweise - GAC Car Fleet<\/title>\n<meta name=\"robots\" content=\"noindex, follow, max-snippet:-1, max-image-preview:large, max-video-preview:-1\" \/>\n<meta property=\"og:locale\" content=\"de_DE\" \/>\n<meta property=\"og:type\" content=\"article\" \/>\n<meta property=\"og:title\" content=\"Rechtliche Hinweise - GAC Car Fleet\" \/>\n<meta property=\"og:description\" content=\"Eigent\u00fcmer der Website GAC Technology, SAS mit einem Kapital von 141.285,10\u00a0\u20ac26 rue de la Gare &#8211; 69009 Lyon &#8211; FrankreichEingetragen im HR Lyon unter der Nummer 500 168 208USt-IdNr. FR 93 500 168 208 Tel.: +33 (0) 4 37 49 63 60E-Mail: contact@gac-technology.com Verantwortlicher Herausgeber: G\u00e9raud PORTEU, Generaldirektor von GAC Technology Entwicklung und Design OVERSCAN [&hellip;]\" \/>\n<meta property=\"og:url\" content=\"https:\/\/carfleet.dev1.overscan.io\/de\/rechtliche-hinweise\/\" \/>\n<meta property=\"og:site_name\" content=\"GAC Car Fleet\" \/>\n<meta property=\"article:modified_time\" content=\"2025-11-25T10:49:31+00:00\" \/>\n<meta property=\"og:image\" content=\"https:\/\/gac.dev1.overscan.io\/app\/uploads\/sites\/2\/2025\/10\/Design-sans-titre-5.png\" \/>\n\t<meta property=\"og:image:width\" content=\"1024\" \/>\n\t<meta property=\"og:image:height\" content=\"683\" \/>\n\t<meta property=\"og:image:type\" content=\"image\/png\" \/>\n<meta name=\"twitter:card\" content=\"summary_large_image\" \/>\n<meta name=\"twitter:label1\" content=\"Est. reading time\" \/>\n\t<meta name=\"twitter:data1\" content=\"1 minute\" \/>\n<script type=\"application\/ld+json\" class=\"yoast-schema-graph\">{\"@context\":\"https:\/\/schema.org\",\"@graph\":[{\"@type\":\"WebPage\",\"@id\":\"https:\/\/carfleet.dev1.overscan.io\/de\/rechtliche-hinweise\/\",\"url\":\"https:\/\/carfleet.dev1.overscan.io\/de\/rechtliche-hinweise\/\",\"name\":\"Rechtliche Hinweise - GAC Car Fleet\",\"isPartOf\":{\"@id\":\"https:\/\/carfleet.dev1.overscan.io\/de\/#website\"},\"primaryImageOfPage\":{\"@id\":\"https:\/\/carfleet.dev1.overscan.io\/de\/rechtliche-hinweise\/#primaryimage\"},\"image\":{\"@id\":\"https:\/\/carfleet.dev1.overscan.io\/de\/rechtliche-hinweise\/#primaryimage\"},\"thumbnailUrl\":\"https:\/\/gac.dev1.overscan.io\/app\/uploads\/sites\/2\/2025\/10\/Design-sans-titre-5.png\",\"datePublished\":\"2025-10-27T10:41:07+00:00\",\"dateModified\":\"2025-11-25T10:49:31+00:00\",\"breadcrumb\":{\"@id\":\"https:\/\/carfleet.dev1.overscan.io\/de\/rechtliche-hinweise\/#breadcrumb\"},\"inLanguage\":\"de-DE\",\"potentialAction\":[{\"@type\":\"ReadAction\",\"target\":[\"https:\/\/carfleet.dev1.overscan.io\/de\/rechtliche-hinweise\/\"]}]},{\"@type\":\"ImageObject\",\"inLanguage\":\"de-DE\",\"@id\":\"https:\/\/carfleet.dev1.overscan.io\/de\/rechtliche-hinweise\/#primaryimage\",\"url\":\"https:\/\/gac.dev1.overscan.io\/app\/uploads\/sites\/2\/2025\/10\/Design-sans-titre-5.png\",\"contentUrl\":\"https:\/\/gac.dev1.overscan.io\/app\/uploads\/sites\/2\/2025\/10\/Design-sans-titre-5.png\",\"width\":1024,\"height\":683},{\"@type\":\"BreadcrumbList\",\"@id\":\"https:\/\/carfleet.dev1.overscan.io\/de\/rechtliche-hinweise\/#breadcrumb\",\"itemListElement\":[{\"@type\":\"ListItem\",\"position\":1,\"name\":\"Accueil\",\"item\":\"https:\/\/carfleet.dev1.overscan.io\/de\/\"},{\"@type\":\"ListItem\",\"position\":2,\"name\":\"Rechtliche Hinweise\"}]},{\"@type\":\"WebSite\",\"@id\":\"https:\/\/carfleet.dev1.overscan.io\/de\/#website\",\"url\":\"https:\/\/carfleet.dev1.overscan.io\/de\/\",\"name\":\"GAC Car Fleet\",\"description\":\"Logiciels de gestion de flotte automobile\",\"publisher\":{\"@id\":\"https:\/\/carfleet.dev1.overscan.io\/de\/#organization\"},\"potentialAction\":[{\"@type\":\"SearchAction\",\"target\":{\"@type\":\"EntryPoint\",\"urlTemplate\":\"https:\/\/carfleet.dev1.overscan.io\/de\/?s={search_term_string}\"},\"query-input\":{\"@type\":\"PropertyValueSpecification\",\"valueRequired\":true,\"valueName\":\"search_term_string\"}}],\"inLanguage\":\"de-DE\"},{\"@type\":\"Organization\",\"@id\":\"https:\/\/carfleet.dev1.overscan.io\/de\/#organization\",\"name\":\"GAC Car Fleet\",\"url\":\"https:\/\/carfleet.dev1.overscan.io\/de\/\",\"logo\":{\"@type\":\"ImageObject\",\"inLanguage\":\"de-DE\",\"@id\":\"https:\/\/carfleet.dev1.overscan.io\/de\/#\/schema\/logo\/image\/\",\"url\":\"https:\/\/gac.dev1.overscan.io\/app\/uploads\/sites\/2\/2025\/12\/carfleet-logo.svg\",\"contentUrl\":\"https:\/\/gac.dev1.overscan.io\/app\/uploads\/sites\/2\/2025\/12\/carfleet-logo.svg\",\"caption\":\"GAC Car Fleet\"},\"image\":{\"@id\":\"https:\/\/carfleet.dev1.overscan.io\/de\/#\/schema\/logo\/image\/\"}}]}<\/script>\n<!-- \/ Yoast SEO plugin. -->","yoast_head_json":{"title":"Rechtliche Hinweise - GAC Car Fleet","robots":{"index":"noindex","follow":"follow","max-snippet":"max-snippet:-1","max-image-preview":"max-image-preview:large","max-video-preview":"max-video-preview:-1"},"og_locale":"de_DE","og_type":"article","og_title":"Rechtliche Hinweise - GAC Car Fleet","og_description":"Eigent\u00fcmer der Website GAC Technology, SAS mit einem Kapital von 141.285,10\u00a0\u20ac26 rue de la Gare &#8211; 69009 Lyon &#8211; FrankreichEingetragen im HR Lyon unter der Nummer 500 168 208USt-IdNr. FR 93 500 168 208 Tel.: +33 (0) 4 37 49 63 60E-Mail: contact@gac-technology.com Verantwortlicher Herausgeber: G\u00e9raud PORTEU, Generaldirektor von GAC Technology Entwicklung und Design OVERSCAN [&hellip;]","og_url":"https:\/\/carfleet.dev1.overscan.io\/de\/rechtliche-hinweise\/","og_site_name":"GAC Car Fleet","article_modified_time":"2025-11-25T10:49:31+00:00","og_image":[{"width":1024,"height":683,"url":"https:\/\/gac.dev1.overscan.io\/app\/uploads\/sites\/2\/2025\/10\/Design-sans-titre-5.png","type":"image\/png"}],"twitter_card":"summary_large_image","twitter_misc":{"Est. reading time":"1 minute"},"schema":{"@context":"https:\/\/schema.org","@graph":[{"@type":"WebPage","@id":"https:\/\/carfleet.dev1.overscan.io\/de\/rechtliche-hinweise\/","url":"https:\/\/carfleet.dev1.overscan.io\/de\/rechtliche-hinweise\/","name":"Rechtliche Hinweise - GAC Car Fleet","isPartOf":{"@id":"https:\/\/carfleet.dev1.overscan.io\/de\/#website"},"primaryImageOfPage":{"@id":"https:\/\/carfleet.dev1.overscan.io\/de\/rechtliche-hinweise\/#primaryimage"},"image":{"@id":"https:\/\/carfleet.dev1.overscan.io\/de\/rechtliche-hinweise\/#primaryimage"},"thumbnailUrl":"https:\/\/gac.dev1.overscan.io\/app\/uploads\/sites\/2\/2025\/10\/Design-sans-titre-5.png","datePublished":"2025-10-27T10:41:07+00:00","dateModified":"2025-11-25T10:49:31+00:00","breadcrumb":{"@id":"https:\/\/carfleet.dev1.overscan.io\/de\/rechtliche-hinweise\/#breadcrumb"},"inLanguage":"de-DE","potentialAction":[{"@type":"ReadAction","target":["https:\/\/carfleet.dev1.overscan.io\/de\/rechtliche-hinweise\/"]}]},{"@type":"ImageObject","inLanguage":"de-DE","@id":"https:\/\/carfleet.dev1.overscan.io\/de\/rechtliche-hinweise\/#primaryimage","url":"https:\/\/gac.dev1.overscan.io\/app\/uploads\/sites\/2\/2025\/10\/Design-sans-titre-5.png","contentUrl":"https:\/\/gac.dev1.overscan.io\/app\/uploads\/sites\/2\/2025\/10\/Design-sans-titre-5.png","width":1024,"height":683},{"@type":"BreadcrumbList","@id":"https:\/\/carfleet.dev1.overscan.io\/de\/rechtliche-hinweise\/#breadcrumb","itemListElement":[{"@type":"ListItem","position":1,"name":"Accueil","item":"https:\/\/carfleet.dev1.overscan.io\/de\/"},{"@type":"ListItem","position":2,"name":"Rechtliche Hinweise"}]},{"@type":"WebSite","@id":"https:\/\/carfleet.dev1.overscan.io\/de\/#website","url":"https:\/\/carfleet.dev1.overscan.io\/de\/","name":"GAC Car Fleet","description":"Logiciels de gestion de flotte automobile","publisher":{"@id":"https:\/\/carfleet.dev1.overscan.io\/de\/#organization"},"potentialAction":[{"@type":"SearchAction","target":{"@type":"EntryPoint","urlTemplate":"https:\/\/carfleet.dev1.overscan.io\/de\/?s={search_term_string}"},"query-input":{"@type":"PropertyValueSpecification","valueRequired":true,"valueName":"search_term_string"}}],"inLanguage":"de-DE"},{"@type":"Organization","@id":"https:\/\/carfleet.dev1.overscan.io\/de\/#organization","name":"GAC Car Fleet","url":"https:\/\/carfleet.dev1.overscan.io\/de\/","logo":{"@type":"ImageObject","inLanguage":"de-DE","@id":"https:\/\/carfleet.dev1.overscan.io\/de\/#\/schema\/logo\/image\/","url":"https:\/\/gac.dev1.overscan.io\/app\/uploads\/sites\/2\/2025\/12\/carfleet-logo.svg","contentUrl":"https:\/\/gac.dev1.overscan.io\/app\/uploads\/sites\/2\/2025\/12\/carfleet-logo.svg","caption":"GAC Car Fleet"},"image":{"@id":"https:\/\/carfleet.dev1.overscan.io\/de\/#\/schema\/logo\/image\/"}}]}},"jetpack_sharing_enabled":true,"_links":{"self":[{"href":"https:\/\/carfleet.dev1.overscan.io\/de\/wp-json\/wp\/v2\/pages\/47445","targetHints":{"allow":["GET"]}}],"collection":[{"href":"https:\/\/carfleet.dev1.overscan.io\/de\/wp-json\/wp\/v2\/pages"}],"about":[{"href":"https:\/\/carfleet.dev1.overscan.io\/de\/wp-json\/wp\/v2\/types\/page"}],"author":[{"embeddable":true,"href":"https:\/\/carfleet.dev1.overscan.io\/de\/wp-json\/wp\/v2\/users\/8"}],"replies":[{"embeddable":true,"href":"https:\/\/carfleet.dev1.overscan.io\/de\/wp-json\/wp\/v2\/comments?post=47445"}],"version-history":[{"count":1,"href":"https:\/\/carfleet.dev1.overscan.io\/de\/wp-json\/wp\/v2\/pages\/47445\/revisions"}],"predecessor-version":[{"id":47450,"href":"https:\/\/carfleet.dev1.overscan.io\/de\/wp-json\/wp\/v2\/pages\/47445\/revisions\/47450"}],"wp:featuredmedia":[{"embeddable":true,"href":"https:\/\/carfleet.dev1.overscan.io\/de\/wp-json\/wp\/v2\/media\/47384"}],"wp:attachment":[{"href":"https:\/\/carfleet.dev1.overscan.io\/de\/wp-json\/wp\/v2\/media?parent=47445"}],"curies":[{"name":"wp","href":"https:\/\/api.w.org\/{rel}","templated":true}]}}