{"id":47431,"date":"2025-10-02T18:06:27","date_gmt":"2025-10-02T16:06:27","guid":{"rendered":"https:\/\/carfleet.dev1.overscan.io\/mycarfleet\/"},"modified":"2026-02-20T11:58:50","modified_gmt":"2026-02-20T10:58:50","slug":"mycarfleet","status":"publish","type":"page","link":"https:\/\/carfleet.dev1.overscan.io\/de\/alle-unsere-flottenloesungen\/mycarfleet\/","title":{"rendered":"MyCarFleet"},"content":{"rendered":"\n<div class=\"wp-block-group has-global-padding is-layout-constrained wp-block-group-is-layout-constrained\" style=\"margin-top:var(--wp--preset--spacing--lv-2);margin-bottom:var(--wp--preset--spacing--lv-4)\">\n<h2 class=\"wp-block-heading has-text-align-center\">Die Schl\u00fcsselfunktionen von MyCarFleet in weniger als 2 Minuten entdecken<\/h2>\n\n\n\n<div class=\"wp-block-group has-global-padding is-layout-constrained wp-container-core-group-is-layout-8d3d4e5c wp-block-group-is-layout-constrained\" style=\"padding-top:10px\">\n<figure class=\"wp-block-image size-large has-custom-border\"><a href=\"https:\/\/www.youtube.com\/watch?v=NTFTFaXzkVI\" target=\"_blank\" rel=\" noreferrer noopener\"><img loading=\"lazy\" decoding=\"async\" width=\"1024\" height=\"576\" src=\"https:\/\/gac.dev1.overscan.io\/app\/uploads\/sites\/2\/2025\/10\/Image-video-play-1024x576.png\" alt=\"\" class=\"wp-image-45804\" style=\"border-radius:30px\" srcset=\"https:\/\/gac.dev1.overscan.io\/app\/uploads\/sites\/2\/2025\/10\/Image-video-play-1024x576.png 1024w, https:\/\/gac.dev1.overscan.io\/app\/uploads\/sites\/2\/2025\/10\/Image-video-play-300x169.png 300w, https:\/\/gac.dev1.overscan.io\/app\/uploads\/sites\/2\/2025\/10\/Image-video-play-768x432.png 768w, https:\/\/gac.dev1.overscan.io\/app\/uploads\/sites\/2\/2025\/10\/Image-video-play.png 1200w\" sizes=\"auto, (max-width: 1024px) 100vw, 1024px\" \/><\/a><\/figure>\n\n\n\n<div class=\"wp-block-buttons is-content-justification-center is-layout-flex wp-container-core-buttons-is-layout-a89b3969 wp-block-buttons-is-layout-flex\">\n<div class=\"wp-block-button is-style-secondary is-style-secondary--1\"><a class=\"wp-block-button__link wp-element-button\" href=\"https:\/\/www.youtube.com\/watch?v=NTFTFaXzkVI\">Video ansehen<\/a><\/div>\n<\/div>\n<\/div>\n<\/div>\n\n\n\n<div class=\"wp-block-group alignwide has-global-padding is-layout-constrained wp-container-core-group-is-layout-334a2726 wp-block-group-is-layout-constrained\">\n<h2 class=\"wp-block-heading has-text-align-center\">Fahrer mit MyCarFleet auszustatten bedeutet f\u00fcr Flottenmanager eine echte Zeitersparnis im Alltag.  <\/h2>\n\n\n\n<p class=\"has-text-align-center has-primary-color has-text-color has-link-color wp-elements-06ac8ee400321cf16d6cfd800dc2eec2\">Halten Sie Kontakt zu Ihrer Fahrzeugflotte<\/p>\n\n\n\n<div class=\"wp-block-columns alignwide are-vertically-aligned-center is-layout-flex wp-container-core-columns-is-layout-a8f0bf0b wp-block-columns-is-layout-flex\" style=\"margin-top:var(--wp--preset--spacing--lv-2)\">\n<div class=\"wp-block-column is-vertically-aligned-center is-layout-flow wp-block-column-is-layout-flow\" style=\"flex-basis:60%\">\n<figure class=\"wp-block-image size-full\"><img loading=\"lazy\" decoding=\"async\" width=\"1752\" height=\"1312\" src=\"https:\/\/gac.dev1.overscan.io\/app\/uploads\/sites\/2\/2025\/12\/EN-Visuel-principal-MYCF.png\" alt=\"\" class=\"wp-image-48072\" srcset=\"https:\/\/gac.dev1.overscan.io\/app\/uploads\/sites\/2\/2025\/12\/EN-Visuel-principal-MYCF.png 1752w, https:\/\/gac.dev1.overscan.io\/app\/uploads\/sites\/2\/2025\/12\/EN-Visuel-principal-MYCF-300x225.png 300w, https:\/\/gac.dev1.overscan.io\/app\/uploads\/sites\/2\/2025\/12\/EN-Visuel-principal-MYCF-1024x767.png 1024w, https:\/\/gac.dev1.overscan.io\/app\/uploads\/sites\/2\/2025\/12\/EN-Visuel-principal-MYCF-768x575.png 768w, https:\/\/gac.dev1.overscan.io\/app\/uploads\/sites\/2\/2025\/12\/EN-Visuel-principal-MYCF-1536x1150.png 1536w\" sizes=\"auto, (max-width: 1752px) 100vw, 1752px\" \/><\/figure>\n<\/div>\n\n\n\n<div class=\"wp-block-column is-vertically-aligned-center is-layout-flow wp-container-core-column-is-layout-7fea69c4 wp-block-column-is-layout-flow\" style=\"flex-basis:40%\">\n<div class=\"wp-block-group has-global-padding is-layout-constrained wp-block-group-is-layout-constrained\">\n<h3 class=\"wp-block-heading\">Alle Fahrzeuginformationen auf einen Blick:<\/h3>\n\n\n\n<p>Zulassung, Kilometerstand, Vertragsart, n\u00e4chste Wartungen &#8211; so haben Sie das Flottenmanagement stets im Griff.<\/p>\n<\/div>\n\n\n\n<div class=\"wp-block-group has-global-padding is-layout-constrained wp-block-group-is-layout-constrained\">\n<h3 class=\"wp-block-heading\">Eigenst\u00e4ndigkeit des Fahrers:  <\/h3>\n\n\n\n<p>Tutorials zur Nutzung, Reservierungen von Flottenfahrzeugen, Suche nach Anbietern, Dienstleistungen von Anbietern (Carool, Euromaster&nbsp;&#8230;)  <\/p>\n<\/div>\n\n\n\n<div class=\"wp-block-buttons is-layout-flex wp-block-buttons-is-layout-flex\">\n<div class=\"wp-block-button is-style-fill\"><a class=\"wp-block-button__link wp-element-button\" href=\"https:\/\/carfleet.dev1.overscan.io\/de\/broschuere-herunterladen\/\">De brochure downloaden<\/a><\/div>\n<\/div>\n<\/div>\n<\/div>\n<\/div>\n\n\n\n<div class=\"wp-block-columns alignwide are-vertically-aligned-center is-layout-flex wp-container-core-columns-is-layout-04a176a0 wp-block-columns-is-layout-flex\" style=\"margin-top:var(--wp--preset--spacing--lv-4)\">\n<div class=\"wp-block-column is-vertically-aligned-center is-layout-flow wp-block-column-is-layout-flow\" style=\"flex-basis:40%\">\n<div class=\"wp-block-group has-global-padding is-layout-constrained wp-block-group-is-layout-constrained\">\n<h3 class=\"wp-block-heading\">Automatische Datenintegration in GAC Car Fleet:<\/h3>\n\n\n\n<p>Speichern Sie Bu\u00dfgeldbescheide und Fahrzeuginformationen f\u00fcr eine reibungslose Verwaltung und Zeitersparnis f\u00fcr beide Seiten.<\/p>\n<\/div>\n\n\n\n<div class=\"wp-block-group has-global-padding is-layout-constrained wp-block-group-is-layout-constrained\">\n<h3 class=\"wp-block-heading\">Vereinfachung der Kommunikation mit dem Verwalter:<\/h3>\n\n\n\n<p>zwei Profile verf\u00fcgbar, integriertes Nachrichtensystem, Wartungsmanagement&nbsp;&#8230;<\/p>\n<\/div>\n\n\n\n<div class=\"wp-block-buttons is-layout-flex wp-block-buttons-is-layout-flex\">\n<div class=\"wp-block-button is-style-fill\"><a class=\"wp-block-button__link wp-element-button\" href=\"https:\/\/carfleet.dev1.overscan.io\/de\/broschuere-herunterladen\/\">De brochure downloaden<\/a><\/div>\n<\/div>\n<\/div>\n\n\n\n<div class=\"wp-block-column is-vertically-aligned-center is-layout-flow wp-block-column-is-layout-flow\" style=\"flex-basis:60%\">\n<figure class=\"wp-block-image size-full\"><img loading=\"lazy\" decoding=\"async\" width=\"800\" height=\"600\" src=\"https:\/\/gac.dev1.overscan.io\/app\/uploads\/sites\/2\/2025\/12\/MCF2-EN-ok.png\" alt=\"\" class=\"wp-image-48102\" srcset=\"https:\/\/gac.dev1.overscan.io\/app\/uploads\/sites\/2\/2025\/12\/MCF2-EN-ok.png 800w, https:\/\/gac.dev1.overscan.io\/app\/uploads\/sites\/2\/2025\/12\/MCF2-EN-ok-300x225.png 300w, https:\/\/gac.dev1.overscan.io\/app\/uploads\/sites\/2\/2025\/12\/MCF2-EN-ok-768x576.png 768w\" sizes=\"auto, (max-width: 800px) 100vw, 800px\" \/><\/figure>\n<\/div>\n<\/div>\n\n\n\n<div class=\"wp-block-group alignwide contact-request-block contact-request-block--fleet has-yellow-light-background-color has-background has-global-padding is-layout-constrained wp-container-core-group-is-layout-537a5fa7 wp-block-group-is-layout-constrained\" style=\"border-radius:24px;margin-top:125px;margin-bottom:var(--wp--preset--spacing--lv-3);padding-top:65px;padding-bottom:65px\">\n<div class=\"wp-block-columns alignwide inverse-column wp-container-content-9cfa9a5a is-layout-flex wp-container-core-columns-is-layout-6dd10c44 wp-block-columns-is-layout-flex\" style=\"padding-right:var(--wp--preset--spacing--lv-1);padding-left:var(--wp--preset--spacing--lv-1)\">\n<div class=\"wp-block-column hero-text-column is-layout-flow wp-block-column-is-layout-flow\" style=\"flex-basis:66%\">\n<h2 class=\"wp-block-heading\">\u00dcberwachen, verwalten und optimieren Sie Ihre Fahrzeugflotte direkt \u00fcber die Anwendung MyCarFleet  <\/h2>\n\n\n\n<div class=\"wp-block-buttons is-layout-flex wp-block-buttons-is-layout-flex\">\n<div class=\"wp-block-button is-style-yellow-fleet is-style-yellow-fleet--2\"><a class=\"wp-block-button__link wp-element-button\" href=\"https:\/\/carfleet.dev1.overscan.io\/de\/demo-anfordern\/\" target=\"_blank\" rel=\"noreferrer noopener\">Demo anfordern<\/a><\/div>\n<\/div>\n<\/div>\n\n\n\n<div class=\"wp-block-column is-vertically-aligned-top center-content-into-column is-layout-flow wp-block-column-is-layout-flow\" style=\"flex-basis:50%\">\n<figure class=\"wp-block-image size-full is-resized contact-request-block-img\"><img loading=\"lazy\" decoding=\"async\" width=\"400\" height=\"300\" src=\"https:\/\/gac.dev1.overscan.io\/app\/uploads\/sites\/2\/2025\/10\/icone-3.png\" alt=\"\" class=\"wp-image-45808\" style=\"object-fit:cover;width:423px;height:auto\" srcset=\"https:\/\/gac.dev1.overscan.io\/app\/uploads\/sites\/2\/2025\/10\/icone-3.png 400w, https:\/\/gac.dev1.overscan.io\/app\/uploads\/sites\/2\/2025\/10\/icone-3-300x225.png 300w\" sizes=\"auto, (max-width: 400px) 100vw, 400px\" \/><\/figure>\n<\/div>\n<\/div>\n<\/div>\n\n\n\n<div class=\"wp-block-ovs-blocks-decoration alignfull custom-decoration\"><div class=\"custom-decoration__img\" style=\"top:-430px;left:0;right:initial;width:380px\" data-desktop-style=\"{&quot;top&quot;:&quot;-430px&quot;,&quot;left&quot;:&quot;0&quot;,&quot;right&quot;:&quot;initial&quot;,&quot;width&quot;:&quot;380px&quot;}\" data-mobile-style=\"{&quot;top&quot;:&quot;0px&quot;,&quot;left&quot;:&quot;0&quot;,&quot;right&quot;:&quot;initial&quot;,&quot;width&quot;:&quot;200px&quot;}\" data-hide-on-mobile=\"true\"><img decoding=\"async\" src=\"https:\/\/gac.dev1.overscan.io\/app\/uploads\/sites\/2\/2025\/10\/Ellipse-6.svg\" alt=\"\" \/><\/div><\/div>\n\n\n\n<p><\/p>\n","protected":false},"excerpt":{"rendered":"<p>Die Schl\u00fcsselfunktionen von MyCarFleet in weniger als 2 Minuten entdecken Fahrer mit MyCarFleet auszustatten bedeutet f\u00fcr Flottenmanager eine echte Zeitersparnis im Alltag. Halten Sie Kontakt zu Ihrer Fahrzeugflotte Alle Fahrzeuginformationen auf einen Blick: Zulassung, Kilometerstand, Vertragsart, n\u00e4chste Wartungen &#8211; so haben Sie das Flottenmanagement stets im Griff. Eigenst\u00e4ndigkeit des Fahrers: Tutorials zur Nutzung, Reservierungen von [&hellip;]<\/p>\n","protected":false},"author":1,"featured_media":48072,"parent":48180,"menu_order":0,"comment_status":"closed","ping_status":"closed","template":"","meta":{"ovs_hero_subtitle":"Die mobile Anwendung f\u00fcr Fahrer","ovs_hero_text_content":"Die mobile Anwendung MyCarFleet wurde entwickelt, um den Alltag der Fahrer zu vereinfachen und die Verbindung zu den Fuhrparkmanagern zu st\u00e4rken. Durch die direkte Verbindung mit der Software GAC Car Fleet bietet sie Zugang zu allen wichtigen Fahrzeugdaten.  ","ovs_hero_button_text":"Demo anfordern","ovs_hero_button_url":"https:\/\/carfleet.dev1.overscan.io\/de\/demo-anfordern\/","ovs_hero_button_two_text":"De brochure downloaden","ovs_hero_button_two_url":"https:\/\/carfleet.dev1.overscan.io\/nl\/onze-brochure-downloaden\/","ovs_hero_is_elispe":"no","footnotes":""},"class_list":["post-47431","page","type-page","status-publish","has-post-thumbnail","hentry"],"yoast_head":"<!-- This site is optimized with the Yoast SEO plugin v27.1.1 - https:\/\/yoast.com\/product\/yoast-seo-wordpress\/ -->\n<title>MyCarFleet - Die Fahrer-Anwendung von GAC Car Fleet<\/title>\n<meta name=\"description\" content=\"Verbinden Sie sich \u00fcber MyCarFleet, die intuitive Anwendung von GAC Car Fleet, mit Ihren Fahrern, um Ihre Fahrzeugflotte zu verwalten.\" \/>\n<meta name=\"robots\" content=\"noindex, follow, max-snippet:-1, max-image-preview:large, max-video-preview:-1\" \/>\n<meta property=\"og:locale\" content=\"de_DE\" \/>\n<meta property=\"og:type\" content=\"article\" \/>\n<meta property=\"og:title\" content=\"MyCarFleet - Die Fahrer-Anwendung von GAC Car Fleet\" \/>\n<meta property=\"og:description\" content=\"Verbinden Sie sich \u00fcber MyCarFleet, die intuitive Anwendung von GAC Car Fleet, mit Ihren Fahrern, um Ihre Fahrzeugflotte zu verwalten.\" \/>\n<meta property=\"og:url\" content=\"https:\/\/carfleet.dev1.overscan.io\/de\/alle-unsere-flottenloesungen\/mycarfleet\/\" \/>\n<meta property=\"og:site_name\" content=\"GAC Car Fleet\" \/>\n<meta property=\"article:modified_time\" content=\"2026-02-20T10:58:50+00:00\" \/>\n<meta property=\"og:image\" content=\"https:\/\/gac.dev1.overscan.io\/app\/uploads\/sites\/2\/2025\/12\/EN-Visuel-principal-MYCF.png\" \/>\n\t<meta property=\"og:image:width\" content=\"1752\" \/>\n\t<meta property=\"og:image:height\" content=\"1312\" \/>\n\t<meta property=\"og:image:type\" content=\"image\/png\" \/>\n<meta name=\"twitter:card\" content=\"summary_large_image\" \/>\n<meta name=\"twitter:label1\" content=\"Est. reading time\" \/>\n\t<meta name=\"twitter:data1\" content=\"2 minutes\" \/>\n<script type=\"application\/ld+json\" class=\"yoast-schema-graph\">{\"@context\":\"https:\/\/schema.org\",\"@graph\":[{\"@type\":\"WebPage\",\"@id\":\"https:\/\/carfleet.dev1.overscan.io\/de\/alle-unsere-flottenloesungen\/mycarfleet\/\",\"url\":\"https:\/\/carfleet.dev1.overscan.io\/de\/alle-unsere-flottenloesungen\/mycarfleet\/\",\"name\":\"MyCarFleet - Die Fahrer-Anwendung von GAC Car Fleet\",\"isPartOf\":{\"@id\":\"https:\/\/carfleet.dev1.overscan.io\/de\/#website\"},\"primaryImageOfPage\":{\"@id\":\"https:\/\/carfleet.dev1.overscan.io\/de\/alle-unsere-flottenloesungen\/mycarfleet\/#primaryimage\"},\"image\":{\"@id\":\"https:\/\/carfleet.dev1.overscan.io\/de\/alle-unsere-flottenloesungen\/mycarfleet\/#primaryimage\"},\"thumbnailUrl\":\"https:\/\/gac.dev1.overscan.io\/app\/uploads\/sites\/2\/2025\/12\/EN-Visuel-principal-MYCF.png\",\"datePublished\":\"2025-10-02T16:06:27+00:00\",\"dateModified\":\"2026-02-20T10:58:50+00:00\",\"description\":\"Verbinden Sie sich \u00fcber MyCarFleet, die intuitive Anwendung von GAC Car Fleet, mit Ihren Fahrern, um Ihre Fahrzeugflotte zu verwalten.\",\"breadcrumb\":{\"@id\":\"https:\/\/carfleet.dev1.overscan.io\/de\/alle-unsere-flottenloesungen\/mycarfleet\/#breadcrumb\"},\"inLanguage\":\"de-DE\",\"potentialAction\":[{\"@type\":\"ReadAction\",\"target\":[\"https:\/\/carfleet.dev1.overscan.io\/de\/alle-unsere-flottenloesungen\/mycarfleet\/\"]}]},{\"@type\":\"ImageObject\",\"inLanguage\":\"de-DE\",\"@id\":\"https:\/\/carfleet.dev1.overscan.io\/de\/alle-unsere-flottenloesungen\/mycarfleet\/#primaryimage\",\"url\":\"https:\/\/gac.dev1.overscan.io\/app\/uploads\/sites\/2\/2025\/12\/EN-Visuel-principal-MYCF.png\",\"contentUrl\":\"https:\/\/gac.dev1.overscan.io\/app\/uploads\/sites\/2\/2025\/12\/EN-Visuel-principal-MYCF.png\",\"width\":1752,\"height\":1312},{\"@type\":\"BreadcrumbList\",\"@id\":\"https:\/\/carfleet.dev1.overscan.io\/de\/alle-unsere-flottenloesungen\/mycarfleet\/#breadcrumb\",\"itemListElement\":[{\"@type\":\"ListItem\",\"position\":1,\"name\":\"Accueil\",\"item\":\"https:\/\/carfleet.dev1.overscan.io\/de\/\"},{\"@type\":\"ListItem\",\"position\":2,\"name\":\"Alle unsere Flottenl\u00f6sungen\",\"item\":\"https:\/\/carfleet.dev1.overscan.io\/de\/alle-unsere-flottenloesungen\/\"},{\"@type\":\"ListItem\",\"position\":3,\"name\":\"MyCarFleet\"}]},{\"@type\":\"WebSite\",\"@id\":\"https:\/\/carfleet.dev1.overscan.io\/de\/#website\",\"url\":\"https:\/\/carfleet.dev1.overscan.io\/de\/\",\"name\":\"GAC Car Fleet\",\"description\":\"Logiciels de gestion de flotte automobile\",\"publisher\":{\"@id\":\"https:\/\/carfleet.dev1.overscan.io\/de\/#organization\"},\"potentialAction\":[{\"@type\":\"SearchAction\",\"target\":{\"@type\":\"EntryPoint\",\"urlTemplate\":\"https:\/\/carfleet.dev1.overscan.io\/de\/?s={search_term_string}\"},\"query-input\":{\"@type\":\"PropertyValueSpecification\",\"valueRequired\":true,\"valueName\":\"search_term_string\"}}],\"inLanguage\":\"de-DE\"},{\"@type\":\"Organization\",\"@id\":\"https:\/\/carfleet.dev1.overscan.io\/de\/#organization\",\"name\":\"GAC Car Fleet\",\"url\":\"https:\/\/carfleet.dev1.overscan.io\/de\/\",\"logo\":{\"@type\":\"ImageObject\",\"inLanguage\":\"de-DE\",\"@id\":\"https:\/\/carfleet.dev1.overscan.io\/de\/#\/schema\/logo\/image\/\",\"url\":\"https:\/\/gac.dev1.overscan.io\/app\/uploads\/sites\/2\/2025\/12\/carfleet-logo.svg\",\"contentUrl\":\"https:\/\/gac.dev1.overscan.io\/app\/uploads\/sites\/2\/2025\/12\/carfleet-logo.svg\",\"caption\":\"GAC Car Fleet\"},\"image\":{\"@id\":\"https:\/\/carfleet.dev1.overscan.io\/de\/#\/schema\/logo\/image\/\"}}]}<\/script>\n<!-- \/ Yoast SEO plugin. -->","yoast_head_json":{"title":"MyCarFleet - Die Fahrer-Anwendung von GAC Car Fleet","description":"Verbinden Sie sich \u00fcber MyCarFleet, die intuitive Anwendung von GAC Car Fleet, mit Ihren Fahrern, um Ihre Fahrzeugflotte zu verwalten.","robots":{"index":"noindex","follow":"follow","max-snippet":"max-snippet:-1","max-image-preview":"max-image-preview:large","max-video-preview":"max-video-preview:-1"},"og_locale":"de_DE","og_type":"article","og_title":"MyCarFleet - Die Fahrer-Anwendung von GAC Car Fleet","og_description":"Verbinden Sie sich \u00fcber MyCarFleet, die intuitive Anwendung von GAC Car Fleet, mit Ihren Fahrern, um Ihre Fahrzeugflotte zu verwalten.","og_url":"https:\/\/carfleet.dev1.overscan.io\/de\/alle-unsere-flottenloesungen\/mycarfleet\/","og_site_name":"GAC Car Fleet","article_modified_time":"2026-02-20T10:58:50+00:00","og_image":[{"width":1752,"height":1312,"url":"https:\/\/gac.dev1.overscan.io\/app\/uploads\/sites\/2\/2025\/12\/EN-Visuel-principal-MYCF.png","type":"image\/png"}],"twitter_card":"summary_large_image","twitter_misc":{"Est. reading time":"2 minutes"},"schema":{"@context":"https:\/\/schema.org","@graph":[{"@type":"WebPage","@id":"https:\/\/carfleet.dev1.overscan.io\/de\/alle-unsere-flottenloesungen\/mycarfleet\/","url":"https:\/\/carfleet.dev1.overscan.io\/de\/alle-unsere-flottenloesungen\/mycarfleet\/","name":"MyCarFleet - Die Fahrer-Anwendung von GAC Car Fleet","isPartOf":{"@id":"https:\/\/carfleet.dev1.overscan.io\/de\/#website"},"primaryImageOfPage":{"@id":"https:\/\/carfleet.dev1.overscan.io\/de\/alle-unsere-flottenloesungen\/mycarfleet\/#primaryimage"},"image":{"@id":"https:\/\/carfleet.dev1.overscan.io\/de\/alle-unsere-flottenloesungen\/mycarfleet\/#primaryimage"},"thumbnailUrl":"https:\/\/gac.dev1.overscan.io\/app\/uploads\/sites\/2\/2025\/12\/EN-Visuel-principal-MYCF.png","datePublished":"2025-10-02T16:06:27+00:00","dateModified":"2026-02-20T10:58:50+00:00","description":"Verbinden Sie sich \u00fcber MyCarFleet, die intuitive Anwendung von GAC Car Fleet, mit Ihren Fahrern, um Ihre Fahrzeugflotte zu verwalten.","breadcrumb":{"@id":"https:\/\/carfleet.dev1.overscan.io\/de\/alle-unsere-flottenloesungen\/mycarfleet\/#breadcrumb"},"inLanguage":"de-DE","potentialAction":[{"@type":"ReadAction","target":["https:\/\/carfleet.dev1.overscan.io\/de\/alle-unsere-flottenloesungen\/mycarfleet\/"]}]},{"@type":"ImageObject","inLanguage":"de-DE","@id":"https:\/\/carfleet.dev1.overscan.io\/de\/alle-unsere-flottenloesungen\/mycarfleet\/#primaryimage","url":"https:\/\/gac.dev1.overscan.io\/app\/uploads\/sites\/2\/2025\/12\/EN-Visuel-principal-MYCF.png","contentUrl":"https:\/\/gac.dev1.overscan.io\/app\/uploads\/sites\/2\/2025\/12\/EN-Visuel-principal-MYCF.png","width":1752,"height":1312},{"@type":"BreadcrumbList","@id":"https:\/\/carfleet.dev1.overscan.io\/de\/alle-unsere-flottenloesungen\/mycarfleet\/#breadcrumb","itemListElement":[{"@type":"ListItem","position":1,"name":"Accueil","item":"https:\/\/carfleet.dev1.overscan.io\/de\/"},{"@type":"ListItem","position":2,"name":"Alle unsere Flottenl\u00f6sungen","item":"https:\/\/carfleet.dev1.overscan.io\/de\/alle-unsere-flottenloesungen\/"},{"@type":"ListItem","position":3,"name":"MyCarFleet"}]},{"@type":"WebSite","@id":"https:\/\/carfleet.dev1.overscan.io\/de\/#website","url":"https:\/\/carfleet.dev1.overscan.io\/de\/","name":"GAC Car Fleet","description":"Logiciels de gestion de flotte automobile","publisher":{"@id":"https:\/\/carfleet.dev1.overscan.io\/de\/#organization"},"potentialAction":[{"@type":"SearchAction","target":{"@type":"EntryPoint","urlTemplate":"https:\/\/carfleet.dev1.overscan.io\/de\/?s={search_term_string}"},"query-input":{"@type":"PropertyValueSpecification","valueRequired":true,"valueName":"search_term_string"}}],"inLanguage":"de-DE"},{"@type":"Organization","@id":"https:\/\/carfleet.dev1.overscan.io\/de\/#organization","name":"GAC Car Fleet","url":"https:\/\/carfleet.dev1.overscan.io\/de\/","logo":{"@type":"ImageObject","inLanguage":"de-DE","@id":"https:\/\/carfleet.dev1.overscan.io\/de\/#\/schema\/logo\/image\/","url":"https:\/\/gac.dev1.overscan.io\/app\/uploads\/sites\/2\/2025\/12\/carfleet-logo.svg","contentUrl":"https:\/\/gac.dev1.overscan.io\/app\/uploads\/sites\/2\/2025\/12\/carfleet-logo.svg","caption":"GAC Car Fleet"},"image":{"@id":"https:\/\/carfleet.dev1.overscan.io\/de\/#\/schema\/logo\/image\/"}}]}},"jetpack_sharing_enabled":true,"_links":{"self":[{"href":"https:\/\/carfleet.dev1.overscan.io\/de\/wp-json\/wp\/v2\/pages\/47431","targetHints":{"allow":["GET"]}}],"collection":[{"href":"https:\/\/carfleet.dev1.overscan.io\/de\/wp-json\/wp\/v2\/pages"}],"about":[{"href":"https:\/\/carfleet.dev1.overscan.io\/de\/wp-json\/wp\/v2\/types\/page"}],"author":[{"embeddable":true,"href":"https:\/\/carfleet.dev1.overscan.io\/de\/wp-json\/wp\/v2\/users\/1"}],"replies":[{"embeddable":true,"href":"https:\/\/carfleet.dev1.overscan.io\/de\/wp-json\/wp\/v2\/comments?post=47431"}],"version-history":[{"count":10,"href":"https:\/\/carfleet.dev1.overscan.io\/de\/wp-json\/wp\/v2\/pages\/47431\/revisions"}],"predecessor-version":[{"id":50831,"href":"https:\/\/carfleet.dev1.overscan.io\/de\/wp-json\/wp\/v2\/pages\/47431\/revisions\/50831"}],"up":[{"embeddable":true,"href":"https:\/\/carfleet.dev1.overscan.io\/de\/wp-json\/wp\/v2\/pages\/48180"}],"wp:featuredmedia":[{"embeddable":true,"href":"https:\/\/carfleet.dev1.overscan.io\/de\/wp-json\/wp\/v2\/media\/48072"}],"wp:attachment":[{"href":"https:\/\/carfleet.dev1.overscan.io\/de\/wp-json\/wp\/v2\/media?parent=47431"}],"curies":[{"name":"wp","href":"https:\/\/api.w.org\/{rel}","templated":true}]}}