{"id":47424,"date":"2025-10-07T14:28:07","date_gmt":"2025-10-07T12:28:07","guid":{"rendered":"https:\/\/carfleet.dev1.overscan.io\/erfahrungsberichte\/"},"modified":"2025-12-01T12:58:17","modified_gmt":"2025-12-01T11:58:17","slug":"erfahrungsberichte","status":"publish","type":"page","link":"https:\/\/carfleet.dev1.overscan.io\/de\/erfahrungsberichte\/","title":{"rendered":"Erfahrungsberichte"},"content":{"rendered":"\n<div class=\"wp-block-group alignwide has-global-padding is-layout-constrained wp-container-core-group-is-layout-306c0114 wp-block-group-is-layout-constrained\" style=\"padding-top:var(--wp--preset--spacing--lv-2);padding-bottom:0\">\n<h2 class=\"wp-block-heading\">Sie vertrauen GAC Software<\/h2>\n\n\n\n<p class=\"has-primary-color has-text-color has-link-color wp-elements-deec51e4456cd1674c347be55aedc5f6\">F\u00fcr eine optimiertes Management der Fahrzeugflotte  <\/p>\n\n\n\n    \n    <div class=\"posts-wrapper\">\n        <div id=\"loader\"><\/div>\n        <div id=\"articles-container\" class=\"post-lists\" data-default-term=\"74\" data-exclude-term=\"0\">\n        <\/div>\n    <\/div>\n\n    <div id=\"pagination-container\" data-ppp=\"9\"><\/div>\n\n    \n<\/div>\n\n<div class=\"wp-block-group alignfull has-primary-background-color has-background has-global-padding is-layout-constrained wp-block-group-is-layout-constrained\" style=\"margin-top:0;padding-top:40px;padding-bottom:0px\">\n<h2 class=\"wp-block-heading has-text-align-center\">Sie vertrauen GAC Software<\/h2>\n\n\n\n<div style=\"padding-top:var(--wp--preset--spacing--lv-2);\" class=\"swiper alignwide logo-slider wp-block-ovs-blocks-slider-image\" data-swiper=\"{&quot;autoplay&quot;:true,&quot;navigation&quot;:false,&quot;pagination&quot;:false,&quot;slidesPerView&quot;:9,&quot;slidesPerViewMobile&quot;:2}\">\n\n\t<div class=\"swiper-wrapper\">\n\t\t\n\n<figure class=\"wp-block-image size-full swiper-slide\"><img decoding=\"async\" src=\"https:\/\/gac.dev1.overscan.io\/app\/uploads\/2025\/05\/salomon-logo.png\" alt=\"\" class=\"wp-image-37071\"\/><\/figure>\n\n\n\n<figure class=\"wp-block-image size-full swiper-slide\"><img decoding=\"async\" src=\"https:\/\/gac.dev1.overscan.io\/app\/uploads\/2025\/05\/stef-logo.png\" alt=\"\" class=\"wp-image-37069\"\/><\/figure>\n\n\n\n<figure class=\"wp-block-image size-full swiper-slide\"><img decoding=\"async\" src=\"https:\/\/gac.dev1.overscan.io\/app\/uploads\/2025\/05\/pierre-fabre-logo.png\" alt=\"\" class=\"wp-image-37073\"\/><\/figure>\n\n\n\n<figure class=\"wp-block-image size-full swiper-slide\"><img decoding=\"async\" src=\"https:\/\/gac.dev1.overscan.io\/app\/uploads\/2025\/05\/pasquier-logo.png\" alt=\"\" class=\"wp-image-37075\"\/><\/figure>\n\n\n\n<figure class=\"wp-block-image size-full swiper-slide\"><img decoding=\"async\" src=\"https:\/\/gac.dev1.overscan.io\/app\/uploads\/2025\/05\/mazars-logo.png\" alt=\"\" class=\"wp-image-37081\"\/><\/figure>\n\n\n\n<figure class=\"wp-block-image size-full swiper-slide\"><img decoding=\"async\" src=\"https:\/\/gac.dev1.overscan.io\/app\/uploads\/2025\/05\/malakoff-humanis-logo.png\" alt=\"\" class=\"wp-image-37085\"\/><\/figure>\n\n\n\n<figure class=\"wp-block-image size-full swiper-slide\"><img decoding=\"async\" src=\"https:\/\/gac.dev1.overscan.io\/app\/uploads\/2025\/05\/legrand-logo.png\" alt=\"\" class=\"wp-image-37089\"\/><\/figure>\n\n\n\n<figure class=\"wp-block-image size-full swiper-slide\"><img decoding=\"async\" src=\"https:\/\/gac.dev1.overscan.io\/app\/uploads\/2025\/05\/jp-energie-environnementlogo.png\" alt=\"\" class=\"wp-image-37093\"\/><\/figure>\n\n\n\n<figure class=\"wp-block-image size-full swiper-slide\"><img decoding=\"async\" src=\"https:\/\/gac.dev1.overscan.io\/app\/uploads\/2025\/05\/geodis-logo.png\" alt=\"\" class=\"wp-image-37095\"\/><\/figure>\n\n\n\n<figure class=\"wp-block-image size-full swiper-slide\"><img decoding=\"async\" src=\"https:\/\/gac.dev1.overscan.io\/app\/uploads\/2025\/05\/fujitsu-logo.png\" alt=\"\" class=\"wp-image-37097\"\/><\/figure>\n\n\n\n<figure class=\"wp-block-image size-full swiper-slide\"><img decoding=\"async\" src=\"https:\/\/gac.dev1.overscan.io\/app\/uploads\/2025\/05\/francetv-logo.png\" alt=\"\" class=\"wp-image-37099\"\/><\/figure>\n\n\n\n<figure class=\"wp-block-image size-full swiper-slide\"><img decoding=\"async\" src=\"https:\/\/gac.dev1.overscan.io\/app\/uploads\/2025\/05\/foodles-logo.png\" alt=\"\" class=\"wp-image-37101\"\/><\/figure>\n\n\n\n<figure class=\"wp-block-image size-full swiper-slide\"><img decoding=\"async\" src=\"https:\/\/gac.dev1.overscan.io\/app\/uploads\/2025\/05\/enedis-logo.png\" alt=\"\" class=\"wp-image-37103\"\/><\/figure>\n\n\n\n<figure class=\"wp-block-image size-full swiper-slide\"><img decoding=\"async\" src=\"https:\/\/gac.dev1.overscan.io\/app\/uploads\/2025\/05\/edf-logo.png\" alt=\"\" class=\"wp-image-37105\"\/><\/figure>\n\n\n\n<figure class=\"wp-block-image size-full swiper-slide\"><img decoding=\"async\" src=\"https:\/\/gac.dev1.overscan.io\/app\/uploads\/2025\/05\/coyote-logo.png\" alt=\"\" class=\"wp-image-37107\"\/><\/figure>\n\n\n\n<figure class=\"wp-block-image size-full swiper-slide\"><img decoding=\"async\" src=\"https:\/\/gac.dev1.overscan.io\/app\/uploads\/2025\/05\/cegid-logo.png\" alt=\"\" class=\"wp-image-37109\"\/><\/figure>\n\n\n\n<figure class=\"wp-block-image aligncenter size-full swiper-slide\"><img decoding=\"async\" src=\"https:\/\/gac.dev1.overscan.io\/app\/uploads\/2025\/05\/orange-logo.png\" alt=\"\" class=\"wp-image-37077\"\/><\/figure>\n\n\n\n<figure class=\"wp-block-image size-full swiper-slide\"><img decoding=\"async\" src=\"https:\/\/gac.dev1.overscan.io\/app\/uploads\/2025\/05\/casino-logo.png\" alt=\"\" class=\"wp-image-37111\"\/><\/figure>\n\n\n\n<figure class=\"wp-block-image size-full swiper-slide\"><img decoding=\"async\" src=\"https:\/\/gac.dev1.overscan.io\/app\/uploads\/2025\/05\/boiron2-logo.png\" alt=\"\" class=\"wp-image-37113\"\/><\/figure>\n\n\n\n<figure class=\"wp-block-image size-full swiper-slide\"><img decoding=\"async\" src=\"https:\/\/gac.dev1.overscan.io\/app\/uploads\/2025\/05\/bayer-logo.png\" alt=\"\" class=\"wp-image-37115\"\/><\/figure>\n\n\n\n<figure class=\"wp-block-image size-full swiper-slide\"><img decoding=\"async\" src=\"https:\/\/gac.dev1.overscan.io\/app\/uploads\/2025\/05\/lidl-logo.png\" alt=\"\" class=\"wp-image-37087\"\/><\/figure>\n\n\n\n<figure class=\"wp-block-image size-full swiper-slide\"><img decoding=\"async\" src=\"https:\/\/gac.dev1.overscan.io\/app\/uploads\/2025\/05\/boiron1-logo.png\" alt=\"\" class=\"wp-image-37117\"\/><\/figure>\n\n\n\n<figure class=\"wp-block-image size-full swiper-slide\"><img decoding=\"async\" src=\"https:\/\/gac.dev1.overscan.io\/app\/uploads\/2025\/05\/altares-logo.png\" alt=\"\" class=\"wp-image-37119\"\/><\/figure>\n\n\n\n<figure class=\"wp-block-image size-full swiper-slide\"><img decoding=\"async\" src=\"https:\/\/gac.dev1.overscan.io\/app\/uploads\/2025\/05\/le-moulin-logo.png\" alt=\"\" class=\"wp-image-37091\"\/><\/figure>\n\n\n\n<figure class=\"wp-block-image size-full swiper-slide\"><img decoding=\"async\" src=\"https:\/\/gac.dev1.overscan.io\/app\/uploads\/2025\/05\/airbus-logo.png\" alt=\"\" class=\"wp-image-37121\"\/><\/figure>\n\n\n\n<figure class=\"wp-block-image size-full swiper-slide\"><img decoding=\"async\" src=\"https:\/\/gac.dev1.overscan.io\/app\/uploads\/2025\/05\/adecco-logo.png\" alt=\"\" class=\"wp-image-37123\"\/><\/figure>\n\n\n\n<figure class=\"wp-block-image size-full swiper-slide\"><img decoding=\"async\" src=\"https:\/\/gac.dev1.overscan.io\/app\/uploads\/2025\/05\/accor-hotels.png\" alt=\"\" class=\"wp-image-37125\"\/><\/figure>\n\n\n\n<figure class=\"wp-block-image size-full swiper-slide\"><img decoding=\"async\" src=\"https:\/\/gac.dev1.overscan.io\/app\/uploads\/2025\/05\/1pact-logo.png\" alt=\"\" class=\"wp-image-37127\"\/><\/figure>\n\n\n\n<figure class=\"wp-block-image size-full swiper-slide\"><img decoding=\"async\" src=\"https:\/\/gac.dev1.overscan.io\/app\/uploads\/2025\/11\/tf1-logo-blanc-1.png\" alt=\"\" class=\"wp-image-43068\"\/><\/figure>\n\n\t<\/div>\n        \n    <\/div><\/div>\n","protected":false},"excerpt":{"rendered":"<p>Sie vertrauen GAC Software F\u00fcr eine optimiertes Management der Fahrzeugflotte<\/p>\n","protected":false},"author":1,"featured_media":47427,"parent":0,"menu_order":0,"comment_status":"closed","ping_status":"closed","template":"","meta":{"ovs_hero_subtitle":"","ovs_hero_text_content":"Die Meinung von Flottenmanagern zu unseren Managementl\u00f6sungen.","ovs_hero_button_text":"Demo anfordern","ovs_hero_button_url":"https:\/\/carfleet.dev1.overscan.io\/de\/demo-anfordern\/","ovs_hero_button_two_text":"","ovs_hero_button_two_url":"","ovs_hero_is_elispe":"yes","footnotes":""},"class_list":["post-47424","page","type-page","status-publish","has-post-thumbnail","hentry"],"yoast_head":"<!-- This site is optimized with the Yoast SEO plugin v27.1.1 - https:\/\/yoast.com\/product\/yoast-seo-wordpress\/ -->\n<title>Erfahrungsberichte - GAC Car Fleet<\/title>\n<meta name=\"description\" content=\"Die Meinung von Flottenmanagern zu unseren Managementl\u00f6sungen. GAC Car Fleet - der franz\u00f6sische Marktf\u00fchrer im Bereich Flottenmanagement.\" \/>\n<meta name=\"robots\" content=\"noindex, follow, max-snippet:-1, max-image-preview:large, max-video-preview:-1\" \/>\n<meta property=\"og:locale\" content=\"de_DE\" \/>\n<meta property=\"og:type\" content=\"article\" \/>\n<meta property=\"og:title\" content=\"Erfahrungsberichte - GAC Car Fleet\" \/>\n<meta property=\"og:description\" content=\"Die Meinung von Flottenmanagern zu unseren Managementl\u00f6sungen. GAC Car Fleet - der franz\u00f6sische Marktf\u00fchrer im Bereich Flottenmanagement.\" \/>\n<meta property=\"og:url\" content=\"https:\/\/carfleet.dev1.overscan.io\/de\/erfahrungsberichte\/\" \/>\n<meta property=\"og:site_name\" content=\"GAC Car Fleet\" \/>\n<meta property=\"article:modified_time\" content=\"2025-12-01T11:58:17+00:00\" \/>\n<meta property=\"og:image\" content=\"https:\/\/gac.dev1.overscan.io\/app\/uploads\/sites\/2\/2025\/10\/temoignage-hero.jpg\" \/>\n\t<meta property=\"og:image:width\" content=\"900\" \/>\n\t<meta property=\"og:image:height\" content=\"600\" \/>\n\t<meta property=\"og:image:type\" content=\"image\/jpeg\" \/>\n<meta name=\"twitter:card\" content=\"summary_large_image\" \/>\n<meta name=\"twitter:label1\" content=\"Est. reading time\" \/>\n\t<meta name=\"twitter:data1\" content=\"1 minute\" \/>\n<script type=\"application\/ld+json\" class=\"yoast-schema-graph\">{\"@context\":\"https:\/\/schema.org\",\"@graph\":[{\"@type\":\"WebPage\",\"@id\":\"https:\/\/carfleet.dev1.overscan.io\/de\/erfahrungsberichte\/\",\"url\":\"https:\/\/carfleet.dev1.overscan.io\/de\/erfahrungsberichte\/\",\"name\":\"Erfahrungsberichte - GAC Car Fleet\",\"isPartOf\":{\"@id\":\"https:\/\/carfleet.dev1.overscan.io\/de\/#website\"},\"primaryImageOfPage\":{\"@id\":\"https:\/\/carfleet.dev1.overscan.io\/de\/erfahrungsberichte\/#primaryimage\"},\"image\":{\"@id\":\"https:\/\/carfleet.dev1.overscan.io\/de\/erfahrungsberichte\/#primaryimage\"},\"thumbnailUrl\":\"https:\/\/gac.dev1.overscan.io\/app\/uploads\/sites\/2\/2025\/10\/temoignage-hero.jpg\",\"datePublished\":\"2025-10-07T12:28:07+00:00\",\"dateModified\":\"2025-12-01T11:58:17+00:00\",\"description\":\"Die Meinung von Flottenmanagern zu unseren Managementl\u00f6sungen. GAC Car Fleet - der franz\u00f6sische Marktf\u00fchrer im Bereich Flottenmanagement.\",\"breadcrumb\":{\"@id\":\"https:\/\/carfleet.dev1.overscan.io\/de\/erfahrungsberichte\/#breadcrumb\"},\"inLanguage\":\"de-DE\",\"potentialAction\":[{\"@type\":\"ReadAction\",\"target\":[\"https:\/\/carfleet.dev1.overscan.io\/de\/erfahrungsberichte\/\"]}]},{\"@type\":\"ImageObject\",\"inLanguage\":\"de-DE\",\"@id\":\"https:\/\/carfleet.dev1.overscan.io\/de\/erfahrungsberichte\/#primaryimage\",\"url\":\"https:\/\/gac.dev1.overscan.io\/app\/uploads\/sites\/2\/2025\/10\/temoignage-hero.jpg\",\"contentUrl\":\"https:\/\/gac.dev1.overscan.io\/app\/uploads\/sites\/2\/2025\/10\/temoignage-hero.jpg\",\"width\":900,\"height\":600},{\"@type\":\"BreadcrumbList\",\"@id\":\"https:\/\/carfleet.dev1.overscan.io\/de\/erfahrungsberichte\/#breadcrumb\",\"itemListElement\":[{\"@type\":\"ListItem\",\"position\":1,\"name\":\"Accueil\",\"item\":\"https:\/\/carfleet.dev1.overscan.io\/de\/\"},{\"@type\":\"ListItem\",\"position\":2,\"name\":\"Erfahrungsberichte\"}]},{\"@type\":\"WebSite\",\"@id\":\"https:\/\/carfleet.dev1.overscan.io\/de\/#website\",\"url\":\"https:\/\/carfleet.dev1.overscan.io\/de\/\",\"name\":\"GAC Car Fleet\",\"description\":\"Logiciels de gestion de flotte automobile\",\"publisher\":{\"@id\":\"https:\/\/carfleet.dev1.overscan.io\/de\/#organization\"},\"potentialAction\":[{\"@type\":\"SearchAction\",\"target\":{\"@type\":\"EntryPoint\",\"urlTemplate\":\"https:\/\/carfleet.dev1.overscan.io\/de\/?s={search_term_string}\"},\"query-input\":{\"@type\":\"PropertyValueSpecification\",\"valueRequired\":true,\"valueName\":\"search_term_string\"}}],\"inLanguage\":\"de-DE\"},{\"@type\":\"Organization\",\"@id\":\"https:\/\/carfleet.dev1.overscan.io\/de\/#organization\",\"name\":\"GAC Car Fleet\",\"url\":\"https:\/\/carfleet.dev1.overscan.io\/de\/\",\"logo\":{\"@type\":\"ImageObject\",\"inLanguage\":\"de-DE\",\"@id\":\"https:\/\/carfleet.dev1.overscan.io\/de\/#\/schema\/logo\/image\/\",\"url\":\"https:\/\/gac.dev1.overscan.io\/app\/uploads\/sites\/2\/2025\/12\/carfleet-logo.svg\",\"contentUrl\":\"https:\/\/gac.dev1.overscan.io\/app\/uploads\/sites\/2\/2025\/12\/carfleet-logo.svg\",\"caption\":\"GAC Car Fleet\"},\"image\":{\"@id\":\"https:\/\/carfleet.dev1.overscan.io\/de\/#\/schema\/logo\/image\/\"}}]}<\/script>\n<!-- \/ Yoast SEO plugin. -->","yoast_head_json":{"title":"Erfahrungsberichte - GAC Car Fleet","description":"Die Meinung von Flottenmanagern zu unseren Managementl\u00f6sungen. GAC Car Fleet - der franz\u00f6sische Marktf\u00fchrer im Bereich Flottenmanagement.","robots":{"index":"noindex","follow":"follow","max-snippet":"max-snippet:-1","max-image-preview":"max-image-preview:large","max-video-preview":"max-video-preview:-1"},"og_locale":"de_DE","og_type":"article","og_title":"Erfahrungsberichte - GAC Car Fleet","og_description":"Die Meinung von Flottenmanagern zu unseren Managementl\u00f6sungen. GAC Car Fleet - der franz\u00f6sische Marktf\u00fchrer im Bereich Flottenmanagement.","og_url":"https:\/\/carfleet.dev1.overscan.io\/de\/erfahrungsberichte\/","og_site_name":"GAC Car Fleet","article_modified_time":"2025-12-01T11:58:17+00:00","og_image":[{"width":900,"height":600,"url":"https:\/\/gac.dev1.overscan.io\/app\/uploads\/sites\/2\/2025\/10\/temoignage-hero.jpg","type":"image\/jpeg"}],"twitter_card":"summary_large_image","twitter_misc":{"Est. reading time":"1 minute"},"schema":{"@context":"https:\/\/schema.org","@graph":[{"@type":"WebPage","@id":"https:\/\/carfleet.dev1.overscan.io\/de\/erfahrungsberichte\/","url":"https:\/\/carfleet.dev1.overscan.io\/de\/erfahrungsberichte\/","name":"Erfahrungsberichte - GAC Car Fleet","isPartOf":{"@id":"https:\/\/carfleet.dev1.overscan.io\/de\/#website"},"primaryImageOfPage":{"@id":"https:\/\/carfleet.dev1.overscan.io\/de\/erfahrungsberichte\/#primaryimage"},"image":{"@id":"https:\/\/carfleet.dev1.overscan.io\/de\/erfahrungsberichte\/#primaryimage"},"thumbnailUrl":"https:\/\/gac.dev1.overscan.io\/app\/uploads\/sites\/2\/2025\/10\/temoignage-hero.jpg","datePublished":"2025-10-07T12:28:07+00:00","dateModified":"2025-12-01T11:58:17+00:00","description":"Die Meinung von Flottenmanagern zu unseren Managementl\u00f6sungen. GAC Car Fleet - der franz\u00f6sische Marktf\u00fchrer im Bereich Flottenmanagement.","breadcrumb":{"@id":"https:\/\/carfleet.dev1.overscan.io\/de\/erfahrungsberichte\/#breadcrumb"},"inLanguage":"de-DE","potentialAction":[{"@type":"ReadAction","target":["https:\/\/carfleet.dev1.overscan.io\/de\/erfahrungsberichte\/"]}]},{"@type":"ImageObject","inLanguage":"de-DE","@id":"https:\/\/carfleet.dev1.overscan.io\/de\/erfahrungsberichte\/#primaryimage","url":"https:\/\/gac.dev1.overscan.io\/app\/uploads\/sites\/2\/2025\/10\/temoignage-hero.jpg","contentUrl":"https:\/\/gac.dev1.overscan.io\/app\/uploads\/sites\/2\/2025\/10\/temoignage-hero.jpg","width":900,"height":600},{"@type":"BreadcrumbList","@id":"https:\/\/carfleet.dev1.overscan.io\/de\/erfahrungsberichte\/#breadcrumb","itemListElement":[{"@type":"ListItem","position":1,"name":"Accueil","item":"https:\/\/carfleet.dev1.overscan.io\/de\/"},{"@type":"ListItem","position":2,"name":"Erfahrungsberichte"}]},{"@type":"WebSite","@id":"https:\/\/carfleet.dev1.overscan.io\/de\/#website","url":"https:\/\/carfleet.dev1.overscan.io\/de\/","name":"GAC Car Fleet","description":"Logiciels de gestion de flotte automobile","publisher":{"@id":"https:\/\/carfleet.dev1.overscan.io\/de\/#organization"},"potentialAction":[{"@type":"SearchAction","target":{"@type":"EntryPoint","urlTemplate":"https:\/\/carfleet.dev1.overscan.io\/de\/?s={search_term_string}"},"query-input":{"@type":"PropertyValueSpecification","valueRequired":true,"valueName":"search_term_string"}}],"inLanguage":"de-DE"},{"@type":"Organization","@id":"https:\/\/carfleet.dev1.overscan.io\/de\/#organization","name":"GAC Car Fleet","url":"https:\/\/carfleet.dev1.overscan.io\/de\/","logo":{"@type":"ImageObject","inLanguage":"de-DE","@id":"https:\/\/carfleet.dev1.overscan.io\/de\/#\/schema\/logo\/image\/","url":"https:\/\/gac.dev1.overscan.io\/app\/uploads\/sites\/2\/2025\/12\/carfleet-logo.svg","contentUrl":"https:\/\/gac.dev1.overscan.io\/app\/uploads\/sites\/2\/2025\/12\/carfleet-logo.svg","caption":"GAC Car Fleet"},"image":{"@id":"https:\/\/carfleet.dev1.overscan.io\/de\/#\/schema\/logo\/image\/"}}]}},"jetpack_sharing_enabled":true,"_links":{"self":[{"href":"https:\/\/carfleet.dev1.overscan.io\/de\/wp-json\/wp\/v2\/pages\/47424","targetHints":{"allow":["GET"]}}],"collection":[{"href":"https:\/\/carfleet.dev1.overscan.io\/de\/wp-json\/wp\/v2\/pages"}],"about":[{"href":"https:\/\/carfleet.dev1.overscan.io\/de\/wp-json\/wp\/v2\/types\/page"}],"author":[{"embeddable":true,"href":"https:\/\/carfleet.dev1.overscan.io\/de\/wp-json\/wp\/v2\/users\/1"}],"replies":[{"embeddable":true,"href":"https:\/\/carfleet.dev1.overscan.io\/de\/wp-json\/wp\/v2\/comments?post=47424"}],"version-history":[{"count":1,"href":"https:\/\/carfleet.dev1.overscan.io\/de\/wp-json\/wp\/v2\/pages\/47424\/revisions"}],"predecessor-version":[{"id":47430,"href":"https:\/\/carfleet.dev1.overscan.io\/de\/wp-json\/wp\/v2\/pages\/47424\/revisions\/47430"}],"wp:featuredmedia":[{"embeddable":true,"href":"https:\/\/carfleet.dev1.overscan.io\/de\/wp-json\/wp\/v2\/media\/47427"}],"wp:attachment":[{"href":"https:\/\/carfleet.dev1.overscan.io\/de\/wp-json\/wp\/v2\/media?parent=47424"}],"curies":[{"name":"wp","href":"https:\/\/api.w.org\/{rel}","templated":true}]}}