{"id":47418,"date":"2025-10-27T11:50:26","date_gmt":"2025-10-27T10:50:26","guid":{"rendered":"https:\/\/carfleet.dev1.overscan.io\/datenschutzrichtlinie\/"},"modified":"2025-12-01T12:54:21","modified_gmt":"2025-12-01T11:54:21","slug":"datenschutzrichtlinie","status":"publish","type":"page","link":"https:\/\/carfleet.dev1.overscan.io\/de\/datenschutzrichtlinie\/","title":{"rendered":"Datenschutzrichtlinie"},"content":{"rendered":"\n<p><\/p>\n\n\n\n<p><\/p>\n\n\n\n<p><br>Die Website <a href=\"http:\/\/www.gac-technology.com\/\">wwww.gac-<\/a><a href=\"http:\/\/carfleet.dev1.overscan.io\/\">carfleet<\/a><a href=\"https:\/\/www.gac-technology.com\/\">.com<\/a> (im Folgenden \u201edie <strong>Website<\/strong>\u201c) wurde von der SAS GAC TECHNOLOGY (im Folgenden \u201e<strong>GAC TECHNOLOGY<\/strong>\u201c), einem Herausgeber von Managementsoftware f\u00fcr den gewerblichen Gebrauch (im Folgenden \u201eder <strong>Nutzer<\/strong>\u201c), entwickelt.<\/p>\n\n\n\n<p>Der Nutzer kann personenbezogene Daten (im Folgenden \u201edie Daten\u201c) \u00fcbermitteln, wenn er die Felder auf der Website ausf\u00fcllt, eine Kontaktanfrage stellt oder sich f\u00fcr personalisierte Demos oder Webkonferenzen anmeldet.<\/p>\n\n\n\n<p>\u201eSie\u201c, \u201eIhre\u201c, \u201eIhr\u201c, \u201eNutzer\u201c oder \u201eBesucher\u201c bezeichnet jede nat\u00fcrliche Person, die auf die Website zugreift und den Dienst nutzt, der dieser Datenschutzrichtlinie unterliegt.<\/p>\n\n\n\n<p><strong>GAC TECHNOLOGY<\/strong> legt gr\u00f6\u00dften Wert auf den Schutz Ihrer Informationen und personenbezogenen Daten.<\/p>\n\n\n\n<p>Aus diesem Grund wurde diese Datenschutzrichtlinie in \u00dcbereinstimmung mit den geltenden Gesetzen, Verordnungen und Normen erstellt und soll alle betroffenen Personen, insbesondere die Nutzer, klar, einfach und vollst\u00e4ndig dar\u00fcber informieren, wie  <strong>GAC TECHNOLOGY<\/strong>  als der f\u00fcr die Verarbeitung Verantwortliche Daten \u00fcber Sie sammelt und verwendet und wie Sie diese Verwendung kontrollieren und Ihre diesbez\u00fcglichen Rechte aus\u00fcben k\u00f6nnen. Sie erkl\u00e4rt, welche personenbezogenen Daten von der Website verarbeitet werden, wie sie verarbeitet werden, von wem und zu welchem Zweck.<\/p>\n\n\n\n<p>Die vorliegende Datenschutzrichtlinie gilt daher f\u00fcr alle Personen, die Zugang zur Website haben. Die Inhalte und Daten unseres Dienstes stehen auch einfachen Internetnutzern (\u201e<strong>Besuchern<\/strong>\u201c) zur Verf\u00fcgung.<\/p>\n\n\n\n<p>Um unsere Dienste nutzen zu d\u00fcrfen, m\u00fcssen Sie mindestens 16 Jahre alt sein; andernfalls sind Sie nicht berechtigt, unsere Dienste zu nutzen.<\/p>\n\n\n\n<p>Die Website wird ausschlie\u00dflich in den in Frankreich gelegenen Rechenzentren der Firma OVH gehostet.<\/p>\n\n\n\n<p>Der Verantwortliche f\u00fcr die Verarbeitung Ihrer personenbezogenen Daten ist die Firma GAC TECHNOLOGY, die im Handels- und Gesellschaftsregister Lyon unter der Nummer 500 168 208 eingetragen ist.<\/p>\n\n\n\n<h2 class=\"wp-block-heading\">1. Welche pers\u00f6nlichen Daten werden erhoben?<\/h2>\n\n\n\n<p>Folgende personenbezogenen Daten werden \u00fcber die Website erhoben:<\/p>\n\n\n\n<ul class=\"wp-block-list\">\n<li><strong>Identifikationsdaten<\/strong>: Bei der Kontaktanfrage des Nutzers erhebt GAC TECHNOLOGY den Namen, Vornamen, die E-Mail-Adresse und Telefonnummer sowie den Namen der Firma des Nutzers.<\/li>\n\n\n\n<li><strong>Navigationsdaten<\/strong>: Informationen \u00fcber die Ger\u00e4te, die der Nutzer f\u00fcr den Zugriff auf die Website verwendet, IP-Adresse, Verbindungsdaten, Internetbrowser und Inhalte, auf die Sie zugreifen.<\/li>\n\n\n\n<li><strong>Cookies<\/strong>: elektronische Identifikationsdaten. Cookies werden im Zusammenhang mit der Nutzung der Website verwendet. Der Nutzer hat die M\u00f6glichkeit, beim Browsen auf der Website zu w\u00e4hlen, ob er Cookies zul\u00e4sst. Wenn Sie Cookies blockieren oder ablehnen, die f\u00fcr den Betrieb der Website unbedingt erforderlich sind, stehen einige Funktionen m\u00f6glicherweise nicht zur Verf\u00fcgung.<\/li>\n<\/ul>\n\n\n\n<h2 class=\"wp-block-heading\">2. Verwendung personenbezogener Daten: Warum werden sie erhoben?<\/h2>\n\n\n\n<p>Die von den Nutzern erhobenen personenbezogenen Daten dienen dem Zweck, die Verbindung zwischen den Nutzern und GAC TECHNOLOGY zu erm\u00f6glichen sowie die Verbesserung und Aufrechterhaltung einer sicheren Umgebung f\u00fcr die Website zu gew\u00e4hrleisten.<\/p>\n\n\n\n<p>Die Verwendungen im Einzelnen:<\/p>\n\n\n\n<ul class=\"wp-block-list\">\n<li>Zugang und Nutzung der Website durch den Nutzer: Wir ben\u00f6tigen Ihre Daten, um Ihre Kontaktanfrage zu verwalten und eine pers\u00f6nliche Bearbeitung zu gew\u00e4hrleisten,<\/li>\n\n\n\n<li>Verwaltung des Betriebs und Optimierung der Website: Ihre Daten werden f\u00fcr analytische Zwecke verwendet. Wir speichern Informationen \u00fcber Ihre letzten Besuche auf der Website und die Art und Weise, wie Sie navigieren und werten diese aus, um zu verstehen, wie Besucher unsere Website nutzen, um sie intuitiver zu gestalten und den Betrieb der Website zu optimieren,<\/li>\n\n\n\n<li>\u00dcberpr\u00fcfung, Identifizierung und Authentifizierung der vom Nutzer \u00fcbermittelten Daten,<\/li>\n\n\n\n<li>Personalisierung des Dienstes durch die Anzeige von Werbung, die auf dem Browserverlauf des Nutzers basiert und seinen Vorlieben entspricht: Wir speichern den Verlauf der Artikel auf unserer Website, auf die Sie geklickt haben, und verwenden diese Informationen, um die Anzeige der Website an Ihre Interessen anzupassen,<\/li>\n\n\n\n<li>Verhinderung und Erkennung von Betrug, Malware (Schadsoftware) und Verwaltung von Sicherheitsvorf\u00e4llen,<\/li>\n\n\n\n<li>Beilegung m\u00f6glicher Streitigkeiten zwischen den Parteien,<\/li>\n\n\n\n<li>Zusendung von Gesch\u00e4fts- und Werbeinformationen, wenn der Nutzer diese akzeptiert hat, und<\/li>\n\n\n\n<li>Automatisierte Profilerstellung von Nutzern zum Zwecke der Marktforschung, um die Verwaltung der Website zu verbessern (Kontrollk\u00e4stchen).<\/li>\n<\/ul>\n\n\n\n<h2 class=\"wp-block-heading\">3. Weitergabe der personenbezogenen Daten der Nutzer an Subunternehmer von GAC TECHNOLOGY und Drittanbieter: Wer hat Zugang zu Ihren personenbezogenen Daten?<\/h2>\n\n\n\n<p>Ihre Daten werden ausschlie\u00dflich von GAC TECHNOLOGY verwendet. Sie d\u00fcrfen nur an die nachstehenden Empf\u00e4nger weitergegeben werden, sofern die Weitergabe der besagten Daten f\u00fcr die Erf\u00fcllung der unter dem vorstehenden Punkt 2) genannten Zwecke unerl\u00e4sslich ist.<\/p>\n\n\n\n<p>Die personenbezogenen Daten des Nutzers k\u00f6nnen mit den Subunternehmern von GAC TECHNOLOGY und Drittanbietern im Rahmen der Durchf\u00fchrung der Hosting- und Wartungsleistungen f\u00fcr die Kundendatenbank(en) geteilt werden.<\/p>\n\n\n\n<p>Diese Dienstleister haben im Rahmen der Erbringung ihrer Leistungen einen begrenzten Zugang zu den Daten und sind vertraglich verpflichtet, die Daten in \u00dcbereinstimmung mit den geltenden Vorschriften zum Schutz personenbezogener Daten zu verwenden.<\/p>\n\n\n\n<ul class=\"wp-block-list\">\n<li>Wenn es gesetzlich vorgeschrieben ist, kann GAC TECHNOLOGY die \u00dcbermittlung von Daten vornehmen, um gesetzlichen oder regulatorischen Anforderungen, Gerichtsbeschl\u00fcssen, Vorladungen oder Rechtsverfahren nachzukommen, sowie zur Einhaltung von Verwaltungs- und Gerichtsverfahren.<\/li>\n\n\n\n<li>Falls GAC TECHNOLOGY an einer Fusion, \u00dcbernahme, Ver\u00e4u\u00dferung von Verm\u00f6genswerten oder einem Insolvenzverfahren beteiligt ist, kann es erforderlich sein, alle oder einen Teil seiner Verm\u00f6genswerte, einschlie\u00dflich personenbezogener Daten, zu ver\u00e4u\u00dfern oder zu teilen. In diesem Fall werden die Nutzer informiert, bevor die personenbezogenen Daten an eine Drittpartei weitergegeben werden.<\/li>\n<\/ul>\n\n\n\n<h2 class=\"wp-block-heading\">4. Aufbewahrungsdauer<\/h2>\n\n\n\n<p>In \u00dcbereinstimmung mit dem Gesetz werden Ihre personenbezogenen Daten nur so lange aufbewahrt, wie es notwendig ist, um die oben genannten Zwecke zu erf\u00fcllen oder um GAC TECHNOLOGY die Erf\u00fcllung seiner gesetzlichen Verpflichtungen zu erm\u00f6glichen.<\/p>\n\n\n\n<p>Die bei Ihrer Kontaktanfrage erhobenen Daten werden daher so lange gespeichert, wie es f\u00fcr ihre Verarbeitung erforderlich ist..<\/p>\n\n\n\n<p>Personenbezogene Daten, die zu Zwecken der Gesch\u00e4ftsanbahnung verwendet werden, k\u00f6nnen f\u00fcr einen Zeitraum von maximal drei (3) Jahren nach Beendigung der Gesch\u00e4ftsbeziehung aufbewahrt werden.<\/p>\n\n\n\n<h2 class=\"wp-block-heading\">5. \u00dcbertragung von personenbezogenen Daten ins Ausland<\/h2>\n\n\n\n<p>GAC TECHNOLOGY informiert den Nutzer, dass derzeit keine \u00dcbertragung von personenbezogenen Daten au\u00dferhalb der EU stattfindet. Die verarbeiteten Daten werden in Frankreich oder im Europ\u00e4ischen Wirtschaftsraum gehostet.<\/p>\n\n\n\n<p>In jedem Fall verpflichtet sich GAC TECHNOLOGY, die gesetzlichen Bestimmungen bez\u00fcglich der \u00dcbertragung von personenbezogenen Daten ins Ausland einzuhalten: Jede Daten\u00fcbertragung au\u00dferhalb der EU basiert auf einer Angemessenheitsentscheidung, die durch Standardvertragsklauseln zum Datenschutz oder Ad-hoc-Vertragsklauseln geregelt ist, die zuvor von der franz\u00f6sischen Datenschutzbeh\u00f6rde CNIL genehmigt wurden.<\/p>\n\n\n\n<h2 class=\"wp-block-heading\">6. Sicherheit und Datenschutz<\/h2>\n\n\n\n<p>GAC TECHNOLOGY setzt organisatorische, technische, softwarebasierte und physische Ma\u00dfnahmen im Bereich der digitalen Sicherheit ein, um personenbezogene Daten vor Ver\u00e4nderung, Zerst\u00f6rung und unberechtigtem Zugriff zu sch\u00fctzen. Es wird jedoch darauf hingewiesen, dass das Internet keine vollst\u00e4ndig sichere Umgebung ist, da keine Technologie zu 100&nbsp;% zuverl\u00e4ssig ist, und die Website die Sicherheit der \u00dcbertragung oder Speicherung von Informationen \u00fcber das Internet nicht garantieren kann.<\/p>\n\n\n\n<p>Die Einhaltung der Sicherheit und des Schutzes Ihrer Daten ist f\u00fcr alle unsere Mitarbeitenden sowie f\u00fcr unsere Dienstleister verbindlich.<\/p>\n\n\n\n<h2 class=\"wp-block-heading\">7. Durchsetzung der Rechte der Nutzer<\/h2>\n\n\n\n<p>In Anwendung der geltenden Vorschriften \u00fcber personenbezogene Daten haben die Nutzer folgende Rechte:<\/p>\n\n\n\n<ul class=\"wp-block-list\">\n<li>Sie k\u00f6nnen verlangen, \u00fcber die Verwendung Ihrer personenbezogenen Daten durch GAC TECHNOLOGY informiert zu werden.<\/li>\n\n\n\n<li>Sie k\u00f6nnen Ihre Daten aktualisieren oder l\u00f6schen lassen, indem Sie an folgende E-Mail-Adresse schreiben: <a href=\"mailto:contact@gac-technology.com\">contact@gac-<\/a>software.com.<\/li>\n\n\n\n<li>Sie k\u00f6nnen Ihr Recht auf Auskunft \u00fcber die Sie betreffenden personenbezogenen Daten aus\u00fcben, indem Sie an folgende E-Mail-Adresse schreiben: <a href=\"mailto:contact@gac-technology.com\">contact@gac.dev1.overscan.io<\/a>. In diesem Fall kann GAC TECHNOLOGY vor der Aus\u00fcbung dieses Rechts einen Nachweis \u00fcber die Identit\u00e4t des Nutzers verlangen, um deren Richtigkeit zu \u00fcberpr\u00fcfen.<\/li>\n\n\n\n<li>Wenn die von GAC TECHNOLOGY gespeicherten personenbezogenen Daten unrichtig sind, k\u00f6nnen Sie die Aktualisierung der Informationen verlangen, indem Sie an die folgende E-Mail-Adresse schreiben: <a href=\"mailto:contact@gac-technology.com\">contact@<\/a>gac.dev1.overscan.io.<\/li>\n\n\n\n<li>Nutzer k\u00f6nnen die L\u00f6schung ihrer personenbezogenen Daten gem\u00e4\u00df den geltenden Datenschutzgesetzen beantragen, indem sie an folgende E-Mail-Adresse schreiben: <a href=\"mailto:contact@gac-technology.com\">contact@<\/a><span style=\"text-decoration: underline\">gac.dev1.overscan.io<\/span>.<\/li>\n\n\n\n<li>Sie k\u00f6nnen auch Ihre Zustimmung zum Erhalt von Direktmarketing-Nachrichten widerrufen und sich der Verarbeitung Ihrer Daten widersetzen.<\/li>\n<\/ul>\n\n\n\n<h2 class=\"wp-block-heading\">8. Entwicklung der Richtlinie zum Schutz personenbezogener Daten<\/h2>\n\n\n\n<p>GAC TECHNOLOGY beh\u00e4lt sich das Recht vor, jederzeit \u00c4nderungen an dieser Datenschutzrichtlinie vorzunehmen. Im Falle einer \u00c4nderung dieser Datenschutzrichtlinie ver\u00f6ffentlicht GAC TECHNOLOGY die neue Version auf der Website. GAC TECHNOLOGY informiert die Nutzer zudem per E-Mail \u00fcber die \u00c4nderung, und zwar mindestens f\u00fcnfzehn (15) Tage vor dem Datum des Inkrafttretens. Wenn der Nutzer mit den Bedingungen der neu formulierten Datenschutzrichtlinie nicht einverstanden ist, hat er die M\u00f6glichkeit, die L\u00f6schung seiner personenbezogenen Daten durch GAC TECHNOLOGY zu verlangen.<\/p>\n\n\n\n<h2 class=\"wp-block-heading\">9. Mehr erfahren<\/h2>\n\n\n\n<p>Um mehr \u00fcber unsere Richtlinie zum Schutz personenbezogener Daten zu erfahren, k\u00f6nnen Sie GAC TECHNOLOGY unter folgender Adresse kontaktieren: 26 rue de la Gare &#8211; 69009 LYON &#8211; Frankreich<\/p>\n\n\n\n<p>Oder \u00fcber folgende E-Mail-Adresse: <a href=\"mailto:contact@gac-technology.com\">contact@gac.dev1.overscan.io<\/a><\/p>\n\n\n\n<h2 class=\"wp-block-heading\">10. Cookie-Richtlinie<\/h2>\n\n\n\n<p>Cookies dienen dazu, die Navigation auf Websites zu erleichtern und die Verfahren zur Registrierung oder Messung des Besucherverkehrs zu rationalisieren. GAC TECHNOLOGY informiert den Nutzer, dass Cookies bestimmte Informationen aufzeichnen, die im Speicher des Rechners des Nutzers abgelegt werden. Wir verwenden Tracking-Technologien, insbesondere Cookies, um die Werbung auf unseren Websites an Ihre Bed\u00fcrfnisse und Interessen anzupassen.<\/p>\n\n\n\n<p>Beim Navigieren auf der Website wird ein Banner angezeigt, das die Verwendung von \u201e<em>Cookies<\/em>\u201c erl\u00e4utert. Der Nutzer hat die M\u00f6glichkeit, die Verwendung von Cookies zu akzeptieren oder abzulehnen.<\/p>\n\n\n\n<p><strong>Cookies auf den Websites<\/strong><\/p>\n\n\n\n<p>GAC TECHNOLOGY verwendet Cookies, um Inhalte und einen auf den Nutzer zugeschnittenen Service anzubieten und es GAC TECHNOLOGY zu erm\u00f6glichen, Besuchsstatistiken zu erstellen, die \u00fcbermittelten Daten zu speichern sowie die Navigationswege zu optimieren.<\/p>\n\n\n\n<p>Auf der Website sind mehrere Arten von Cookies vorhanden. Es handelt sich um Cookies, die folgenden Zwecken dienen:<\/p>\n\n\n\n<ul class=\"wp-block-list\">\n<li>Cookies, die f\u00fcr den Betrieb der Website erforderlich sind,<\/li>\n\n\n\n<li>Cookies, die f\u00fcr die Messung des Besucherverkehrs verwendet werden,<\/li>\n\n\n\n<li>Cookies, die im Zusammenhang mit der Geolokalisierung von Inhalten verwendet werden,<\/li>\n\n\n\n<li>Cookies zur Identifizierung.<\/li>\n<\/ul>\n\n\n\n<p><strong>Cookies, die f\u00fcr den Betrieb der Website erforderlich sind:<\/strong><\/p>\n\n\n\n<p>Diese Cookies sind notwendig, damit die Website ordnungsgem\u00e4\u00df funktioniert und Sie auf der Website navigieren k\u00f6nnen. Sie erm\u00f6glichen dem Nutzer den Zugriff auf die Hauptfunktionen der Website. Hinweis: Die Cookie-Einstellungen k\u00f6nnen die Bedingungen f\u00fcr den Zugriff auf den Dienst, der die Verwendung von Cookies erfordert, beeinflussen. Wenn der Browser so eingestellt ist, dass er alle Cookies ablehnt, kann der Nutzer nicht auf die Funktionen der Website zugreifen, da er nicht authentifiziert werden kann. Damit der Nutzer eine eindeutige und g\u00fcltige Zustimmung erteilen kann, hat er die M\u00f6glichkeit, seine Auswahl nach Zweck zu treffen.<\/p>\n","protected":false},"excerpt":{"rendered":"<p>Die Website wwww.gac-carfleet.com (im Folgenden \u201edie Website\u201c) wurde von der SAS GAC TECHNOLOGY (im Folgenden \u201eGAC TECHNOLOGY\u201c), einem Herausgeber von Managementsoftware f\u00fcr den gewerblichen Gebrauch (im Folgenden \u201eder Nutzer\u201c), entwickelt. Der Nutzer kann personenbezogene Daten (im Folgenden \u201edie Daten\u201c) \u00fcbermitteln, wenn er die Felder auf der Website ausf\u00fcllt, eine Kontaktanfrage stellt oder sich f\u00fcr personalisierte [&hellip;]<\/p>\n","protected":false},"author":8,"featured_media":47384,"parent":0,"menu_order":0,"comment_status":"closed","ping_status":"closed","template":"","meta":{"ovs_hero_subtitle":"","ovs_hero_text_content":"","ovs_hero_button_text":"","ovs_hero_button_url":"","ovs_hero_button_two_text":"","ovs_hero_button_two_url":"","ovs_hero_is_elispe":"yes","footnotes":""},"class_list":["post-47418","page","type-page","status-publish","has-post-thumbnail","hentry"],"yoast_head":"<!-- This site is optimized with the Yoast SEO plugin v27.1.1 - https:\/\/yoast.com\/product\/yoast-seo-wordpress\/ -->\n<title>Datenschutzrichtlinie - GAC Car Fleet<\/title>\n<meta name=\"robots\" content=\"noindex, follow, max-snippet:-1, max-image-preview:large, max-video-preview:-1\" \/>\n<meta property=\"og:locale\" content=\"de_DE\" \/>\n<meta property=\"og:type\" content=\"article\" \/>\n<meta property=\"og:title\" content=\"Datenschutzrichtlinie - GAC Car Fleet\" \/>\n<meta property=\"og:description\" content=\"Die Website wwww.gac-carfleet.com (im Folgenden \u201edie Website\u201c) wurde von der SAS GAC TECHNOLOGY (im Folgenden \u201eGAC TECHNOLOGY\u201c), einem Herausgeber von Managementsoftware f\u00fcr den gewerblichen Gebrauch (im Folgenden \u201eder Nutzer\u201c), entwickelt. Der Nutzer kann personenbezogene Daten (im Folgenden \u201edie Daten\u201c) \u00fcbermitteln, wenn er die Felder auf der Website ausf\u00fcllt, eine Kontaktanfrage stellt oder sich f\u00fcr personalisierte [&hellip;]\" \/>\n<meta property=\"og:url\" content=\"https:\/\/carfleet.dev1.overscan.io\/de\/datenschutzrichtlinie\/\" \/>\n<meta property=\"og:site_name\" content=\"GAC Car Fleet\" \/>\n<meta property=\"article:modified_time\" content=\"2025-12-01T11:54:21+00:00\" \/>\n<meta property=\"og:image\" content=\"https:\/\/gac.dev1.overscan.io\/app\/uploads\/sites\/2\/2025\/10\/Design-sans-titre-5.png\" \/>\n\t<meta property=\"og:image:width\" content=\"1024\" \/>\n\t<meta property=\"og:image:height\" content=\"683\" \/>\n\t<meta property=\"og:image:type\" content=\"image\/png\" \/>\n<meta name=\"twitter:card\" content=\"summary_large_image\" \/>\n<meta name=\"twitter:label1\" content=\"Est. reading time\" \/>\n\t<meta name=\"twitter:data1\" content=\"9 minutes\" \/>\n<script type=\"application\/ld+json\" class=\"yoast-schema-graph\">{\"@context\":\"https:\/\/schema.org\",\"@graph\":[{\"@type\":\"WebPage\",\"@id\":\"https:\/\/carfleet.dev1.overscan.io\/de\/datenschutzrichtlinie\/\",\"url\":\"https:\/\/carfleet.dev1.overscan.io\/de\/datenschutzrichtlinie\/\",\"name\":\"Datenschutzrichtlinie - GAC Car Fleet\",\"isPartOf\":{\"@id\":\"https:\/\/carfleet.dev1.overscan.io\/de\/#website\"},\"primaryImageOfPage\":{\"@id\":\"https:\/\/carfleet.dev1.overscan.io\/de\/datenschutzrichtlinie\/#primaryimage\"},\"image\":{\"@id\":\"https:\/\/carfleet.dev1.overscan.io\/de\/datenschutzrichtlinie\/#primaryimage\"},\"thumbnailUrl\":\"https:\/\/gac.dev1.overscan.io\/app\/uploads\/sites\/2\/2025\/10\/Design-sans-titre-5.png\",\"datePublished\":\"2025-10-27T10:50:26+00:00\",\"dateModified\":\"2025-12-01T11:54:21+00:00\",\"breadcrumb\":{\"@id\":\"https:\/\/carfleet.dev1.overscan.io\/de\/datenschutzrichtlinie\/#breadcrumb\"},\"inLanguage\":\"de-DE\",\"potentialAction\":[{\"@type\":\"ReadAction\",\"target\":[\"https:\/\/carfleet.dev1.overscan.io\/de\/datenschutzrichtlinie\/\"]}]},{\"@type\":\"ImageObject\",\"inLanguage\":\"de-DE\",\"@id\":\"https:\/\/carfleet.dev1.overscan.io\/de\/datenschutzrichtlinie\/#primaryimage\",\"url\":\"https:\/\/gac.dev1.overscan.io\/app\/uploads\/sites\/2\/2025\/10\/Design-sans-titre-5.png\",\"contentUrl\":\"https:\/\/gac.dev1.overscan.io\/app\/uploads\/sites\/2\/2025\/10\/Design-sans-titre-5.png\",\"width\":1024,\"height\":683},{\"@type\":\"BreadcrumbList\",\"@id\":\"https:\/\/carfleet.dev1.overscan.io\/de\/datenschutzrichtlinie\/#breadcrumb\",\"itemListElement\":[{\"@type\":\"ListItem\",\"position\":1,\"name\":\"Accueil\",\"item\":\"https:\/\/carfleet.dev1.overscan.io\/de\/\"},{\"@type\":\"ListItem\",\"position\":2,\"name\":\"Datenschutzrichtlinie\"}]},{\"@type\":\"WebSite\",\"@id\":\"https:\/\/carfleet.dev1.overscan.io\/de\/#website\",\"url\":\"https:\/\/carfleet.dev1.overscan.io\/de\/\",\"name\":\"GAC Car Fleet\",\"description\":\"Logiciels de gestion de flotte automobile\",\"publisher\":{\"@id\":\"https:\/\/carfleet.dev1.overscan.io\/de\/#organization\"},\"potentialAction\":[{\"@type\":\"SearchAction\",\"target\":{\"@type\":\"EntryPoint\",\"urlTemplate\":\"https:\/\/carfleet.dev1.overscan.io\/de\/?s={search_term_string}\"},\"query-input\":{\"@type\":\"PropertyValueSpecification\",\"valueRequired\":true,\"valueName\":\"search_term_string\"}}],\"inLanguage\":\"de-DE\"},{\"@type\":\"Organization\",\"@id\":\"https:\/\/carfleet.dev1.overscan.io\/de\/#organization\",\"name\":\"GAC Car Fleet\",\"url\":\"https:\/\/carfleet.dev1.overscan.io\/de\/\",\"logo\":{\"@type\":\"ImageObject\",\"inLanguage\":\"de-DE\",\"@id\":\"https:\/\/carfleet.dev1.overscan.io\/de\/#\/schema\/logo\/image\/\",\"url\":\"https:\/\/gac.dev1.overscan.io\/app\/uploads\/sites\/2\/2025\/12\/carfleet-logo.svg\",\"contentUrl\":\"https:\/\/gac.dev1.overscan.io\/app\/uploads\/sites\/2\/2025\/12\/carfleet-logo.svg\",\"caption\":\"GAC Car Fleet\"},\"image\":{\"@id\":\"https:\/\/carfleet.dev1.overscan.io\/de\/#\/schema\/logo\/image\/\"}}]}<\/script>\n<!-- \/ Yoast SEO plugin. -->","yoast_head_json":{"title":"Datenschutzrichtlinie - GAC Car Fleet","robots":{"index":"noindex","follow":"follow","max-snippet":"max-snippet:-1","max-image-preview":"max-image-preview:large","max-video-preview":"max-video-preview:-1"},"og_locale":"de_DE","og_type":"article","og_title":"Datenschutzrichtlinie - GAC Car Fleet","og_description":"Die Website wwww.gac-carfleet.com (im Folgenden \u201edie Website\u201c) wurde von der SAS GAC TECHNOLOGY (im Folgenden \u201eGAC TECHNOLOGY\u201c), einem Herausgeber von Managementsoftware f\u00fcr den gewerblichen Gebrauch (im Folgenden \u201eder Nutzer\u201c), entwickelt. Der Nutzer kann personenbezogene Daten (im Folgenden \u201edie Daten\u201c) \u00fcbermitteln, wenn er die Felder auf der Website ausf\u00fcllt, eine Kontaktanfrage stellt oder sich f\u00fcr personalisierte [&hellip;]","og_url":"https:\/\/carfleet.dev1.overscan.io\/de\/datenschutzrichtlinie\/","og_site_name":"GAC Car Fleet","article_modified_time":"2025-12-01T11:54:21+00:00","og_image":[{"width":1024,"height":683,"url":"https:\/\/gac.dev1.overscan.io\/app\/uploads\/sites\/2\/2025\/10\/Design-sans-titre-5.png","type":"image\/png"}],"twitter_card":"summary_large_image","twitter_misc":{"Est. reading time":"9 minutes"},"schema":{"@context":"https:\/\/schema.org","@graph":[{"@type":"WebPage","@id":"https:\/\/carfleet.dev1.overscan.io\/de\/datenschutzrichtlinie\/","url":"https:\/\/carfleet.dev1.overscan.io\/de\/datenschutzrichtlinie\/","name":"Datenschutzrichtlinie - GAC Car Fleet","isPartOf":{"@id":"https:\/\/carfleet.dev1.overscan.io\/de\/#website"},"primaryImageOfPage":{"@id":"https:\/\/carfleet.dev1.overscan.io\/de\/datenschutzrichtlinie\/#primaryimage"},"image":{"@id":"https:\/\/carfleet.dev1.overscan.io\/de\/datenschutzrichtlinie\/#primaryimage"},"thumbnailUrl":"https:\/\/gac.dev1.overscan.io\/app\/uploads\/sites\/2\/2025\/10\/Design-sans-titre-5.png","datePublished":"2025-10-27T10:50:26+00:00","dateModified":"2025-12-01T11:54:21+00:00","breadcrumb":{"@id":"https:\/\/carfleet.dev1.overscan.io\/de\/datenschutzrichtlinie\/#breadcrumb"},"inLanguage":"de-DE","potentialAction":[{"@type":"ReadAction","target":["https:\/\/carfleet.dev1.overscan.io\/de\/datenschutzrichtlinie\/"]}]},{"@type":"ImageObject","inLanguage":"de-DE","@id":"https:\/\/carfleet.dev1.overscan.io\/de\/datenschutzrichtlinie\/#primaryimage","url":"https:\/\/gac.dev1.overscan.io\/app\/uploads\/sites\/2\/2025\/10\/Design-sans-titre-5.png","contentUrl":"https:\/\/gac.dev1.overscan.io\/app\/uploads\/sites\/2\/2025\/10\/Design-sans-titre-5.png","width":1024,"height":683},{"@type":"BreadcrumbList","@id":"https:\/\/carfleet.dev1.overscan.io\/de\/datenschutzrichtlinie\/#breadcrumb","itemListElement":[{"@type":"ListItem","position":1,"name":"Accueil","item":"https:\/\/carfleet.dev1.overscan.io\/de\/"},{"@type":"ListItem","position":2,"name":"Datenschutzrichtlinie"}]},{"@type":"WebSite","@id":"https:\/\/carfleet.dev1.overscan.io\/de\/#website","url":"https:\/\/carfleet.dev1.overscan.io\/de\/","name":"GAC Car Fleet","description":"Logiciels de gestion de flotte automobile","publisher":{"@id":"https:\/\/carfleet.dev1.overscan.io\/de\/#organization"},"potentialAction":[{"@type":"SearchAction","target":{"@type":"EntryPoint","urlTemplate":"https:\/\/carfleet.dev1.overscan.io\/de\/?s={search_term_string}"},"query-input":{"@type":"PropertyValueSpecification","valueRequired":true,"valueName":"search_term_string"}}],"inLanguage":"de-DE"},{"@type":"Organization","@id":"https:\/\/carfleet.dev1.overscan.io\/de\/#organization","name":"GAC Car Fleet","url":"https:\/\/carfleet.dev1.overscan.io\/de\/","logo":{"@type":"ImageObject","inLanguage":"de-DE","@id":"https:\/\/carfleet.dev1.overscan.io\/de\/#\/schema\/logo\/image\/","url":"https:\/\/gac.dev1.overscan.io\/app\/uploads\/sites\/2\/2025\/12\/carfleet-logo.svg","contentUrl":"https:\/\/gac.dev1.overscan.io\/app\/uploads\/sites\/2\/2025\/12\/carfleet-logo.svg","caption":"GAC Car Fleet"},"image":{"@id":"https:\/\/carfleet.dev1.overscan.io\/de\/#\/schema\/logo\/image\/"}}]}},"jetpack_sharing_enabled":true,"_links":{"self":[{"href":"https:\/\/carfleet.dev1.overscan.io\/de\/wp-json\/wp\/v2\/pages\/47418","targetHints":{"allow":["GET"]}}],"collection":[{"href":"https:\/\/carfleet.dev1.overscan.io\/de\/wp-json\/wp\/v2\/pages"}],"about":[{"href":"https:\/\/carfleet.dev1.overscan.io\/de\/wp-json\/wp\/v2\/types\/page"}],"author":[{"embeddable":true,"href":"https:\/\/carfleet.dev1.overscan.io\/de\/wp-json\/wp\/v2\/users\/8"}],"replies":[{"embeddable":true,"href":"https:\/\/carfleet.dev1.overscan.io\/de\/wp-json\/wp\/v2\/comments?post=47418"}],"version-history":[{"count":2,"href":"https:\/\/carfleet.dev1.overscan.io\/de\/wp-json\/wp\/v2\/pages\/47418\/revisions"}],"predecessor-version":[{"id":48117,"href":"https:\/\/carfleet.dev1.overscan.io\/de\/wp-json\/wp\/v2\/pages\/47418\/revisions\/48117"}],"wp:featuredmedia":[{"embeddable":true,"href":"https:\/\/carfleet.dev1.overscan.io\/de\/wp-json\/wp\/v2\/media\/47384"}],"wp:attachment":[{"href":"https:\/\/carfleet.dev1.overscan.io\/de\/wp-json\/wp\/v2\/media?parent=47418"}],"curies":[{"name":"wp","href":"https:\/\/api.w.org\/{rel}","templated":true}]}}